{"id":29738,"date":"2025-12-28T09:57:58","date_gmt":"2025-12-28T09:57:58","guid":{"rendered":"https:\/\/instrava.com\/?post_type=product&#038;p=29738"},"modified":"2026-03-25T09:02:01","modified_gmt":"2026-03-25T09:02:01","slug":"transmisor-de-presion-diferencial","status":"publish","type":"product","link":"https:\/\/instrava.com\/es\/producto\/transmisor-de-presion-diferencial\/","title":{"rendered":"Transmisor de presi\u00f3n diferencial"},"content":{"rendered":"","protected":false},"excerpt":{"rendered":"","protected":false},"featured_media":29736,"template":"","categories":[246,60],"tags":[],"class_list":["post-29738","product","type-product","status-publish","has-post-thumbnail","hentry","category-pressure-transmitters","category-transmitters"],"acf":[],"yoast_head":"<!-- This site is optimized with the Yoast SEO plugin v27.5 - https:\/\/yoast.com\/product\/yoast-seo-wordpress\/ -->\n<title>Differential Pressure Transmitter - Instrava<\/title>\n<meta name=\"description\" content=\"Intelligent differential pressure transmitters with capacitive sensors provide precise flow, level, and pressure measurement. Compact, reliable, and OEM\/ODM customizable.\" \/>\n<meta name=\"robots\" content=\"index, follow, max-snippet:-1, max-image-preview:large, max-video-preview:-1\" \/>\n<link rel=\"canonical\" href=\"https:\/\/instrava.com\/es\/producto\/transmisor-de-presion-diferencial\/\" \/>\n<meta property=\"og:locale\" content=\"es_ES\" \/>\n<meta property=\"og:type\" content=\"article\" \/>\n<meta property=\"og:title\" content=\"Differential Pressure Transmitter - Instrava\" \/>\n<meta property=\"og:description\" content=\"Intelligent differential pressure transmitters with capacitive sensors provide precise flow, level, and pressure measurement. Compact, reliable, and OEM\/ODM customizable.\" \/>\n<meta property=\"og:url\" content=\"https:\/\/instrava.com\/es\/producto\/transmisor-de-presion-diferencial\/\" \/>\n<meta property=\"og:site_name\" content=\"Instrava\" \/>\n<meta property=\"article:modified_time\" content=\"2026-03-25T09:02:01+00:00\" \/>\n<meta property=\"og:image\" content=\"https:\/\/instrava.com\/wp-content\/uploads\/2025\/12\/pressure-transmitter.webp\" \/>\n\t<meta property=\"og:image:width\" content=\"900\" \/>\n\t<meta property=\"og:image:height\" content=\"900\" \/>\n\t<meta property=\"og:image:type\" content=\"image\/webp\" \/>\n<meta name=\"twitter:card\" content=\"summary_large_image\" \/>\n<meta name=\"twitter:label1\" content=\"Tiempo de lectura\" \/>\n\t<meta name=\"twitter:data1\" content=\"1 minuto\" \/>\n<script type=\"application\/ld+json\" class=\"yoast-schema-graph\">{\"@context\":\"https:\\\/\\\/schema.org\",\"@graph\":[{\"@type\":\"WebPage\",\"@id\":\"https:\\\/\\\/instrava.com\\\/product\\\/differential-pressure-transmitter\\\/\",\"url\":\"https:\\\/\\\/instrava.com\\\/product\\\/differential-pressure-transmitter\\\/\",\"name\":\"Differential Pressure Transmitter - Instrava\",\"isPartOf\":{\"@id\":\"https:\\\/\\\/instrava.com\\\/#website\"},\"primaryImageOfPage\":{\"@id\":\"https:\\\/\\\/instrava.com\\\/product\\\/differential-pressure-transmitter\\\/#primaryimage\"},\"image\":{\"@id\":\"https:\\\/\\\/instrava.com\\\/product\\\/differential-pressure-transmitter\\\/#primaryimage\"},\"thumbnailUrl\":\"https:\\\/\\\/instrava.com\\\/wp-content\\\/uploads\\\/2025\\\/12\\\/pressure-transmitter.webp\",\"datePublished\":\"2025-12-28T09:57:58+00:00\",\"dateModified\":\"2026-03-25T09:02:01+00:00\",\"description\":\"Intelligent differential pressure transmitters with capacitive sensors provide precise flow, level, and pressure measurement. Compact, reliable, and OEM\\\/ODM customizable.\",\"breadcrumb\":{\"@id\":\"https:\\\/\\\/instrava.com\\\/product\\\/differential-pressure-transmitter\\\/#breadcrumb\"},\"inLanguage\":\"es\",\"potentialAction\":[{\"@type\":\"ReadAction\",\"target\":[\"https:\\\/\\\/instrava.com\\\/product\\\/differential-pressure-transmitter\\\/\"]}]},{\"@type\":\"ImageObject\",\"inLanguage\":\"es\",\"@id\":\"https:\\\/\\\/instrava.com\\\/product\\\/differential-pressure-transmitter\\\/#primaryimage\",\"url\":\"https:\\\/\\\/instrava.com\\\/wp-content\\\/uploads\\\/2025\\\/12\\\/pressure-transmitter.webp\",\"contentUrl\":\"https:\\\/\\\/instrava.com\\\/wp-content\\\/uploads\\\/2025\\\/12\\\/pressure-transmitter.webp\",\"width\":900,\"height\":900,\"caption\":\"Industrial pressure transmitter with digital display and threaded process connection.\"},{\"@type\":\"BreadcrumbList\",\"@id\":\"https:\\\/\\\/instrava.com\\\/product\\\/differential-pressure-transmitter\\\/#breadcrumb\",\"itemListElement\":[{\"@type\":\"ListItem\",\"position\":1,\"name\":\"Home\",\"item\":\"https:\\\/\\\/instrava.com\\\/\"},{\"@type\":\"ListItem\",\"position\":2,\"name\":\"Products\",\"item\":\"https:\\\/\\\/instrava.com\\\/product\\\/\"},{\"@type\":\"ListItem\",\"position\":3,\"name\":\"Transmitters\",\"item\":\"https:\\\/\\\/instrava.com\\\/category\\\/transmitters\\\/\"},{\"@type\":\"ListItem\",\"position\":4,\"name\":\"Differential Pressure Transmitter\"}]},{\"@type\":\"WebSite\",\"@id\":\"https:\\\/\\\/instrava.com\\\/#website\",\"url\":\"https:\\\/\\\/instrava.com\\\/\",\"name\":\"instrava.com\",\"description\":\"\",\"publisher\":{\"@id\":\"https:\\\/\\\/instrava.com\\\/#organization\"},\"potentialAction\":[{\"@type\":\"SearchAction\",\"target\":{\"@type\":\"EntryPoint\",\"urlTemplate\":\"https:\\\/\\\/instrava.com\\\/?s={search_term_string}\"},\"query-input\":{\"@type\":\"PropertyValueSpecification\",\"valueRequired\":true,\"valueName\":\"search_term_string\"}}],\"inLanguage\":\"es\"},{\"@type\":\"Organization\",\"@id\":\"https:\\\/\\\/instrava.com\\\/#organization\",\"name\":\"instrava.com\",\"url\":\"https:\\\/\\\/instrava.com\\\/\",\"logo\":{\"@type\":\"ImageObject\",\"inLanguage\":\"es\",\"@id\":\"https:\\\/\\\/instrava.com\\\/#\\\/schema\\\/logo\\\/image\\\/\",\"url\":\"https:\\\/\\\/instrava.com\\\/wp-content\\\/uploads\\\/2024\\\/03\\\/in-strava-Instruments-and-meters.png\",\"contentUrl\":\"https:\\\/\\\/instrava.com\\\/wp-content\\\/uploads\\\/2024\\\/03\\\/in-strava-Instruments-and-meters.png\",\"width\":288,\"height\":59,\"caption\":\"instrava.com\"},\"image\":{\"@id\":\"https:\\\/\\\/instrava.com\\\/#\\\/schema\\\/logo\\\/image\\\/\"}}]}<\/script>\n<!-- \/ Yoast SEO plugin. -->","yoast_head_json":{"title":"Transmisor de presi\u00f3n diferencial - Instrava","description":"Los transmisores inteligentes de presi\u00f3n diferencial con sensores capacitivos proporcionan mediciones precisas de caudal, nivel y presi\u00f3n. Compactos, fiables y personalizables OEM\/ODM.","robots":{"index":"index","follow":"follow","max-snippet":"max-snippet:-1","max-image-preview":"max-image-preview:large","max-video-preview":"max-video-preview:-1"},"canonical":"https:\/\/instrava.com\/es\/producto\/transmisor-de-presion-diferencial\/","og_locale":"es_ES","og_type":"article","og_title":"Differential Pressure Transmitter - Instrava","og_description":"Intelligent differential pressure transmitters with capacitive sensors provide precise flow, level, and pressure measurement. Compact, reliable, and OEM\/ODM customizable.","og_url":"https:\/\/instrava.com\/es\/producto\/transmisor-de-presion-diferencial\/","og_site_name":"Instrava","article_modified_time":"2026-03-25T09:02:01+00:00","og_image":[{"width":900,"height":900,"url":"https:\/\/instrava.com\/wp-content\/uploads\/2025\/12\/pressure-transmitter.webp","type":"image\/webp"}],"twitter_card":"summary_large_image","twitter_misc":{"Tiempo de lectura":"1 minuto"},"schema":{"@context":"https:\/\/schema.org","@graph":[{"@type":"WebPage","@id":"https:\/\/instrava.com\/product\/differential-pressure-transmitter\/","url":"https:\/\/instrava.com\/product\/differential-pressure-transmitter\/","name":"Transmisor de presi\u00f3n diferencial - Instrava","isPartOf":{"@id":"https:\/\/instrava.com\/#website"},"primaryImageOfPage":{"@id":"https:\/\/instrava.com\/product\/differential-pressure-transmitter\/#primaryimage"},"image":{"@id":"https:\/\/instrava.com\/product\/differential-pressure-transmitter\/#primaryimage"},"thumbnailUrl":"https:\/\/instrava.com\/wp-content\/uploads\/2025\/12\/pressure-transmitter.webp","datePublished":"2025-12-28T09:57:58+00:00","dateModified":"2026-03-25T09:02:01+00:00","description":"Los transmisores inteligentes de presi\u00f3n diferencial con sensores capacitivos proporcionan mediciones precisas de caudal, nivel y presi\u00f3n. Compactos, fiables y personalizables OEM\/ODM.","breadcrumb":{"@id":"https:\/\/instrava.com\/product\/differential-pressure-transmitter\/#breadcrumb"},"inLanguage":"es","potentialAction":[{"@type":"ReadAction","target":["https:\/\/instrava.com\/product\/differential-pressure-transmitter\/"]}]},{"@type":"ImageObject","inLanguage":"es","@id":"https:\/\/instrava.com\/product\/differential-pressure-transmitter\/#primaryimage","url":"https:\/\/instrava.com\/wp-content\/uploads\/2025\/12\/pressure-transmitter.webp","contentUrl":"https:\/\/instrava.com\/wp-content\/uploads\/2025\/12\/pressure-transmitter.webp","width":900,"height":900,"caption":"Industrial pressure transmitter with digital display and threaded process connection."},{"@type":"BreadcrumbList","@id":"https:\/\/instrava.com\/product\/differential-pressure-transmitter\/#breadcrumb","itemListElement":[{"@type":"ListItem","position":1,"name":"Home","item":"https:\/\/instrava.com\/"},{"@type":"ListItem","position":2,"name":"Products","item":"https:\/\/instrava.com\/product\/"},{"@type":"ListItem","position":3,"name":"Transmitters","item":"https:\/\/instrava.com\/category\/transmitters\/"},{"@type":"ListItem","position":4,"name":"Differential Pressure Transmitter"}]},{"@type":"WebSite","@id":"https:\/\/instrava.com\/#website","url":"https:\/\/instrava.com\/","name":"instrava.com","description":"","publisher":{"@id":"https:\/\/instrava.com\/#organization"},"potentialAction":[{"@type":"SearchAction","target":{"@type":"EntryPoint","urlTemplate":"https:\/\/instrava.com\/?s={search_term_string}"},"query-input":{"@type":"PropertyValueSpecification","valueRequired":true,"valueName":"search_term_string"}}],"inLanguage":"es"},{"@type":"Organization","@id":"https:\/\/instrava.com\/#organization","name":"instrava.com","url":"https:\/\/instrava.com\/","logo":{"@type":"ImageObject","inLanguage":"es","@id":"https:\/\/instrava.com\/#\/schema\/logo\/image\/","url":"https:\/\/instrava.com\/wp-content\/uploads\/2024\/03\/in-strava-Instruments-and-meters.png","contentUrl":"https:\/\/instrava.com\/wp-content\/uploads\/2024\/03\/in-strava-Instruments-and-meters.png","width":288,"height":59,"caption":"instrava.com"},"image":{"@id":"https:\/\/instrava.com\/#\/schema\/logo\/image\/"}}]}},"_links":{"self":[{"href":"https:\/\/instrava.com\/es\/wp-json\/wp\/v2\/product\/29738","targetHints":{"allow":["GET"]}}],"collection":[{"href":"https:\/\/instrava.com\/es\/wp-json\/wp\/v2\/product"}],"about":[{"href":"https:\/\/instrava.com\/es\/wp-json\/wp\/v2\/types\/product"}],"version-history":[{"count":0,"href":"https:\/\/instrava.com\/es\/wp-json\/wp\/v2\/product\/29738\/revisions"}],"wp:featuredmedia":[{"embeddable":true,"href":"https:\/\/instrava.com\/es\/wp-json\/wp\/v2\/media\/29736"}],"wp:attachment":[{"href":"https:\/\/instrava.com\/es\/wp-json\/wp\/v2\/media?parent=29738"}],"wp:term":[{"taxonomy":"category","embeddable":true,"href":"https:\/\/instrava.com\/es\/wp-json\/wp\/v2\/categories?post=29738"},{"taxonomy":"post_tag","embeddable":true,"href":"https:\/\/instrava.com\/es\/wp-json\/wp\/v2\/tags?post=29738"}],"curies":[{"name":"wp","href":"https:\/\/api.w.org\/{rel}","templated":true}]}}