{"id":29794,"date":"2025-12-30T08:24:35","date_gmt":"2025-12-30T08:24:35","guid":{"rendered":"https:\/\/instrava.com\/?post_type=product&#038;p=29794"},"modified":"2026-03-25T09:03:30","modified_gmt":"2026-03-25T09:03:30","slug":"detector-multigas-portatil-4-en-1","status":"publish","type":"product","link":"https:\/\/instrava.com\/es\/producto\/detector-multigas-portatil-4-en-1\/","title":{"rendered":"Detector multigas port\u00e1til 4 en 1"},"content":{"rendered":"","protected":false},"excerpt":{"rendered":"","protected":false},"featured_media":29793,"template":"","categories":[61,248],"tags":[319,320,322,312,321,318],"class_list":["post-29794","product","type-product","status-publish","has-post-thumbnail","hentry","category-gas-detectors","category-portable-gas-detector","tag-4-in-1","tag-ch4","tag-h2s","tag-multi-gas","tag-o2","tag-portable"],"acf":[],"yoast_head":"<!-- This site is optimized with the Yoast SEO plugin v27.4 - https:\/\/yoast.com\/product\/yoast-seo-wordpress\/ -->\n<title>Portable Multi Gas Detector-4-in-1 - Instrava<\/title>\n<meta name=\"description\" content=\"As a leading manufacturer, we provide high-quality Portable Multi Gas Detectors for industrial safety. Customizable 4-gas detection (LEL, O\u2082, CO, H\u2082S) ensures reliable monitoring for confined spaces, chemical plants, and oil &amp; gas operations.\" \/>\n<meta name=\"robots\" content=\"index, follow, max-snippet:-1, max-image-preview:large, max-video-preview:-1\" \/>\n<link rel=\"canonical\" href=\"https:\/\/instrava.com\/es\/producto\/detector-multigas-portatil-4-en-1\/\" \/>\n<meta property=\"og:locale\" content=\"es_ES\" \/>\n<meta property=\"og:type\" content=\"article\" \/>\n<meta property=\"og:title\" content=\"Portable Multi Gas Detector-4-in-1 - Instrava\" \/>\n<meta property=\"og:description\" content=\"As a leading manufacturer, we provide high-quality Portable Multi Gas Detectors for industrial safety. Customizable 4-gas detection (LEL, O\u2082, CO, H\u2082S) ensures reliable monitoring for confined spaces, chemical plants, and oil &amp; gas operations.\" \/>\n<meta property=\"og:url\" content=\"https:\/\/instrava.com\/es\/producto\/detector-multigas-portatil-4-en-1\/\" \/>\n<meta property=\"og:site_name\" content=\"Instrava\" \/>\n<meta property=\"article:modified_time\" content=\"2026-03-25T09:03:30+00:00\" \/>\n<meta property=\"og:image\" content=\"https:\/\/instrava.com\/wp-content\/uploads\/2025\/12\/multi-gas-detector.webp\" \/>\n\t<meta property=\"og:image:width\" content=\"700\" \/>\n\t<meta property=\"og:image:height\" content=\"700\" \/>\n\t<meta property=\"og:image:type\" content=\"image\/webp\" \/>\n<meta name=\"twitter:card\" content=\"summary_large_image\" \/>\n<meta name=\"twitter:label1\" content=\"Tiempo de lectura\" \/>\n\t<meta name=\"twitter:data1\" content=\"1 minuto\" \/>\n<script type=\"application\/ld+json\" class=\"yoast-schema-graph\">{\"@context\":\"https:\\\/\\\/schema.org\",\"@graph\":[{\"@type\":\"WebPage\",\"@id\":\"https:\\\/\\\/instrava.com\\\/product\\\/portable-multi-gas-detector-4-in-1\\\/\",\"url\":\"https:\\\/\\\/instrava.com\\\/product\\\/portable-multi-gas-detector-4-in-1\\\/\",\"name\":\"Portable Multi Gas Detector-4-in-1 - Instrava\",\"isPartOf\":{\"@id\":\"https:\\\/\\\/instrava.com\\\/#website\"},\"primaryImageOfPage\":{\"@id\":\"https:\\\/\\\/instrava.com\\\/product\\\/portable-multi-gas-detector-4-in-1\\\/#primaryimage\"},\"image\":{\"@id\":\"https:\\\/\\\/instrava.com\\\/product\\\/portable-multi-gas-detector-4-in-1\\\/#primaryimage\"},\"thumbnailUrl\":\"https:\\\/\\\/instrava.com\\\/wp-content\\\/uploads\\\/2025\\\/12\\\/multi-gas-detector.webp\",\"datePublished\":\"2025-12-30T08:24:35+00:00\",\"dateModified\":\"2026-03-25T09:03:30+00:00\",\"description\":\"As a leading manufacturer, we provide high-quality Portable Multi Gas Detectors for industrial safety. Customizable 4-gas detection (LEL, O\u2082, CO, H\u2082S) ensures reliable monitoring for confined spaces, chemical plants, and oil & gas operations.\",\"breadcrumb\":{\"@id\":\"https:\\\/\\\/instrava.com\\\/product\\\/portable-multi-gas-detector-4-in-1\\\/#breadcrumb\"},\"inLanguage\":\"es\",\"potentialAction\":[{\"@type\":\"ReadAction\",\"target\":[\"https:\\\/\\\/instrava.com\\\/product\\\/portable-multi-gas-detector-4-in-1\\\/\"]}]},{\"@type\":\"ImageObject\",\"inLanguage\":\"es\",\"@id\":\"https:\\\/\\\/instrava.com\\\/product\\\/portable-multi-gas-detector-4-in-1\\\/#primaryimage\",\"url\":\"https:\\\/\\\/instrava.com\\\/wp-content\\\/uploads\\\/2025\\\/12\\\/multi-gas-detector.webp\",\"contentUrl\":\"https:\\\/\\\/instrava.com\\\/wp-content\\\/uploads\\\/2025\\\/12\\\/multi-gas-detector.webp\",\"width\":700,\"height\":700,\"caption\":\"Portable multi gas detectors front and back view Handheld multi gas detector design overview\"},{\"@type\":\"BreadcrumbList\",\"@id\":\"https:\\\/\\\/instrava.com\\\/product\\\/portable-multi-gas-detector-4-in-1\\\/#breadcrumb\",\"itemListElement\":[{\"@type\":\"ListItem\",\"position\":1,\"name\":\"Home\",\"item\":\"https:\\\/\\\/instrava.com\\\/\"},{\"@type\":\"ListItem\",\"position\":2,\"name\":\"Products\",\"item\":\"https:\\\/\\\/instrava.com\\\/product\\\/\"},{\"@type\":\"ListItem\",\"position\":3,\"name\":\"Gas Detectors\",\"item\":\"https:\\\/\\\/instrava.com\\\/category\\\/gas-detectors\\\/\"},{\"@type\":\"ListItem\",\"position\":4,\"name\":\"Portable Multi Gas Detector-4-in-1\"}]},{\"@type\":\"WebSite\",\"@id\":\"https:\\\/\\\/instrava.com\\\/#website\",\"url\":\"https:\\\/\\\/instrava.com\\\/\",\"name\":\"instrava.com\",\"description\":\"\",\"publisher\":{\"@id\":\"https:\\\/\\\/instrava.com\\\/#organization\"},\"potentialAction\":[{\"@type\":\"SearchAction\",\"target\":{\"@type\":\"EntryPoint\",\"urlTemplate\":\"https:\\\/\\\/instrava.com\\\/?s={search_term_string}\"},\"query-input\":{\"@type\":\"PropertyValueSpecification\",\"valueRequired\":true,\"valueName\":\"search_term_string\"}}],\"inLanguage\":\"es\"},{\"@type\":\"Organization\",\"@id\":\"https:\\\/\\\/instrava.com\\\/#organization\",\"name\":\"instrava.com\",\"url\":\"https:\\\/\\\/instrava.com\\\/\",\"logo\":{\"@type\":\"ImageObject\",\"inLanguage\":\"es\",\"@id\":\"https:\\\/\\\/instrava.com\\\/#\\\/schema\\\/logo\\\/image\\\/\",\"url\":\"https:\\\/\\\/instrava.com\\\/wp-content\\\/uploads\\\/2024\\\/03\\\/in-strava-Instruments-and-meters.png\",\"contentUrl\":\"https:\\\/\\\/instrava.com\\\/wp-content\\\/uploads\\\/2024\\\/03\\\/in-strava-Instruments-and-meters.png\",\"width\":288,\"height\":59,\"caption\":\"instrava.com\"},\"image\":{\"@id\":\"https:\\\/\\\/instrava.com\\\/#\\\/schema\\\/logo\\\/image\\\/\"}}]}<\/script>\n<!-- \/ Yoast SEO plugin. -->","yoast_head_json":{"title":"Detector Port\u00e1til Multigas 4 en 1 - Instrava","description":"Como fabricante l\u00edder, ofrecemos detectores multigas port\u00e1tiles de alta calidad para la seguridad industrial. La detecci\u00f3n personalizable de 4 gases (LIE, O\u2082, CO, H\u2082S) garantiza una supervisi\u00f3n fiable en espacios confinados, plantas qu\u00edmicas y operaciones de petr\u00f3leo y gas.","robots":{"index":"index","follow":"follow","max-snippet":"max-snippet:-1","max-image-preview":"max-image-preview:large","max-video-preview":"max-video-preview:-1"},"canonical":"https:\/\/instrava.com\/es\/producto\/detector-multigas-portatil-4-en-1\/","og_locale":"es_ES","og_type":"article","og_title":"Portable Multi Gas Detector-4-in-1 - Instrava","og_description":"As a leading manufacturer, we provide high-quality Portable Multi Gas Detectors for industrial safety. Customizable 4-gas detection (LEL, O\u2082, CO, H\u2082S) ensures reliable monitoring for confined spaces, chemical plants, and oil & gas operations.","og_url":"https:\/\/instrava.com\/es\/producto\/detector-multigas-portatil-4-en-1\/","og_site_name":"Instrava","article_modified_time":"2026-03-25T09:03:30+00:00","og_image":[{"width":700,"height":700,"url":"https:\/\/instrava.com\/wp-content\/uploads\/2025\/12\/multi-gas-detector.webp","type":"image\/webp"}],"twitter_card":"summary_large_image","twitter_misc":{"Tiempo de lectura":"1 minuto"},"schema":{"@context":"https:\/\/schema.org","@graph":[{"@type":"WebPage","@id":"https:\/\/instrava.com\/product\/portable-multi-gas-detector-4-in-1\/","url":"https:\/\/instrava.com\/product\/portable-multi-gas-detector-4-in-1\/","name":"Detector Port\u00e1til Multigas 4 en 1 - Instrava","isPartOf":{"@id":"https:\/\/instrava.com\/#website"},"primaryImageOfPage":{"@id":"https:\/\/instrava.com\/product\/portable-multi-gas-detector-4-in-1\/#primaryimage"},"image":{"@id":"https:\/\/instrava.com\/product\/portable-multi-gas-detector-4-in-1\/#primaryimage"},"thumbnailUrl":"https:\/\/instrava.com\/wp-content\/uploads\/2025\/12\/multi-gas-detector.webp","datePublished":"2025-12-30T08:24:35+00:00","dateModified":"2026-03-25T09:03:30+00:00","description":"Como fabricante l\u00edder, ofrecemos detectores multigas port\u00e1tiles de alta calidad para la seguridad industrial. La detecci\u00f3n personalizable de 4 gases (LIE, O\u2082, CO, H\u2082S) garantiza una supervisi\u00f3n fiable en espacios confinados, plantas qu\u00edmicas y operaciones de petr\u00f3leo y gas.","breadcrumb":{"@id":"https:\/\/instrava.com\/product\/portable-multi-gas-detector-4-in-1\/#breadcrumb"},"inLanguage":"es","potentialAction":[{"@type":"ReadAction","target":["https:\/\/instrava.com\/product\/portable-multi-gas-detector-4-in-1\/"]}]},{"@type":"ImageObject","inLanguage":"es","@id":"https:\/\/instrava.com\/product\/portable-multi-gas-detector-4-in-1\/#primaryimage","url":"https:\/\/instrava.com\/wp-content\/uploads\/2025\/12\/multi-gas-detector.webp","contentUrl":"https:\/\/instrava.com\/wp-content\/uploads\/2025\/12\/multi-gas-detector.webp","width":700,"height":700,"caption":"Portable multi gas detectors front and back view Handheld multi gas detector design overview"},{"@type":"BreadcrumbList","@id":"https:\/\/instrava.com\/product\/portable-multi-gas-detector-4-in-1\/#breadcrumb","itemListElement":[{"@type":"ListItem","position":1,"name":"Home","item":"https:\/\/instrava.com\/"},{"@type":"ListItem","position":2,"name":"Products","item":"https:\/\/instrava.com\/product\/"},{"@type":"ListItem","position":3,"name":"Gas Detectors","item":"https:\/\/instrava.com\/category\/gas-detectors\/"},{"@type":"ListItem","position":4,"name":"Portable Multi Gas Detector-4-in-1"}]},{"@type":"WebSite","@id":"https:\/\/instrava.com\/#website","url":"https:\/\/instrava.com\/","name":"instrava.com","description":"","publisher":{"@id":"https:\/\/instrava.com\/#organization"},"potentialAction":[{"@type":"SearchAction","target":{"@type":"EntryPoint","urlTemplate":"https:\/\/instrava.com\/?s={search_term_string}"},"query-input":{"@type":"PropertyValueSpecification","valueRequired":true,"valueName":"search_term_string"}}],"inLanguage":"es"},{"@type":"Organization","@id":"https:\/\/instrava.com\/#organization","name":"instrava.com","url":"https:\/\/instrava.com\/","logo":{"@type":"ImageObject","inLanguage":"es","@id":"https:\/\/instrava.com\/#\/schema\/logo\/image\/","url":"https:\/\/instrava.com\/wp-content\/uploads\/2024\/03\/in-strava-Instruments-and-meters.png","contentUrl":"https:\/\/instrava.com\/wp-content\/uploads\/2024\/03\/in-strava-Instruments-and-meters.png","width":288,"height":59,"caption":"instrava.com"},"image":{"@id":"https:\/\/instrava.com\/#\/schema\/logo\/image\/"}}]}},"_links":{"self":[{"href":"https:\/\/instrava.com\/es\/wp-json\/wp\/v2\/product\/29794","targetHints":{"allow":["GET"]}}],"collection":[{"href":"https:\/\/instrava.com\/es\/wp-json\/wp\/v2\/product"}],"about":[{"href":"https:\/\/instrava.com\/es\/wp-json\/wp\/v2\/types\/product"}],"version-history":[{"count":0,"href":"https:\/\/instrava.com\/es\/wp-json\/wp\/v2\/product\/29794\/revisions"}],"wp:featuredmedia":[{"embeddable":true,"href":"https:\/\/instrava.com\/es\/wp-json\/wp\/v2\/media\/29793"}],"wp:attachment":[{"href":"https:\/\/instrava.com\/es\/wp-json\/wp\/v2\/media?parent=29794"}],"wp:term":[{"taxonomy":"category","embeddable":true,"href":"https:\/\/instrava.com\/es\/wp-json\/wp\/v2\/categories?post=29794"},{"taxonomy":"post_tag","embeddable":true,"href":"https:\/\/instrava.com\/es\/wp-json\/wp\/v2\/tags?post=29794"}],"curies":[{"name":"wp","href":"https:\/\/api.w.org\/{rel}","templated":true}]}}