{"id":31329,"date":"2026-01-15T04:08:38","date_gmt":"2026-01-15T04:08:38","guid":{"rendered":"https:\/\/instrava.com\/?post_type=product&#038;p=31329"},"modified":"2026-03-25T09:04:26","modified_gmt":"2026-03-25T09:04:26","slug":"transmisor-de-nivel-por-radar-de-onda-guiada","status":"publish","type":"product","link":"https:\/\/instrava.com\/es\/producto\/transmisor-de-nivel-por-radar-de-onda-guiada\/","title":{"rendered":"Transmisor de nivel por radar de onda guiada"},"content":{"rendered":"","protected":false},"excerpt":{"rendered":"","protected":false},"featured_media":31325,"template":"","categories":[134,60],"tags":[584,601,605,600,607,606,510,577,608,587,603,604,503,580,602],"class_list":["post-31329","product","type-product","status-publish","has-post-thumbnail","hentry","category-level-transmitters","category-transmitters","tag-4-20ma-hart-level-transmitter","tag-contact-radar-level-transmitter","tag-foam-level-measurement","tag-guided-wave-radar-level-transmitter","tag-high-pressure-level-transmitter","tag-high-temperature-level-transmitter","tag-industrial-level-measurement","tag-industrial-radar-level-sensor","tag-ingwrlt115","tag-instrava","tag-liquid-and-solid-level-measurement","tag-low-dielectric-level-measurement","tag-process-control-instrumentation","tag-safety-critical-measurement","tag-tdr-level-transmitter"],"acf":[],"yoast_head":"<!-- This site is optimized with the Yoast SEO plugin v27.5 - https:\/\/yoast.com\/product\/yoast-seo-wordpress\/ -->\n<title>Guided Wave Radar Level Transmitter - Instrava<\/title>\n<meta name=\"description\" content=\"Instrava\u2019s INGWRLT115 guided wave radar level transmitter provides stable and reliable contact level measurement for liquids and solid powders under complex process conditions. Designed for high temperature, high pressure, foam, and low dielectric media, Instrava delivers long-lasting industrial measurement solutions for safety-critical and process control applications.\" \/>\n<meta name=\"robots\" content=\"index, follow, max-snippet:-1, max-image-preview:large, max-video-preview:-1\" \/>\n<link rel=\"canonical\" href=\"https:\/\/instrava.com\/es\/producto\/transmisor-de-nivel-por-radar-de-onda-guiada\/\" \/>\n<meta property=\"og:locale\" content=\"es_ES\" \/>\n<meta property=\"og:type\" content=\"article\" \/>\n<meta property=\"og:title\" content=\"Guided Wave Radar Level Transmitter - Instrava\" \/>\n<meta property=\"og:description\" content=\"Instrava\u2019s INGWRLT115 guided wave radar level transmitter provides stable and reliable contact level measurement for liquids and solid powders under complex process conditions. Designed for high temperature, high pressure, foam, and low dielectric media, Instrava delivers long-lasting industrial measurement solutions for safety-critical and process control applications.\" \/>\n<meta property=\"og:url\" content=\"https:\/\/instrava.com\/es\/producto\/transmisor-de-nivel-por-radar-de-onda-guiada\/\" \/>\n<meta property=\"og:site_name\" content=\"Instrava\" \/>\n<meta property=\"article:modified_time\" content=\"2026-03-25T09:04:26+00:00\" \/>\n<meta property=\"og:image\" content=\"https:\/\/instrava.com\/wp-content\/uploads\/2026\/01\/guided-wave-radar-type-level-transmitter.webp\" \/>\n\t<meta property=\"og:image:width\" content=\"750\" \/>\n\t<meta property=\"og:image:height\" content=\"750\" \/>\n\t<meta property=\"og:image:type\" content=\"image\/webp\" \/>\n<meta name=\"twitter:card\" content=\"summary_large_image\" \/>\n<meta name=\"twitter:label1\" content=\"Tiempo de lectura\" \/>\n\t<meta name=\"twitter:data1\" content=\"1 minuto\" \/>\n<script type=\"application\/ld+json\" class=\"yoast-schema-graph\">{\"@context\":\"https:\\\/\\\/schema.org\",\"@graph\":[{\"@type\":\"WebPage\",\"@id\":\"https:\\\/\\\/instrava.com\\\/product\\\/guided-wave-radar-level-transmitter\\\/\",\"url\":\"https:\\\/\\\/instrava.com\\\/product\\\/guided-wave-radar-level-transmitter\\\/\",\"name\":\"Guided Wave Radar Level Transmitter - Instrava\",\"isPartOf\":{\"@id\":\"https:\\\/\\\/instrava.com\\\/#website\"},\"primaryImageOfPage\":{\"@id\":\"https:\\\/\\\/instrava.com\\\/product\\\/guided-wave-radar-level-transmitter\\\/#primaryimage\"},\"image\":{\"@id\":\"https:\\\/\\\/instrava.com\\\/product\\\/guided-wave-radar-level-transmitter\\\/#primaryimage\"},\"thumbnailUrl\":\"https:\\\/\\\/instrava.com\\\/wp-content\\\/uploads\\\/2026\\\/01\\\/guided-wave-radar-type-level-transmitter.webp\",\"datePublished\":\"2026-01-15T04:08:38+00:00\",\"dateModified\":\"2026-03-25T09:04:26+00:00\",\"description\":\"Instrava\u2019s INGWRLT115 guided wave radar level transmitter provides stable and reliable contact level measurement for liquids and solid powders under complex process conditions. Designed for high temperature, high pressure, foam, and low dielectric media, Instrava delivers long-lasting industrial measurement solutions for safety-critical and process control applications.\",\"breadcrumb\":{\"@id\":\"https:\\\/\\\/instrava.com\\\/product\\\/guided-wave-radar-level-transmitter\\\/#breadcrumb\"},\"inLanguage\":\"es\",\"potentialAction\":[{\"@type\":\"ReadAction\",\"target\":[\"https:\\\/\\\/instrava.com\\\/product\\\/guided-wave-radar-level-transmitter\\\/\"]}]},{\"@type\":\"ImageObject\",\"inLanguage\":\"es\",\"@id\":\"https:\\\/\\\/instrava.com\\\/product\\\/guided-wave-radar-level-transmitter\\\/#primaryimage\",\"url\":\"https:\\\/\\\/instrava.com\\\/wp-content\\\/uploads\\\/2026\\\/01\\\/guided-wave-radar-type-level-transmitter.webp\",\"contentUrl\":\"https:\\\/\\\/instrava.com\\\/wp-content\\\/uploads\\\/2026\\\/01\\\/guided-wave-radar-type-level-transmitter.webp\",\"width\":750,\"height\":750,\"caption\":\"Flange mounted guided wave radar level transmitter\"},{\"@type\":\"BreadcrumbList\",\"@id\":\"https:\\\/\\\/instrava.com\\\/product\\\/guided-wave-radar-level-transmitter\\\/#breadcrumb\",\"itemListElement\":[{\"@type\":\"ListItem\",\"position\":1,\"name\":\"Home\",\"item\":\"https:\\\/\\\/instrava.com\\\/\"},{\"@type\":\"ListItem\",\"position\":2,\"name\":\"Products\",\"item\":\"https:\\\/\\\/instrava.com\\\/product\\\/\"},{\"@type\":\"ListItem\",\"position\":3,\"name\":\"Transmitters\",\"item\":\"https:\\\/\\\/instrava.com\\\/category\\\/transmitters\\\/\"},{\"@type\":\"ListItem\",\"position\":4,\"name\":\"Guided Wave Radar Level Transmitter\"}]},{\"@type\":\"WebSite\",\"@id\":\"https:\\\/\\\/instrava.com\\\/#website\",\"url\":\"https:\\\/\\\/instrava.com\\\/\",\"name\":\"instrava.com\",\"description\":\"\",\"publisher\":{\"@id\":\"https:\\\/\\\/instrava.com\\\/#organization\"},\"potentialAction\":[{\"@type\":\"SearchAction\",\"target\":{\"@type\":\"EntryPoint\",\"urlTemplate\":\"https:\\\/\\\/instrava.com\\\/?s={search_term_string}\"},\"query-input\":{\"@type\":\"PropertyValueSpecification\",\"valueRequired\":true,\"valueName\":\"search_term_string\"}}],\"inLanguage\":\"es\"},{\"@type\":\"Organization\",\"@id\":\"https:\\\/\\\/instrava.com\\\/#organization\",\"name\":\"instrava.com\",\"url\":\"https:\\\/\\\/instrava.com\\\/\",\"logo\":{\"@type\":\"ImageObject\",\"inLanguage\":\"es\",\"@id\":\"https:\\\/\\\/instrava.com\\\/#\\\/schema\\\/logo\\\/image\\\/\",\"url\":\"https:\\\/\\\/instrava.com\\\/wp-content\\\/uploads\\\/2024\\\/03\\\/in-strava-Instruments-and-meters.png\",\"contentUrl\":\"https:\\\/\\\/instrava.com\\\/wp-content\\\/uploads\\\/2024\\\/03\\\/in-strava-Instruments-and-meters.png\",\"width\":288,\"height\":59,\"caption\":\"instrava.com\"},\"image\":{\"@id\":\"https:\\\/\\\/instrava.com\\\/#\\\/schema\\\/logo\\\/image\\\/\"}}]}<\/script>\n<!-- \/ Yoast SEO plugin. -->","yoast_head_json":{"title":"Transmisor de nivel por radar de onda guiada - Instrava","description":"El transmisor de nivel por radar de onda guiada INGWRLT115 de Instrava proporciona una medici\u00f3n de nivel por contacto estable y fiable para l\u00edquidos y polvos s\u00f3lidos en condiciones de proceso complejas. Dise\u00f1ado para alta temperatura, alta presi\u00f3n, espuma y medios de bajo diel\u00e9ctrico, Instrava ofrece soluciones de medici\u00f3n industrial de larga duraci\u00f3n para aplicaciones cr\u00edticas de seguridad y control de procesos.","robots":{"index":"index","follow":"follow","max-snippet":"max-snippet:-1","max-image-preview":"max-image-preview:large","max-video-preview":"max-video-preview:-1"},"canonical":"https:\/\/instrava.com\/es\/producto\/transmisor-de-nivel-por-radar-de-onda-guiada\/","og_locale":"es_ES","og_type":"article","og_title":"Guided Wave Radar Level Transmitter - Instrava","og_description":"Instrava\u2019s INGWRLT115 guided wave radar level transmitter provides stable and reliable contact level measurement for liquids and solid powders under complex process conditions. Designed for high temperature, high pressure, foam, and low dielectric media, Instrava delivers long-lasting industrial measurement solutions for safety-critical and process control applications.","og_url":"https:\/\/instrava.com\/es\/producto\/transmisor-de-nivel-por-radar-de-onda-guiada\/","og_site_name":"Instrava","article_modified_time":"2026-03-25T09:04:26+00:00","og_image":[{"width":750,"height":750,"url":"https:\/\/instrava.com\/wp-content\/uploads\/2026\/01\/guided-wave-radar-type-level-transmitter.webp","type":"image\/webp"}],"twitter_card":"summary_large_image","twitter_misc":{"Tiempo de lectura":"1 minuto"},"schema":{"@context":"https:\/\/schema.org","@graph":[{"@type":"WebPage","@id":"https:\/\/instrava.com\/product\/guided-wave-radar-level-transmitter\/","url":"https:\/\/instrava.com\/product\/guided-wave-radar-level-transmitter\/","name":"Transmisor de nivel por radar de onda guiada - Instrava","isPartOf":{"@id":"https:\/\/instrava.com\/#website"},"primaryImageOfPage":{"@id":"https:\/\/instrava.com\/product\/guided-wave-radar-level-transmitter\/#primaryimage"},"image":{"@id":"https:\/\/instrava.com\/product\/guided-wave-radar-level-transmitter\/#primaryimage"},"thumbnailUrl":"https:\/\/instrava.com\/wp-content\/uploads\/2026\/01\/guided-wave-radar-type-level-transmitter.webp","datePublished":"2026-01-15T04:08:38+00:00","dateModified":"2026-03-25T09:04:26+00:00","description":"El transmisor de nivel por radar de onda guiada INGWRLT115 de Instrava proporciona una medici\u00f3n de nivel por contacto estable y fiable para l\u00edquidos y polvos s\u00f3lidos en condiciones de proceso complejas. Dise\u00f1ado para alta temperatura, alta presi\u00f3n, espuma y medios de bajo diel\u00e9ctrico, Instrava ofrece soluciones de medici\u00f3n industrial de larga duraci\u00f3n para aplicaciones cr\u00edticas de seguridad y control de procesos.","breadcrumb":{"@id":"https:\/\/instrava.com\/product\/guided-wave-radar-level-transmitter\/#breadcrumb"},"inLanguage":"es","potentialAction":[{"@type":"ReadAction","target":["https:\/\/instrava.com\/product\/guided-wave-radar-level-transmitter\/"]}]},{"@type":"ImageObject","inLanguage":"es","@id":"https:\/\/instrava.com\/product\/guided-wave-radar-level-transmitter\/#primaryimage","url":"https:\/\/instrava.com\/wp-content\/uploads\/2026\/01\/guided-wave-radar-type-level-transmitter.webp","contentUrl":"https:\/\/instrava.com\/wp-content\/uploads\/2026\/01\/guided-wave-radar-type-level-transmitter.webp","width":750,"height":750,"caption":"Flange mounted guided wave radar level transmitter"},{"@type":"BreadcrumbList","@id":"https:\/\/instrava.com\/product\/guided-wave-radar-level-transmitter\/#breadcrumb","itemListElement":[{"@type":"ListItem","position":1,"name":"Home","item":"https:\/\/instrava.com\/"},{"@type":"ListItem","position":2,"name":"Products","item":"https:\/\/instrava.com\/product\/"},{"@type":"ListItem","position":3,"name":"Transmitters","item":"https:\/\/instrava.com\/category\/transmitters\/"},{"@type":"ListItem","position":4,"name":"Guided Wave Radar Level Transmitter"}]},{"@type":"WebSite","@id":"https:\/\/instrava.com\/#website","url":"https:\/\/instrava.com\/","name":"instrava.com","description":"","publisher":{"@id":"https:\/\/instrava.com\/#organization"},"potentialAction":[{"@type":"SearchAction","target":{"@type":"EntryPoint","urlTemplate":"https:\/\/instrava.com\/?s={search_term_string}"},"query-input":{"@type":"PropertyValueSpecification","valueRequired":true,"valueName":"search_term_string"}}],"inLanguage":"es"},{"@type":"Organization","@id":"https:\/\/instrava.com\/#organization","name":"instrava.com","url":"https:\/\/instrava.com\/","logo":{"@type":"ImageObject","inLanguage":"es","@id":"https:\/\/instrava.com\/#\/schema\/logo\/image\/","url":"https:\/\/instrava.com\/wp-content\/uploads\/2024\/03\/in-strava-Instruments-and-meters.png","contentUrl":"https:\/\/instrava.com\/wp-content\/uploads\/2024\/03\/in-strava-Instruments-and-meters.png","width":288,"height":59,"caption":"instrava.com"},"image":{"@id":"https:\/\/instrava.com\/#\/schema\/logo\/image\/"}}]}},"_links":{"self":[{"href":"https:\/\/instrava.com\/es\/wp-json\/wp\/v2\/product\/31329","targetHints":{"allow":["GET"]}}],"collection":[{"href":"https:\/\/instrava.com\/es\/wp-json\/wp\/v2\/product"}],"about":[{"href":"https:\/\/instrava.com\/es\/wp-json\/wp\/v2\/types\/product"}],"version-history":[{"count":0,"href":"https:\/\/instrava.com\/es\/wp-json\/wp\/v2\/product\/31329\/revisions"}],"wp:featuredmedia":[{"embeddable":true,"href":"https:\/\/instrava.com\/es\/wp-json\/wp\/v2\/media\/31325"}],"wp:attachment":[{"href":"https:\/\/instrava.com\/es\/wp-json\/wp\/v2\/media?parent=31329"}],"wp:term":[{"taxonomy":"category","embeddable":true,"href":"https:\/\/instrava.com\/es\/wp-json\/wp\/v2\/categories?post=31329"},{"taxonomy":"post_tag","embeddable":true,"href":"https:\/\/instrava.com\/es\/wp-json\/wp\/v2\/tags?post=31329"}],"curies":[{"name":"wp","href":"https:\/\/api.w.org\/{rel}","templated":true}]}}