{"id":33475,"date":"2026-03-13T08:31:31","date_gmt":"2026-03-13T08:31:31","guid":{"rendered":"https:\/\/instrava.com\/?post_type=product&#038;p=33475"},"modified":"2026-03-25T09:17:59","modified_gmt":"2026-03-25T09:17:59","slug":"portable-infrared-gas-analyzer-for-industrial-multi-gas-measurement","status":"publish","type":"product","link":"https:\/\/instrava.com\/es\/producto\/portable-infrared-gas-analyzer-for-industrial-multi-gas-measurement\/","title":{"rendered":"Analizador de gases por infrarrojos port\u00e1til para la medici\u00f3n industrial de m\u00faltiples gases"},"content":{"rendered":"","protected":false},"excerpt":{"rendered":"","protected":false},"featured_media":33474,"template":"","categories":[1417],"tags":[1470,1471,1466,1459,1472,1464,1461,1469,1468,406,1467],"class_list":["post-33475","product","type-product","status-publish","has-post-thumbnail","hentry","category-optical-analysis","tag-co-co-ch-gas-monitor","tag-flue-gas-analyzer-portable","tag-high-precision-portable-gas-detector","tag-industrial-portable-gas-analyzer","tag-infrared-multi-gas-analyzer","tag-instrava-gas-analyzer","tag-multi-component-gas-analyzer","tag-multi-gas-analyzer-handheld","tag-ndir-gas-analyzer","tag-portable-gas-detector","tag-portable-infrared-gas-analyzer"],"acf":[],"yoast_head":"<!-- This site is optimized with the Yoast SEO plugin v27.5 - https:\/\/yoast.com\/product\/yoast-seo-wordpress\/ -->\n<title>Portable Infrared Gas Analyzer for Industrial Multi-Gas Measurement - Instrava<\/title>\n<meta name=\"description\" content=\"Instrava portable infrared gas analyzer features NDIR, electrochemical, and MEMS sensors for fast, accurate measurement of CO, CO\u2082, CH\u2084, CnHm, O\u2082, H\u2082, and calorific values. Lightweight, portable, with USB\/RS485 output for industrial applications.\" \/>\n<meta name=\"robots\" content=\"index, follow, max-snippet:-1, max-image-preview:large, max-video-preview:-1\" \/>\n<link rel=\"canonical\" href=\"https:\/\/instrava.com\/es\/producto\/portable-infrared-gas-analyzer-for-industrial-multi-gas-measurement\/\" \/>\n<meta property=\"og:locale\" content=\"es_ES\" \/>\n<meta property=\"og:type\" content=\"article\" \/>\n<meta property=\"og:title\" content=\"Portable Infrared Gas Analyzer for Industrial Multi-Gas Measurement - Instrava\" \/>\n<meta property=\"og:description\" content=\"Instrava portable infrared gas analyzer features NDIR, electrochemical, and MEMS sensors for fast, accurate measurement of CO, CO\u2082, CH\u2084, CnHm, O\u2082, H\u2082, and calorific values. Lightweight, portable, with USB\/RS485 output for industrial applications.\" \/>\n<meta property=\"og:url\" content=\"https:\/\/instrava.com\/es\/producto\/portable-infrared-gas-analyzer-for-industrial-multi-gas-measurement\/\" \/>\n<meta property=\"og:site_name\" content=\"Instrava\" \/>\n<meta property=\"article:modified_time\" content=\"2026-03-25T09:17:59+00:00\" \/>\n<meta property=\"og:image\" content=\"https:\/\/instrava.com\/wp-content\/uploads\/2026\/03\/portable-infrared-gas-analyzer.webp\" \/>\n\t<meta property=\"og:image:width\" content=\"750\" \/>\n\t<meta property=\"og:image:height\" content=\"750\" \/>\n\t<meta property=\"og:image:type\" content=\"image\/webp\" \/>\n<meta name=\"twitter:card\" content=\"summary_large_image\" \/>\n<meta name=\"twitter:label1\" content=\"Tiempo de lectura\" \/>\n\t<meta name=\"twitter:data1\" content=\"1 minuto\" \/>\n<script type=\"application\/ld+json\" class=\"yoast-schema-graph\">{\"@context\":\"https:\\\/\\\/schema.org\",\"@graph\":[{\"@type\":\"WebPage\",\"@id\":\"https:\\\/\\\/instrava.com\\\/product\\\/portable-infrared-gas-analyzer-for-industrial-multi-gas-measurement\\\/\",\"url\":\"https:\\\/\\\/instrava.com\\\/product\\\/portable-infrared-gas-analyzer-for-industrial-multi-gas-measurement\\\/\",\"name\":\"Portable Infrared Gas Analyzer for Industrial Multi-Gas Measurement - Instrava\",\"isPartOf\":{\"@id\":\"https:\\\/\\\/instrava.com\\\/#website\"},\"primaryImageOfPage\":{\"@id\":\"https:\\\/\\\/instrava.com\\\/product\\\/portable-infrared-gas-analyzer-for-industrial-multi-gas-measurement\\\/#primaryimage\"},\"image\":{\"@id\":\"https:\\\/\\\/instrava.com\\\/product\\\/portable-infrared-gas-analyzer-for-industrial-multi-gas-measurement\\\/#primaryimage\"},\"thumbnailUrl\":\"https:\\\/\\\/instrava.com\\\/wp-content\\\/uploads\\\/2026\\\/03\\\/portable-infrared-gas-analyzer.webp\",\"datePublished\":\"2026-03-13T08:31:31+00:00\",\"dateModified\":\"2026-03-25T09:17:59+00:00\",\"description\":\"Instrava portable infrared gas analyzer features NDIR, electrochemical, and MEMS sensors for fast, accurate measurement of CO, CO\u2082, CH\u2084, CnHm, O\u2082, H\u2082, and calorific values. Lightweight, portable, with USB\\\/RS485 output for industrial applications.\",\"breadcrumb\":{\"@id\":\"https:\\\/\\\/instrava.com\\\/product\\\/portable-infrared-gas-analyzer-for-industrial-multi-gas-measurement\\\/#breadcrumb\"},\"inLanguage\":\"es\",\"potentialAction\":[{\"@type\":\"ReadAction\",\"target\":[\"https:\\\/\\\/instrava.com\\\/product\\\/portable-infrared-gas-analyzer-for-industrial-multi-gas-measurement\\\/\"]}]},{\"@type\":\"ImageObject\",\"inLanguage\":\"es\",\"@id\":\"https:\\\/\\\/instrava.com\\\/product\\\/portable-infrared-gas-analyzer-for-industrial-multi-gas-measurement\\\/#primaryimage\",\"url\":\"https:\\\/\\\/instrava.com\\\/wp-content\\\/uploads\\\/2026\\\/03\\\/portable-infrared-gas-analyzer.webp\",\"contentUrl\":\"https:\\\/\\\/instrava.com\\\/wp-content\\\/uploads\\\/2026\\\/03\\\/portable-infrared-gas-analyzer.webp\",\"width\":750,\"height\":750,\"caption\":\"Side view of portable gas analyzer with USB, charging, and control buttons.\"},{\"@type\":\"BreadcrumbList\",\"@id\":\"https:\\\/\\\/instrava.com\\\/product\\\/portable-infrared-gas-analyzer-for-industrial-multi-gas-measurement\\\/#breadcrumb\",\"itemListElement\":[{\"@type\":\"ListItem\",\"position\":1,\"name\":\"Home\",\"item\":\"https:\\\/\\\/instrava.com\\\/\"},{\"@type\":\"ListItem\",\"position\":2,\"name\":\"Products\",\"item\":\"https:\\\/\\\/instrava.com\\\/product\\\/\"},{\"@type\":\"ListItem\",\"position\":3,\"name\":\"Optical Analysis\",\"item\":\"https:\\\/\\\/instrava.com\\\/category\\\/optical-analysis\\\/\"},{\"@type\":\"ListItem\",\"position\":4,\"name\":\"Portable Infrared Gas Analyzer for Industrial Multi-Gas Measurement\"}]},{\"@type\":\"WebSite\",\"@id\":\"https:\\\/\\\/instrava.com\\\/#website\",\"url\":\"https:\\\/\\\/instrava.com\\\/\",\"name\":\"instrava.com\",\"description\":\"\",\"publisher\":{\"@id\":\"https:\\\/\\\/instrava.com\\\/#organization\"},\"potentialAction\":[{\"@type\":\"SearchAction\",\"target\":{\"@type\":\"EntryPoint\",\"urlTemplate\":\"https:\\\/\\\/instrava.com\\\/?s={search_term_string}\"},\"query-input\":{\"@type\":\"PropertyValueSpecification\",\"valueRequired\":true,\"valueName\":\"search_term_string\"}}],\"inLanguage\":\"es\"},{\"@type\":\"Organization\",\"@id\":\"https:\\\/\\\/instrava.com\\\/#organization\",\"name\":\"instrava.com\",\"url\":\"https:\\\/\\\/instrava.com\\\/\",\"logo\":{\"@type\":\"ImageObject\",\"inLanguage\":\"es\",\"@id\":\"https:\\\/\\\/instrava.com\\\/#\\\/schema\\\/logo\\\/image\\\/\",\"url\":\"https:\\\/\\\/instrava.com\\\/wp-content\\\/uploads\\\/2024\\\/03\\\/in-strava-Instruments-and-meters.png\",\"contentUrl\":\"https:\\\/\\\/instrava.com\\\/wp-content\\\/uploads\\\/2024\\\/03\\\/in-strava-Instruments-and-meters.png\",\"width\":288,\"height\":59,\"caption\":\"instrava.com\"},\"image\":{\"@id\":\"https:\\\/\\\/instrava.com\\\/#\\\/schema\\\/logo\\\/image\\\/\"}}]}<\/script>\n<!-- \/ Yoast SEO plugin. -->","yoast_head_json":{"title":"Portable Infrared Gas Analyzer for Industrial Multi-Gas Measurement - Instrava","description":"Instrava portable infrared gas analyzer features NDIR, electrochemical, and MEMS sensors for fast, accurate measurement of CO, CO\u2082, CH\u2084, CnHm, O\u2082, H\u2082, and calorific values. Lightweight, portable, with USB\/RS485 output for industrial applications.","robots":{"index":"index","follow":"follow","max-snippet":"max-snippet:-1","max-image-preview":"max-image-preview:large","max-video-preview":"max-video-preview:-1"},"canonical":"https:\/\/instrava.com\/es\/producto\/portable-infrared-gas-analyzer-for-industrial-multi-gas-measurement\/","og_locale":"es_ES","og_type":"article","og_title":"Portable Infrared Gas Analyzer for Industrial Multi-Gas Measurement - Instrava","og_description":"Instrava portable infrared gas analyzer features NDIR, electrochemical, and MEMS sensors for fast, accurate measurement of CO, CO\u2082, CH\u2084, CnHm, O\u2082, H\u2082, and calorific values. Lightweight, portable, with USB\/RS485 output for industrial applications.","og_url":"https:\/\/instrava.com\/es\/producto\/portable-infrared-gas-analyzer-for-industrial-multi-gas-measurement\/","og_site_name":"Instrava","article_modified_time":"2026-03-25T09:17:59+00:00","og_image":[{"width":750,"height":750,"url":"https:\/\/instrava.com\/wp-content\/uploads\/2026\/03\/portable-infrared-gas-analyzer.webp","type":"image\/webp"}],"twitter_card":"summary_large_image","twitter_misc":{"Tiempo de lectura":"1 minuto"},"schema":{"@context":"https:\/\/schema.org","@graph":[{"@type":"WebPage","@id":"https:\/\/instrava.com\/product\/portable-infrared-gas-analyzer-for-industrial-multi-gas-measurement\/","url":"https:\/\/instrava.com\/product\/portable-infrared-gas-analyzer-for-industrial-multi-gas-measurement\/","name":"Portable Infrared Gas Analyzer for Industrial Multi-Gas Measurement - Instrava","isPartOf":{"@id":"https:\/\/instrava.com\/#website"},"primaryImageOfPage":{"@id":"https:\/\/instrava.com\/product\/portable-infrared-gas-analyzer-for-industrial-multi-gas-measurement\/#primaryimage"},"image":{"@id":"https:\/\/instrava.com\/product\/portable-infrared-gas-analyzer-for-industrial-multi-gas-measurement\/#primaryimage"},"thumbnailUrl":"https:\/\/instrava.com\/wp-content\/uploads\/2026\/03\/portable-infrared-gas-analyzer.webp","datePublished":"2026-03-13T08:31:31+00:00","dateModified":"2026-03-25T09:17:59+00:00","description":"Instrava portable infrared gas analyzer features NDIR, electrochemical, and MEMS sensors for fast, accurate measurement of CO, CO\u2082, CH\u2084, CnHm, O\u2082, H\u2082, and calorific values. Lightweight, portable, with USB\/RS485 output for industrial applications.","breadcrumb":{"@id":"https:\/\/instrava.com\/product\/portable-infrared-gas-analyzer-for-industrial-multi-gas-measurement\/#breadcrumb"},"inLanguage":"es","potentialAction":[{"@type":"ReadAction","target":["https:\/\/instrava.com\/product\/portable-infrared-gas-analyzer-for-industrial-multi-gas-measurement\/"]}]},{"@type":"ImageObject","inLanguage":"es","@id":"https:\/\/instrava.com\/product\/portable-infrared-gas-analyzer-for-industrial-multi-gas-measurement\/#primaryimage","url":"https:\/\/instrava.com\/wp-content\/uploads\/2026\/03\/portable-infrared-gas-analyzer.webp","contentUrl":"https:\/\/instrava.com\/wp-content\/uploads\/2026\/03\/portable-infrared-gas-analyzer.webp","width":750,"height":750,"caption":"Side view of portable gas analyzer with USB, charging, and control buttons."},{"@type":"BreadcrumbList","@id":"https:\/\/instrava.com\/product\/portable-infrared-gas-analyzer-for-industrial-multi-gas-measurement\/#breadcrumb","itemListElement":[{"@type":"ListItem","position":1,"name":"Home","item":"https:\/\/instrava.com\/"},{"@type":"ListItem","position":2,"name":"Products","item":"https:\/\/instrava.com\/product\/"},{"@type":"ListItem","position":3,"name":"Optical Analysis","item":"https:\/\/instrava.com\/category\/optical-analysis\/"},{"@type":"ListItem","position":4,"name":"Portable Infrared Gas Analyzer for Industrial Multi-Gas Measurement"}]},{"@type":"WebSite","@id":"https:\/\/instrava.com\/#website","url":"https:\/\/instrava.com\/","name":"instrava.com","description":"","publisher":{"@id":"https:\/\/instrava.com\/#organization"},"potentialAction":[{"@type":"SearchAction","target":{"@type":"EntryPoint","urlTemplate":"https:\/\/instrava.com\/?s={search_term_string}"},"query-input":{"@type":"PropertyValueSpecification","valueRequired":true,"valueName":"search_term_string"}}],"inLanguage":"es"},{"@type":"Organization","@id":"https:\/\/instrava.com\/#organization","name":"instrava.com","url":"https:\/\/instrava.com\/","logo":{"@type":"ImageObject","inLanguage":"es","@id":"https:\/\/instrava.com\/#\/schema\/logo\/image\/","url":"https:\/\/instrava.com\/wp-content\/uploads\/2024\/03\/in-strava-Instruments-and-meters.png","contentUrl":"https:\/\/instrava.com\/wp-content\/uploads\/2024\/03\/in-strava-Instruments-and-meters.png","width":288,"height":59,"caption":"instrava.com"},"image":{"@id":"https:\/\/instrava.com\/#\/schema\/logo\/image\/"}}]}},"_links":{"self":[{"href":"https:\/\/instrava.com\/es\/wp-json\/wp\/v2\/product\/33475","targetHints":{"allow":["GET"]}}],"collection":[{"href":"https:\/\/instrava.com\/es\/wp-json\/wp\/v2\/product"}],"about":[{"href":"https:\/\/instrava.com\/es\/wp-json\/wp\/v2\/types\/product"}],"version-history":[{"count":0,"href":"https:\/\/instrava.com\/es\/wp-json\/wp\/v2\/product\/33475\/revisions"}],"wp:featuredmedia":[{"embeddable":true,"href":"https:\/\/instrava.com\/es\/wp-json\/wp\/v2\/media\/33474"}],"wp:attachment":[{"href":"https:\/\/instrava.com\/es\/wp-json\/wp\/v2\/media?parent=33475"}],"wp:term":[{"taxonomy":"category","embeddable":true,"href":"https:\/\/instrava.com\/es\/wp-json\/wp\/v2\/categories?post=33475"},{"taxonomy":"post_tag","embeddable":true,"href":"https:\/\/instrava.com\/es\/wp-json\/wp\/v2\/tags?post=33475"}],"curies":[{"name":"wp","href":"https:\/\/api.w.org\/{rel}","templated":true}]}}