{"id":29553,"date":"2025-12-22T14:06:57","date_gmt":"2025-12-22T14:06:57","guid":{"rendered":"https:\/\/instrava.com\/?post_type=product&#038;p=29553"},"modified":"2026-03-25T08:59:20","modified_gmt":"2026-03-25T08:59:20","slug":"capteur-de-niveau-magnetique-reservoir-de-stockage-dhuile-et-de-gaz","status":"publish","type":"product","link":"https:\/\/instrava.com\/fr\/produit\/capteur-de-niveau-magnetique-reservoir-de-stockage-dhuile-et-de-gaz\/","title":{"rendered":"Capteur de niveau magn\u00e9tique - R\u00e9servoir de stockage de gaz et d'huile"},"content":{"rendered":"","protected":false},"excerpt":{"rendered":"","protected":false},"featured_media":29557,"template":"","categories":[58,117],"tags":[],"class_list":["post-29553","product","type-product","status-publish","has-post-thumbnail","hentry","category-level-measuring-instruments","category-magnetic-level-gauge"],"acf":[],"yoast_head":"<!-- This site is optimized with the Yoast SEO plugin v27.5 - https:\/\/yoast.com\/product\/yoast-seo-wordpress\/ -->\n<title>Magnetic Level Sensor-Oil Gas Storage Tank - Instrava<\/title>\n<meta name=\"description\" content=\"Instrave offers wholesale and custom-made industrial instrumentation products. We have a wide variety of magnetic level gauges; please contact us for more information.\" \/>\n<meta name=\"robots\" content=\"index, follow, max-snippet:-1, max-image-preview:large, max-video-preview:-1\" \/>\n<link rel=\"canonical\" href=\"https:\/\/instrava.com\/fr\/produit\/capteur-de-niveau-magnetique-reservoir-de-stockage-dhuile-et-de-gaz\/\" \/>\n<meta property=\"og:locale\" content=\"fr_FR\" \/>\n<meta property=\"og:type\" content=\"article\" \/>\n<meta property=\"og:title\" content=\"Magnetic Level Sensor-Oil Gas Storage Tank - Instrava\" \/>\n<meta property=\"og:description\" content=\"Instrave offers wholesale and custom-made industrial instrumentation products. We have a wide variety of magnetic level gauges; please contact us for more information.\" \/>\n<meta property=\"og:url\" content=\"https:\/\/instrava.com\/fr\/produit\/capteur-de-niveau-magnetique-reservoir-de-stockage-dhuile-et-de-gaz\/\" \/>\n<meta property=\"og:site_name\" content=\"Instrava\" \/>\n<meta property=\"article:modified_time\" content=\"2026-03-25T08:59:20+00:00\" \/>\n<meta property=\"og:image\" content=\"https:\/\/instrava.com\/wp-content\/uploads\/2025\/12\/magnetic-level.webp\" \/>\n\t<meta property=\"og:image:width\" content=\"900\" \/>\n\t<meta property=\"og:image:height\" content=\"900\" \/>\n\t<meta property=\"og:image:type\" content=\"image\/webp\" \/>\n<meta name=\"twitter:card\" content=\"summary_large_image\" \/>\n<meta name=\"twitter:label1\" content=\"Dur\u00e9e de lecture estim\u00e9e\" \/>\n\t<meta name=\"twitter:data1\" content=\"1 minute\" \/>\n<script type=\"application\/ld+json\" class=\"yoast-schema-graph\">{\"@context\":\"https:\\\/\\\/schema.org\",\"@graph\":[{\"@type\":\"WebPage\",\"@id\":\"https:\\\/\\\/instrava.com\\\/product\\\/magnetic-level-sensor-oil-gas-storage-tank\\\/\",\"url\":\"https:\\\/\\\/instrava.com\\\/product\\\/magnetic-level-sensor-oil-gas-storage-tank\\\/\",\"name\":\"Magnetic Level Sensor-Oil Gas Storage Tank - Instrava\",\"isPartOf\":{\"@id\":\"https:\\\/\\\/instrava.com\\\/#website\"},\"primaryImageOfPage\":{\"@id\":\"https:\\\/\\\/instrava.com\\\/product\\\/magnetic-level-sensor-oil-gas-storage-tank\\\/#primaryimage\"},\"image\":{\"@id\":\"https:\\\/\\\/instrava.com\\\/product\\\/magnetic-level-sensor-oil-gas-storage-tank\\\/#primaryimage\"},\"thumbnailUrl\":\"https:\\\/\\\/instrava.com\\\/wp-content\\\/uploads\\\/2025\\\/12\\\/magnetic-level.webp\",\"datePublished\":\"2025-12-22T14:06:57+00:00\",\"dateModified\":\"2026-03-25T08:59:20+00:00\",\"description\":\"Instrave offers wholesale and custom-made industrial instrumentation products. We have a wide variety of magnetic level gauges; please contact us for more information.\",\"breadcrumb\":{\"@id\":\"https:\\\/\\\/instrava.com\\\/product\\\/magnetic-level-sensor-oil-gas-storage-tank\\\/#breadcrumb\"},\"inLanguage\":\"fr-FR\",\"potentialAction\":[{\"@type\":\"ReadAction\",\"target\":[\"https:\\\/\\\/instrava.com\\\/product\\\/magnetic-level-sensor-oil-gas-storage-tank\\\/\"]}]},{\"@type\":\"ImageObject\",\"inLanguage\":\"fr-FR\",\"@id\":\"https:\\\/\\\/instrava.com\\\/product\\\/magnetic-level-sensor-oil-gas-storage-tank\\\/#primaryimage\",\"url\":\"https:\\\/\\\/instrava.com\\\/wp-content\\\/uploads\\\/2025\\\/12\\\/magnetic-level.webp\",\"contentUrl\":\"https:\\\/\\\/instrava.com\\\/wp-content\\\/uploads\\\/2025\\\/12\\\/magnetic-level.webp\",\"width\":900,\"height\":900,\"caption\":\"This image shows a magnetic level gauge featuring a clear scale and liquid level display device, suitable for containers that store liquids. The gauge measures liquid level height accurately through the interaction between the external magnetic probe and the internal float.\"},{\"@type\":\"BreadcrumbList\",\"@id\":\"https:\\\/\\\/instrava.com\\\/product\\\/magnetic-level-sensor-oil-gas-storage-tank\\\/#breadcrumb\",\"itemListElement\":[{\"@type\":\"ListItem\",\"position\":1,\"name\":\"Home\",\"item\":\"https:\\\/\\\/instrava.com\\\/\"},{\"@type\":\"ListItem\",\"position\":2,\"name\":\"Products\",\"item\":\"https:\\\/\\\/instrava.com\\\/product\\\/\"},{\"@type\":\"ListItem\",\"position\":3,\"name\":\"Level Measuring Instruments\",\"item\":\"https:\\\/\\\/instrava.com\\\/category\\\/level-measuring-instruments\\\/\"},{\"@type\":\"ListItem\",\"position\":4,\"name\":\"Magnetic Level Sensor-Oil Gas Storage Tank\"}]},{\"@type\":\"WebSite\",\"@id\":\"https:\\\/\\\/instrava.com\\\/#website\",\"url\":\"https:\\\/\\\/instrava.com\\\/\",\"name\":\"instrava.com\",\"description\":\"\",\"publisher\":{\"@id\":\"https:\\\/\\\/instrava.com\\\/#organization\"},\"potentialAction\":[{\"@type\":\"SearchAction\",\"target\":{\"@type\":\"EntryPoint\",\"urlTemplate\":\"https:\\\/\\\/instrava.com\\\/?s={search_term_string}\"},\"query-input\":{\"@type\":\"PropertyValueSpecification\",\"valueRequired\":true,\"valueName\":\"search_term_string\"}}],\"inLanguage\":\"fr-FR\"},{\"@type\":\"Organization\",\"@id\":\"https:\\\/\\\/instrava.com\\\/#organization\",\"name\":\"instrava.com\",\"url\":\"https:\\\/\\\/instrava.com\\\/\",\"logo\":{\"@type\":\"ImageObject\",\"inLanguage\":\"fr-FR\",\"@id\":\"https:\\\/\\\/instrava.com\\\/#\\\/schema\\\/logo\\\/image\\\/\",\"url\":\"https:\\\/\\\/instrava.com\\\/wp-content\\\/uploads\\\/2024\\\/03\\\/in-strava-Instruments-and-meters.png\",\"contentUrl\":\"https:\\\/\\\/instrava.com\\\/wp-content\\\/uploads\\\/2024\\\/03\\\/in-strava-Instruments-and-meters.png\",\"width\":288,\"height\":59,\"caption\":\"instrava.com\"},\"image\":{\"@id\":\"https:\\\/\\\/instrava.com\\\/#\\\/schema\\\/logo\\\/image\\\/\"}}]}<\/script>\n<!-- \/ Yoast SEO plugin. -->","yoast_head_json":{"title":"Capteur de niveau magn\u00e9tique - R\u00e9servoir de stockage d'huile et de gaz - Instrava","description":"Instrave propose des produits d'instrumentation industrielle en gros et sur mesure. Nous disposons d'une grande vari\u00e9t\u00e9 de jauges de niveau magn\u00e9tiques ; veuillez nous contacter pour plus d'informations.","robots":{"index":"index","follow":"follow","max-snippet":"max-snippet:-1","max-image-preview":"max-image-preview:large","max-video-preview":"max-video-preview:-1"},"canonical":"https:\/\/instrava.com\/fr\/produit\/capteur-de-niveau-magnetique-reservoir-de-stockage-dhuile-et-de-gaz\/","og_locale":"fr_FR","og_type":"article","og_title":"Magnetic Level Sensor-Oil Gas Storage Tank - Instrava","og_description":"Instrave offers wholesale and custom-made industrial instrumentation products. We have a wide variety of magnetic level gauges; please contact us for more information.","og_url":"https:\/\/instrava.com\/fr\/produit\/capteur-de-niveau-magnetique-reservoir-de-stockage-dhuile-et-de-gaz\/","og_site_name":"Instrava","article_modified_time":"2026-03-25T08:59:20+00:00","og_image":[{"width":900,"height":900,"url":"https:\/\/instrava.com\/wp-content\/uploads\/2025\/12\/magnetic-level.webp","type":"image\/webp"}],"twitter_card":"summary_large_image","twitter_misc":{"Dur\u00e9e de lecture estim\u00e9e":"1 minute"},"schema":{"@context":"https:\/\/schema.org","@graph":[{"@type":"WebPage","@id":"https:\/\/instrava.com\/product\/magnetic-level-sensor-oil-gas-storage-tank\/","url":"https:\/\/instrava.com\/product\/magnetic-level-sensor-oil-gas-storage-tank\/","name":"Capteur de niveau magn\u00e9tique - R\u00e9servoir de stockage d'huile et de gaz - Instrava","isPartOf":{"@id":"https:\/\/instrava.com\/#website"},"primaryImageOfPage":{"@id":"https:\/\/instrava.com\/product\/magnetic-level-sensor-oil-gas-storage-tank\/#primaryimage"},"image":{"@id":"https:\/\/instrava.com\/product\/magnetic-level-sensor-oil-gas-storage-tank\/#primaryimage"},"thumbnailUrl":"https:\/\/instrava.com\/wp-content\/uploads\/2025\/12\/magnetic-level.webp","datePublished":"2025-12-22T14:06:57+00:00","dateModified":"2026-03-25T08:59:20+00:00","description":"Instrave propose des produits d'instrumentation industrielle en gros et sur mesure. Nous disposons d'une grande vari\u00e9t\u00e9 de jauges de niveau magn\u00e9tiques ; veuillez nous contacter pour plus d'informations.","breadcrumb":{"@id":"https:\/\/instrava.com\/product\/magnetic-level-sensor-oil-gas-storage-tank\/#breadcrumb"},"inLanguage":"fr-FR","potentialAction":[{"@type":"ReadAction","target":["https:\/\/instrava.com\/product\/magnetic-level-sensor-oil-gas-storage-tank\/"]}]},{"@type":"ImageObject","inLanguage":"fr-FR","@id":"https:\/\/instrava.com\/product\/magnetic-level-sensor-oil-gas-storage-tank\/#primaryimage","url":"https:\/\/instrava.com\/wp-content\/uploads\/2025\/12\/magnetic-level.webp","contentUrl":"https:\/\/instrava.com\/wp-content\/uploads\/2025\/12\/magnetic-level.webp","width":900,"height":900,"caption":"This image shows a magnetic level gauge featuring a clear scale and liquid level display device, suitable for containers that store liquids. The gauge measures liquid level height accurately through the interaction between the external magnetic probe and the internal float."},{"@type":"BreadcrumbList","@id":"https:\/\/instrava.com\/product\/magnetic-level-sensor-oil-gas-storage-tank\/#breadcrumb","itemListElement":[{"@type":"ListItem","position":1,"name":"Home","item":"https:\/\/instrava.com\/"},{"@type":"ListItem","position":2,"name":"Products","item":"https:\/\/instrava.com\/product\/"},{"@type":"ListItem","position":3,"name":"Level Measuring Instruments","item":"https:\/\/instrava.com\/category\/level-measuring-instruments\/"},{"@type":"ListItem","position":4,"name":"Magnetic Level Sensor-Oil Gas Storage Tank"}]},{"@type":"WebSite","@id":"https:\/\/instrava.com\/#website","url":"https:\/\/instrava.com\/","name":"instrava.com","description":"","publisher":{"@id":"https:\/\/instrava.com\/#organization"},"potentialAction":[{"@type":"SearchAction","target":{"@type":"EntryPoint","urlTemplate":"https:\/\/instrava.com\/?s={search_term_string}"},"query-input":{"@type":"PropertyValueSpecification","valueRequired":true,"valueName":"search_term_string"}}],"inLanguage":"fr-FR"},{"@type":"Organization","@id":"https:\/\/instrava.com\/#organization","name":"instrava.com","url":"https:\/\/instrava.com\/","logo":{"@type":"ImageObject","inLanguage":"fr-FR","@id":"https:\/\/instrava.com\/#\/schema\/logo\/image\/","url":"https:\/\/instrava.com\/wp-content\/uploads\/2024\/03\/in-strava-Instruments-and-meters.png","contentUrl":"https:\/\/instrava.com\/wp-content\/uploads\/2024\/03\/in-strava-Instruments-and-meters.png","width":288,"height":59,"caption":"instrava.com"},"image":{"@id":"https:\/\/instrava.com\/#\/schema\/logo\/image\/"}}]}},"_links":{"self":[{"href":"https:\/\/instrava.com\/fr\/wp-json\/wp\/v2\/product\/29553","targetHints":{"allow":["GET"]}}],"collection":[{"href":"https:\/\/instrava.com\/fr\/wp-json\/wp\/v2\/product"}],"about":[{"href":"https:\/\/instrava.com\/fr\/wp-json\/wp\/v2\/types\/product"}],"version-history":[{"count":0,"href":"https:\/\/instrava.com\/fr\/wp-json\/wp\/v2\/product\/29553\/revisions"}],"wp:featuredmedia":[{"embeddable":true,"href":"https:\/\/instrava.com\/fr\/wp-json\/wp\/v2\/media\/29557"}],"wp:attachment":[{"href":"https:\/\/instrava.com\/fr\/wp-json\/wp\/v2\/media?parent=29553"}],"wp:term":[{"taxonomy":"category","embeddable":true,"href":"https:\/\/instrava.com\/fr\/wp-json\/wp\/v2\/categories?post=29553"},{"taxonomy":"post_tag","embeddable":true,"href":"https:\/\/instrava.com\/fr\/wp-json\/wp\/v2\/tags?post=29553"}],"curies":[{"name":"wp","href":"https:\/\/api.w.org\/{rel}","templated":true}]}}