{"id":29719,"date":"2025-12-28T08:49:16","date_gmt":"2025-12-28T08:49:16","guid":{"rendered":"https:\/\/instrava.com\/?post_type=product&#038;p=29719"},"modified":"2026-03-25T09:01:35","modified_gmt":"2026-03-25T09:01:35","slug":"debitmetre-a-orifice","status":"publish","type":"product","link":"https:\/\/instrava.com\/fr\/produit\/debitmetre-a-orifice\/","title":{"rendered":"D\u00e9bitm\u00e8tre \u00e0 orifice"},"content":{"rendered":"","protected":false},"excerpt":{"rendered":"","protected":false},"featured_media":29724,"template":"","categories":[128,59],"tags":[],"class_list":["post-29719","product","type-product","status-publish","has-post-thumbnail","hentry","category-differential-pressure-flowmeter","category-flowmeter"],"acf":[],"yoast_head":"<!-- This site is optimized with the Yoast SEO plugin v27.5 - https:\/\/yoast.com\/product\/yoast-seo-wordpress\/ -->\n<title>Orifice Flow Meter - Instrava<\/title>\n<meta name=\"description\" content=\"Professional orifice flow meter manufacturer offering standard and customized orifice plate flow meters for steam, gas, and high-pressure pipelines, compliant with ISO 5167.\" \/>\n<meta name=\"robots\" content=\"index, follow, max-snippet:-1, max-image-preview:large, max-video-preview:-1\" \/>\n<link rel=\"canonical\" href=\"https:\/\/instrava.com\/fr\/produit\/debitmetre-a-orifice\/\" \/>\n<meta property=\"og:locale\" content=\"fr_FR\" \/>\n<meta property=\"og:type\" content=\"article\" \/>\n<meta property=\"og:title\" content=\"Orifice Flow Meter - Instrava\" \/>\n<meta property=\"og:description\" content=\"Professional orifice flow meter manufacturer offering standard and customized orifice plate flow meters for steam, gas, and high-pressure pipelines, compliant with ISO 5167.\" \/>\n<meta property=\"og:url\" content=\"https:\/\/instrava.com\/fr\/produit\/debitmetre-a-orifice\/\" \/>\n<meta property=\"og:site_name\" content=\"Instrava\" \/>\n<meta property=\"article:modified_time\" content=\"2026-03-25T09:01:35+00:00\" \/>\n<meta property=\"og:image\" content=\"https:\/\/instrava.com\/wp-content\/uploads\/2025\/12\/orifice-flow-meter.webp\" \/>\n\t<meta property=\"og:image:width\" content=\"900\" \/>\n\t<meta property=\"og:image:height\" content=\"900\" \/>\n\t<meta property=\"og:image:type\" content=\"image\/webp\" \/>\n<meta name=\"twitter:card\" content=\"summary_large_image\" \/>\n<meta name=\"twitter:label1\" content=\"Dur\u00e9e de lecture estim\u00e9e\" \/>\n\t<meta name=\"twitter:data1\" content=\"1 minute\" \/>\n<script type=\"application\/ld+json\" class=\"yoast-schema-graph\">{\"@context\":\"https:\\\/\\\/schema.org\",\"@graph\":[{\"@type\":\"WebPage\",\"@id\":\"https:\\\/\\\/instrava.com\\\/product\\\/orifice-flow-meter\\\/\",\"url\":\"https:\\\/\\\/instrava.com\\\/product\\\/orifice-flow-meter\\\/\",\"name\":\"Orifice Flow Meter - Instrava\",\"isPartOf\":{\"@id\":\"https:\\\/\\\/instrava.com\\\/#website\"},\"primaryImageOfPage\":{\"@id\":\"https:\\\/\\\/instrava.com\\\/product\\\/orifice-flow-meter\\\/#primaryimage\"},\"image\":{\"@id\":\"https:\\\/\\\/instrava.com\\\/product\\\/orifice-flow-meter\\\/#primaryimage\"},\"thumbnailUrl\":\"https:\\\/\\\/instrava.com\\\/wp-content\\\/uploads\\\/2025\\\/12\\\/orifice-flow-meter.webp\",\"datePublished\":\"2025-12-28T08:49:16+00:00\",\"dateModified\":\"2026-03-25T09:01:35+00:00\",\"description\":\"Professional orifice flow meter manufacturer offering standard and customized orifice plate flow meters for steam, gas, and high-pressure pipelines, compliant with ISO 5167.\",\"breadcrumb\":{\"@id\":\"https:\\\/\\\/instrava.com\\\/product\\\/orifice-flow-meter\\\/#breadcrumb\"},\"inLanguage\":\"fr-FR\",\"potentialAction\":[{\"@type\":\"ReadAction\",\"target\":[\"https:\\\/\\\/instrava.com\\\/product\\\/orifice-flow-meter\\\/\"]}]},{\"@type\":\"ImageObject\",\"inLanguage\":\"fr-FR\",\"@id\":\"https:\\\/\\\/instrava.com\\\/product\\\/orifice-flow-meter\\\/#primaryimage\",\"url\":\"https:\\\/\\\/instrava.com\\\/wp-content\\\/uploads\\\/2025\\\/12\\\/orifice-flow-meter.webp\",\"contentUrl\":\"https:\\\/\\\/instrava.com\\\/wp-content\\\/uploads\\\/2025\\\/12\\\/orifice-flow-meter.webp\",\"width\":900,\"height\":900,\"caption\":\"Industrial orifice flow meter installed on pipeline\"},{\"@type\":\"BreadcrumbList\",\"@id\":\"https:\\\/\\\/instrava.com\\\/product\\\/orifice-flow-meter\\\/#breadcrumb\",\"itemListElement\":[{\"@type\":\"ListItem\",\"position\":1,\"name\":\"Home\",\"item\":\"https:\\\/\\\/instrava.com\\\/\"},{\"@type\":\"ListItem\",\"position\":2,\"name\":\"Products\",\"item\":\"https:\\\/\\\/instrava.com\\\/product\\\/\"},{\"@type\":\"ListItem\",\"position\":3,\"name\":\"Flowmeter\",\"item\":\"https:\\\/\\\/instrava.com\\\/category\\\/flowmeter\\\/\"},{\"@type\":\"ListItem\",\"position\":4,\"name\":\"Orifice Flow Meter\"}]},{\"@type\":\"WebSite\",\"@id\":\"https:\\\/\\\/instrava.com\\\/#website\",\"url\":\"https:\\\/\\\/instrava.com\\\/\",\"name\":\"instrava.com\",\"description\":\"\",\"publisher\":{\"@id\":\"https:\\\/\\\/instrava.com\\\/#organization\"},\"potentialAction\":[{\"@type\":\"SearchAction\",\"target\":{\"@type\":\"EntryPoint\",\"urlTemplate\":\"https:\\\/\\\/instrava.com\\\/?s={search_term_string}\"},\"query-input\":{\"@type\":\"PropertyValueSpecification\",\"valueRequired\":true,\"valueName\":\"search_term_string\"}}],\"inLanguage\":\"fr-FR\"},{\"@type\":\"Organization\",\"@id\":\"https:\\\/\\\/instrava.com\\\/#organization\",\"name\":\"instrava.com\",\"url\":\"https:\\\/\\\/instrava.com\\\/\",\"logo\":{\"@type\":\"ImageObject\",\"inLanguage\":\"fr-FR\",\"@id\":\"https:\\\/\\\/instrava.com\\\/#\\\/schema\\\/logo\\\/image\\\/\",\"url\":\"https:\\\/\\\/instrava.com\\\/wp-content\\\/uploads\\\/2024\\\/03\\\/in-strava-Instruments-and-meters.png\",\"contentUrl\":\"https:\\\/\\\/instrava.com\\\/wp-content\\\/uploads\\\/2024\\\/03\\\/in-strava-Instruments-and-meters.png\",\"width\":288,\"height\":59,\"caption\":\"instrava.com\"},\"image\":{\"@id\":\"https:\\\/\\\/instrava.com\\\/#\\\/schema\\\/logo\\\/image\\\/\"}}]}<\/script>\n<!-- \/ Yoast SEO plugin. -->","yoast_head_json":{"title":"D\u00e9bitm\u00e8tre \u00e0 orifice - Instrava","description":"Fabricant professionnel de d\u00e9bitm\u00e8tres \u00e0 orifice proposant des d\u00e9bitm\u00e8tres \u00e0 plaque \u00e0 orifice standard et personnalis\u00e9s pour les conduites de vapeur, de gaz et \u00e0 haute pression, conformes \u00e0 la norme ISO 5167.","robots":{"index":"index","follow":"follow","max-snippet":"max-snippet:-1","max-image-preview":"max-image-preview:large","max-video-preview":"max-video-preview:-1"},"canonical":"https:\/\/instrava.com\/fr\/produit\/debitmetre-a-orifice\/","og_locale":"fr_FR","og_type":"article","og_title":"Orifice Flow Meter - Instrava","og_description":"Professional orifice flow meter manufacturer offering standard and customized orifice plate flow meters for steam, gas, and high-pressure pipelines, compliant with ISO 5167.","og_url":"https:\/\/instrava.com\/fr\/produit\/debitmetre-a-orifice\/","og_site_name":"Instrava","article_modified_time":"2026-03-25T09:01:35+00:00","og_image":[{"width":900,"height":900,"url":"https:\/\/instrava.com\/wp-content\/uploads\/2025\/12\/orifice-flow-meter.webp","type":"image\/webp"}],"twitter_card":"summary_large_image","twitter_misc":{"Dur\u00e9e de lecture estim\u00e9e":"1 minute"},"schema":{"@context":"https:\/\/schema.org","@graph":[{"@type":"WebPage","@id":"https:\/\/instrava.com\/product\/orifice-flow-meter\/","url":"https:\/\/instrava.com\/product\/orifice-flow-meter\/","name":"D\u00e9bitm\u00e8tre \u00e0 orifice - Instrava","isPartOf":{"@id":"https:\/\/instrava.com\/#website"},"primaryImageOfPage":{"@id":"https:\/\/instrava.com\/product\/orifice-flow-meter\/#primaryimage"},"image":{"@id":"https:\/\/instrava.com\/product\/orifice-flow-meter\/#primaryimage"},"thumbnailUrl":"https:\/\/instrava.com\/wp-content\/uploads\/2025\/12\/orifice-flow-meter.webp","datePublished":"2025-12-28T08:49:16+00:00","dateModified":"2026-03-25T09:01:35+00:00","description":"Fabricant professionnel de d\u00e9bitm\u00e8tres \u00e0 orifice proposant des d\u00e9bitm\u00e8tres \u00e0 plaque \u00e0 orifice standard et personnalis\u00e9s pour les conduites de vapeur, de gaz et \u00e0 haute pression, conformes \u00e0 la norme ISO 5167.","breadcrumb":{"@id":"https:\/\/instrava.com\/product\/orifice-flow-meter\/#breadcrumb"},"inLanguage":"fr-FR","potentialAction":[{"@type":"ReadAction","target":["https:\/\/instrava.com\/product\/orifice-flow-meter\/"]}]},{"@type":"ImageObject","inLanguage":"fr-FR","@id":"https:\/\/instrava.com\/product\/orifice-flow-meter\/#primaryimage","url":"https:\/\/instrava.com\/wp-content\/uploads\/2025\/12\/orifice-flow-meter.webp","contentUrl":"https:\/\/instrava.com\/wp-content\/uploads\/2025\/12\/orifice-flow-meter.webp","width":900,"height":900,"caption":"Industrial orifice flow meter installed on pipeline"},{"@type":"BreadcrumbList","@id":"https:\/\/instrava.com\/product\/orifice-flow-meter\/#breadcrumb","itemListElement":[{"@type":"ListItem","position":1,"name":"Home","item":"https:\/\/instrava.com\/"},{"@type":"ListItem","position":2,"name":"Products","item":"https:\/\/instrava.com\/product\/"},{"@type":"ListItem","position":3,"name":"Flowmeter","item":"https:\/\/instrava.com\/category\/flowmeter\/"},{"@type":"ListItem","position":4,"name":"Orifice Flow Meter"}]},{"@type":"WebSite","@id":"https:\/\/instrava.com\/#website","url":"https:\/\/instrava.com\/","name":"instrava.com","description":"","publisher":{"@id":"https:\/\/instrava.com\/#organization"},"potentialAction":[{"@type":"SearchAction","target":{"@type":"EntryPoint","urlTemplate":"https:\/\/instrava.com\/?s={search_term_string}"},"query-input":{"@type":"PropertyValueSpecification","valueRequired":true,"valueName":"search_term_string"}}],"inLanguage":"fr-FR"},{"@type":"Organization","@id":"https:\/\/instrava.com\/#organization","name":"instrava.com","url":"https:\/\/instrava.com\/","logo":{"@type":"ImageObject","inLanguage":"fr-FR","@id":"https:\/\/instrava.com\/#\/schema\/logo\/image\/","url":"https:\/\/instrava.com\/wp-content\/uploads\/2024\/03\/in-strava-Instruments-and-meters.png","contentUrl":"https:\/\/instrava.com\/wp-content\/uploads\/2024\/03\/in-strava-Instruments-and-meters.png","width":288,"height":59,"caption":"instrava.com"},"image":{"@id":"https:\/\/instrava.com\/#\/schema\/logo\/image\/"}}]}},"_links":{"self":[{"href":"https:\/\/instrava.com\/fr\/wp-json\/wp\/v2\/product\/29719","targetHints":{"allow":["GET"]}}],"collection":[{"href":"https:\/\/instrava.com\/fr\/wp-json\/wp\/v2\/product"}],"about":[{"href":"https:\/\/instrava.com\/fr\/wp-json\/wp\/v2\/types\/product"}],"version-history":[{"count":0,"href":"https:\/\/instrava.com\/fr\/wp-json\/wp\/v2\/product\/29719\/revisions"}],"wp:featuredmedia":[{"embeddable":true,"href":"https:\/\/instrava.com\/fr\/wp-json\/wp\/v2\/media\/29724"}],"wp:attachment":[{"href":"https:\/\/instrava.com\/fr\/wp-json\/wp\/v2\/media?parent=29719"}],"wp:term":[{"taxonomy":"category","embeddable":true,"href":"https:\/\/instrava.com\/fr\/wp-json\/wp\/v2\/categories?post=29719"},{"taxonomy":"post_tag","embeddable":true,"href":"https:\/\/instrava.com\/fr\/wp-json\/wp\/v2\/tags?post=29719"}],"curies":[{"name":"wp","href":"https:\/\/api.w.org\/{rel}","templated":true}]}}