{"id":31358,"date":"2026-01-15T07:42:57","date_gmt":"2026-01-15T07:42:57","guid":{"rendered":"https:\/\/instrava.com\/?post_type=product&#038;p=31358"},"modified":"2026-03-25T09:05:00","modified_gmt":"2026-03-25T09:05:00","slug":"rotametre-a-surface-variable-debitmetre-acrylique","status":"publish","type":"product","link":"https:\/\/instrava.com\/fr\/produit\/rotametre-a-surface-variable-debitmetre-acrylique\/","title":{"rendered":"Rotam\u00e8tre \u00e0 surface variable D\u00e9bitm\u00e8tre acrylique"},"content":{"rendered":"","protected":false},"excerpt":{"rendered":"","protected":false},"featured_media":31363,"template":"","categories":[59,756],"tags":[626,630,382,506,587,629,631,628,632,503,633,625,627],"class_list":["post-31358","product","type-product","status-publish","has-post-thumbnail","hentry","category-flowmeter","category-variable-area-flow-meter","tag-acrylic-flow-meter","tag-gas-flow-meter","tag-industrial-flow-measurement","tag-industrial-measurement-solutions","tag-instrava","tag-liquid-flow-meter","tag-low-cost-flow-meter","tag-mechanical-flow-meter","tag-oem-flow-meter","tag-process-control-instrumentation","tag-safety-critical-applications","tag-variable-area-rotameter","tag-visual-flow-indicator"],"acf":[],"yoast_head":"<!-- This site is optimized with the Yoast SEO plugin v27.4 - https:\/\/yoast.com\/product\/yoast-seo-wordpress\/ -->\n<title>Variable Area Rotameter Acrylic Flow Meter - Instrava<\/title>\n<meta name=\"description\" content=\"Instrava provides reliable variable area rotameters and acrylic flow meter for visual liquid and gas flow measurement in industrial process control applications.\" \/>\n<meta name=\"robots\" content=\"index, follow, max-snippet:-1, max-image-preview:large, max-video-preview:-1\" \/>\n<link rel=\"canonical\" href=\"https:\/\/instrava.com\/fr\/produit\/rotametre-a-surface-variable-debitmetre-acrylique\/\" \/>\n<meta property=\"og:locale\" content=\"fr_FR\" \/>\n<meta property=\"og:type\" content=\"article\" \/>\n<meta property=\"og:title\" content=\"Variable Area Rotameter Acrylic Flow Meter - Instrava\" \/>\n<meta property=\"og:description\" content=\"Instrava provides reliable variable area rotameters and acrylic flow meter for visual liquid and gas flow measurement in industrial process control applications.\" \/>\n<meta property=\"og:url\" content=\"https:\/\/instrava.com\/fr\/produit\/rotametre-a-surface-variable-debitmetre-acrylique\/\" \/>\n<meta property=\"og:site_name\" content=\"Instrava\" \/>\n<meta property=\"article:modified_time\" content=\"2026-03-25T09:05:00+00:00\" \/>\n<meta property=\"og:image\" content=\"https:\/\/instrava.com\/wp-content\/uploads\/2026\/01\/rotameter.webp\" \/>\n\t<meta property=\"og:image:width\" content=\"750\" \/>\n\t<meta property=\"og:image:height\" content=\"750\" \/>\n\t<meta property=\"og:image:type\" content=\"image\/webp\" \/>\n<meta name=\"twitter:card\" content=\"summary_large_image\" \/>\n<meta name=\"twitter:label1\" content=\"Dur\u00e9e de lecture estim\u00e9e\" \/>\n\t<meta name=\"twitter:data1\" content=\"1 minute\" \/>\n<script type=\"application\/ld+json\" class=\"yoast-schema-graph\">{\"@context\":\"https:\\\/\\\/schema.org\",\"@graph\":[{\"@type\":\"WebPage\",\"@id\":\"https:\\\/\\\/instrava.com\\\/product\\\/variable-area-rotameter-acrylic-flow-meter\\\/\",\"url\":\"https:\\\/\\\/instrava.com\\\/product\\\/variable-area-rotameter-acrylic-flow-meter\\\/\",\"name\":\"Variable Area Rotameter Acrylic Flow Meter - Instrava\",\"isPartOf\":{\"@id\":\"https:\\\/\\\/instrava.com\\\/#website\"},\"primaryImageOfPage\":{\"@id\":\"https:\\\/\\\/instrava.com\\\/product\\\/variable-area-rotameter-acrylic-flow-meter\\\/#primaryimage\"},\"image\":{\"@id\":\"https:\\\/\\\/instrava.com\\\/product\\\/variable-area-rotameter-acrylic-flow-meter\\\/#primaryimage\"},\"thumbnailUrl\":\"https:\\\/\\\/instrava.com\\\/wp-content\\\/uploads\\\/2026\\\/01\\\/rotameter.webp\",\"datePublished\":\"2026-01-15T07:42:57+00:00\",\"dateModified\":\"2026-03-25T09:05:00+00:00\",\"description\":\"Instrava provides reliable variable area rotameters and acrylic flow meter for visual liquid and gas flow measurement in industrial process control applications.\",\"breadcrumb\":{\"@id\":\"https:\\\/\\\/instrava.com\\\/product\\\/variable-area-rotameter-acrylic-flow-meter\\\/#breadcrumb\"},\"inLanguage\":\"fr-FR\",\"potentialAction\":[{\"@type\":\"ReadAction\",\"target\":[\"https:\\\/\\\/instrava.com\\\/product\\\/variable-area-rotameter-acrylic-flow-meter\\\/\"]}]},{\"@type\":\"ImageObject\",\"inLanguage\":\"fr-FR\",\"@id\":\"https:\\\/\\\/instrava.com\\\/product\\\/variable-area-rotameter-acrylic-flow-meter\\\/#primaryimage\",\"url\":\"https:\\\/\\\/instrava.com\\\/wp-content\\\/uploads\\\/2026\\\/01\\\/rotameter.webp\",\"contentUrl\":\"https:\\\/\\\/instrava.com\\\/wp-content\\\/uploads\\\/2026\\\/01\\\/rotameter.webp\",\"width\":750,\"height\":750,\"caption\":\"Instrava air rotameter flow meter with LPM and SCFH scale\"},{\"@type\":\"BreadcrumbList\",\"@id\":\"https:\\\/\\\/instrava.com\\\/product\\\/variable-area-rotameter-acrylic-flow-meter\\\/#breadcrumb\",\"itemListElement\":[{\"@type\":\"ListItem\",\"position\":1,\"name\":\"Home\",\"item\":\"https:\\\/\\\/instrava.com\\\/\"},{\"@type\":\"ListItem\",\"position\":2,\"name\":\"Products\",\"item\":\"https:\\\/\\\/instrava.com\\\/product\\\/\"},{\"@type\":\"ListItem\",\"position\":3,\"name\":\"Flowmeter\",\"item\":\"https:\\\/\\\/instrava.com\\\/category\\\/flowmeter\\\/\"},{\"@type\":\"ListItem\",\"position\":4,\"name\":\"Variable Area Rotameter Acrylic Flow Meter\"}]},{\"@type\":\"WebSite\",\"@id\":\"https:\\\/\\\/instrava.com\\\/#website\",\"url\":\"https:\\\/\\\/instrava.com\\\/\",\"name\":\"instrava.com\",\"description\":\"\",\"publisher\":{\"@id\":\"https:\\\/\\\/instrava.com\\\/#organization\"},\"potentialAction\":[{\"@type\":\"SearchAction\",\"target\":{\"@type\":\"EntryPoint\",\"urlTemplate\":\"https:\\\/\\\/instrava.com\\\/?s={search_term_string}\"},\"query-input\":{\"@type\":\"PropertyValueSpecification\",\"valueRequired\":true,\"valueName\":\"search_term_string\"}}],\"inLanguage\":\"fr-FR\"},{\"@type\":\"Organization\",\"@id\":\"https:\\\/\\\/instrava.com\\\/#organization\",\"name\":\"instrava.com\",\"url\":\"https:\\\/\\\/instrava.com\\\/\",\"logo\":{\"@type\":\"ImageObject\",\"inLanguage\":\"fr-FR\",\"@id\":\"https:\\\/\\\/instrava.com\\\/#\\\/schema\\\/logo\\\/image\\\/\",\"url\":\"https:\\\/\\\/instrava.com\\\/wp-content\\\/uploads\\\/2024\\\/03\\\/in-strava-Instruments-and-meters.png\",\"contentUrl\":\"https:\\\/\\\/instrava.com\\\/wp-content\\\/uploads\\\/2024\\\/03\\\/in-strava-Instruments-and-meters.png\",\"width\":288,\"height\":59,\"caption\":\"instrava.com\"},\"image\":{\"@id\":\"https:\\\/\\\/instrava.com\\\/#\\\/schema\\\/logo\\\/image\\\/\"}}]}<\/script>\n<!-- \/ Yoast SEO plugin. -->","yoast_head_json":{"title":"Rotam\u00e8tre \u00e0 surface variable D\u00e9bitm\u00e8tre acrylique - Instrava","description":"Instrava fournit des rotam\u00e8tres \u00e0 surface variable et des d\u00e9bitm\u00e8tres acryliques fiables pour la mesure visuelle du d\u00e9bit de liquide et de gaz dans les applications de contr\u00f4le des processus industriels.","robots":{"index":"index","follow":"follow","max-snippet":"max-snippet:-1","max-image-preview":"max-image-preview:large","max-video-preview":"max-video-preview:-1"},"canonical":"https:\/\/instrava.com\/fr\/produit\/rotametre-a-surface-variable-debitmetre-acrylique\/","og_locale":"fr_FR","og_type":"article","og_title":"Variable Area Rotameter Acrylic Flow Meter - Instrava","og_description":"Instrava provides reliable variable area rotameters and acrylic flow meter for visual liquid and gas flow measurement in industrial process control applications.","og_url":"https:\/\/instrava.com\/fr\/produit\/rotametre-a-surface-variable-debitmetre-acrylique\/","og_site_name":"Instrava","article_modified_time":"2026-03-25T09:05:00+00:00","og_image":[{"width":750,"height":750,"url":"https:\/\/instrava.com\/wp-content\/uploads\/2026\/01\/rotameter.webp","type":"image\/webp"}],"twitter_card":"summary_large_image","twitter_misc":{"Dur\u00e9e de lecture estim\u00e9e":"1 minute"},"schema":{"@context":"https:\/\/schema.org","@graph":[{"@type":"WebPage","@id":"https:\/\/instrava.com\/product\/variable-area-rotameter-acrylic-flow-meter\/","url":"https:\/\/instrava.com\/product\/variable-area-rotameter-acrylic-flow-meter\/","name":"Rotam\u00e8tre \u00e0 surface variable D\u00e9bitm\u00e8tre acrylique - Instrava","isPartOf":{"@id":"https:\/\/instrava.com\/#website"},"primaryImageOfPage":{"@id":"https:\/\/instrava.com\/product\/variable-area-rotameter-acrylic-flow-meter\/#primaryimage"},"image":{"@id":"https:\/\/instrava.com\/product\/variable-area-rotameter-acrylic-flow-meter\/#primaryimage"},"thumbnailUrl":"https:\/\/instrava.com\/wp-content\/uploads\/2026\/01\/rotameter.webp","datePublished":"2026-01-15T07:42:57+00:00","dateModified":"2026-03-25T09:05:00+00:00","description":"Instrava fournit des rotam\u00e8tres \u00e0 surface variable et des d\u00e9bitm\u00e8tres acryliques fiables pour la mesure visuelle du d\u00e9bit de liquide et de gaz dans les applications de contr\u00f4le des processus industriels.","breadcrumb":{"@id":"https:\/\/instrava.com\/product\/variable-area-rotameter-acrylic-flow-meter\/#breadcrumb"},"inLanguage":"fr-FR","potentialAction":[{"@type":"ReadAction","target":["https:\/\/instrava.com\/product\/variable-area-rotameter-acrylic-flow-meter\/"]}]},{"@type":"ImageObject","inLanguage":"fr-FR","@id":"https:\/\/instrava.com\/product\/variable-area-rotameter-acrylic-flow-meter\/#primaryimage","url":"https:\/\/instrava.com\/wp-content\/uploads\/2026\/01\/rotameter.webp","contentUrl":"https:\/\/instrava.com\/wp-content\/uploads\/2026\/01\/rotameter.webp","width":750,"height":750,"caption":"Instrava air rotameter flow meter with LPM and SCFH scale"},{"@type":"BreadcrumbList","@id":"https:\/\/instrava.com\/product\/variable-area-rotameter-acrylic-flow-meter\/#breadcrumb","itemListElement":[{"@type":"ListItem","position":1,"name":"Home","item":"https:\/\/instrava.com\/"},{"@type":"ListItem","position":2,"name":"Products","item":"https:\/\/instrava.com\/product\/"},{"@type":"ListItem","position":3,"name":"Flowmeter","item":"https:\/\/instrava.com\/category\/flowmeter\/"},{"@type":"ListItem","position":4,"name":"Variable Area Rotameter Acrylic Flow Meter"}]},{"@type":"WebSite","@id":"https:\/\/instrava.com\/#website","url":"https:\/\/instrava.com\/","name":"instrava.com","description":"","publisher":{"@id":"https:\/\/instrava.com\/#organization"},"potentialAction":[{"@type":"SearchAction","target":{"@type":"EntryPoint","urlTemplate":"https:\/\/instrava.com\/?s={search_term_string}"},"query-input":{"@type":"PropertyValueSpecification","valueRequired":true,"valueName":"search_term_string"}}],"inLanguage":"fr-FR"},{"@type":"Organization","@id":"https:\/\/instrava.com\/#organization","name":"instrava.com","url":"https:\/\/instrava.com\/","logo":{"@type":"ImageObject","inLanguage":"fr-FR","@id":"https:\/\/instrava.com\/#\/schema\/logo\/image\/","url":"https:\/\/instrava.com\/wp-content\/uploads\/2024\/03\/in-strava-Instruments-and-meters.png","contentUrl":"https:\/\/instrava.com\/wp-content\/uploads\/2024\/03\/in-strava-Instruments-and-meters.png","width":288,"height":59,"caption":"instrava.com"},"image":{"@id":"https:\/\/instrava.com\/#\/schema\/logo\/image\/"}}]}},"_links":{"self":[{"href":"https:\/\/instrava.com\/fr\/wp-json\/wp\/v2\/product\/31358","targetHints":{"allow":["GET"]}}],"collection":[{"href":"https:\/\/instrava.com\/fr\/wp-json\/wp\/v2\/product"}],"about":[{"href":"https:\/\/instrava.com\/fr\/wp-json\/wp\/v2\/types\/product"}],"version-history":[{"count":0,"href":"https:\/\/instrava.com\/fr\/wp-json\/wp\/v2\/product\/31358\/revisions"}],"wp:featuredmedia":[{"embeddable":true,"href":"https:\/\/instrava.com\/fr\/wp-json\/wp\/v2\/media\/31363"}],"wp:attachment":[{"href":"https:\/\/instrava.com\/fr\/wp-json\/wp\/v2\/media?parent=31358"}],"wp:term":[{"taxonomy":"category","embeddable":true,"href":"https:\/\/instrava.com\/fr\/wp-json\/wp\/v2\/categories?post=31358"},{"taxonomy":"post_tag","embeddable":true,"href":"https:\/\/instrava.com\/fr\/wp-json\/wp\/v2\/tags?post=31358"}],"curies":[{"name":"wp","href":"https:\/\/api.w.org\/{rel}","templated":true}]}}