{"id":32124,"date":"2026-01-22T03:19:09","date_gmt":"2026-01-22T03:19:09","guid":{"rendered":"https:\/\/instrava.com\/?post_type=product&#038;p=32124"},"modified":"2026-03-25T09:05:22","modified_gmt":"2026-03-25T09:05:22","slug":"debitmetre-a-coin","status":"publish","type":"product","link":"https:\/\/instrava.com\/fr\/produit\/debitmetre-a-coin\/","title":{"rendered":"D\u00e9bitm\u00e8tre \u00e0 coin"},"content":{"rendered":"","protected":false},"excerpt":{"rendered":"","protected":false},"featured_media":32118,"template":"","categories":[59,130],"tags":[377,712,716,630,710,376,714,715,711,713,708,709],"class_list":["post-32124","product","type-product","status-publish","has-post-thumbnail","hentry","category-flowmeter","category-standard-throttle-device","tag-differential-pressure-flow-meter","tag-dirty-media-flow-meter","tag-energy-saving-flow-meter","tag-gas-flow-meter","tag-high-viscosity-flow-meter","tag-industrial-flow-meter","tag-low-reynolds-number-flow-meter","tag-non-clogging-flow-meter","tag-slurry-flow-meter","tag-steam-flow-meter","tag-wedge-flow-meter","tag-wedge-type-flow-meter"],"acf":[],"yoast_head":"<!-- This site is optimized with the Yoast SEO plugin v27.4 - https:\/\/yoast.com\/product\/yoast-seo-wordpress\/ -->\n<title>Wedge Flow Meter | Reliable Flow Measurement for High Viscosity &amp; Dirty MediaInstrava<\/title>\n<meta name=\"description\" content=\"Wedge flow meter offers accurate differential pressure flow measurement for high-viscosity, slurry, gas, and steam applications with low pressure loss and high stability.\" \/>\n<meta name=\"robots\" content=\"index, follow, max-snippet:-1, max-image-preview:large, max-video-preview:-1\" \/>\n<link rel=\"canonical\" href=\"https:\/\/instrava.com\/fr\/produit\/debitmetre-a-coin\/\" \/>\n<meta property=\"og:locale\" content=\"fr_FR\" \/>\n<meta property=\"og:type\" content=\"article\" \/>\n<meta property=\"og:title\" content=\"Wedge Flow Meter | Reliable Flow Measurement for High Viscosity &amp; Dirty MediaInstrava\" \/>\n<meta property=\"og:description\" content=\"Wedge flow meter offers accurate differential pressure flow measurement for high-viscosity, slurry, gas, and steam applications with low pressure loss and high stability.\" \/>\n<meta property=\"og:url\" content=\"https:\/\/instrava.com\/fr\/produit\/debitmetre-a-coin\/\" \/>\n<meta property=\"og:site_name\" content=\"Instrava\" \/>\n<meta property=\"article:modified_time\" content=\"2026-03-25T09:05:22+00:00\" \/>\n<meta property=\"og:image\" content=\"https:\/\/instrava.com\/wp-content\/uploads\/2026\/01\/wedge-flow-meter.webp\" \/>\n\t<meta property=\"og:image:width\" content=\"750\" \/>\n\t<meta property=\"og:image:height\" content=\"750\" \/>\n\t<meta property=\"og:image:type\" content=\"image\/webp\" \/>\n<meta name=\"twitter:card\" content=\"summary_large_image\" \/>\n<meta name=\"twitter:label1\" content=\"Dur\u00e9e de lecture estim\u00e9e\" \/>\n\t<meta name=\"twitter:data1\" content=\"1 minute\" \/>\n<script type=\"application\/ld+json\" class=\"yoast-schema-graph\">{\"@context\":\"https:\\\/\\\/schema.org\",\"@graph\":[{\"@type\":\"WebPage\",\"@id\":\"https:\\\/\\\/instrava.com\\\/product\\\/wedge-flow-meter\\\/\",\"url\":\"https:\\\/\\\/instrava.com\\\/product\\\/wedge-flow-meter\\\/\",\"name\":\"Wedge Flow Meter | Reliable Flow Measurement for High Viscosity & Dirty MediaInstrava\",\"isPartOf\":{\"@id\":\"https:\\\/\\\/instrava.com\\\/#website\"},\"primaryImageOfPage\":{\"@id\":\"https:\\\/\\\/instrava.com\\\/product\\\/wedge-flow-meter\\\/#primaryimage\"},\"image\":{\"@id\":\"https:\\\/\\\/instrava.com\\\/product\\\/wedge-flow-meter\\\/#primaryimage\"},\"thumbnailUrl\":\"https:\\\/\\\/instrava.com\\\/wp-content\\\/uploads\\\/2026\\\/01\\\/wedge-flow-meter.webp\",\"datePublished\":\"2026-01-22T03:19:09+00:00\",\"dateModified\":\"2026-03-25T09:05:22+00:00\",\"description\":\"Wedge flow meter offers accurate differential pressure flow measurement for high-viscosity, slurry, gas, and steam applications with low pressure loss and high stability.\",\"breadcrumb\":{\"@id\":\"https:\\\/\\\/instrava.com\\\/product\\\/wedge-flow-meter\\\/#breadcrumb\"},\"inLanguage\":\"fr-FR\",\"potentialAction\":[{\"@type\":\"ReadAction\",\"target\":[\"https:\\\/\\\/instrava.com\\\/product\\\/wedge-flow-meter\\\/\"]}]},{\"@type\":\"ImageObject\",\"inLanguage\":\"fr-FR\",\"@id\":\"https:\\\/\\\/instrava.com\\\/product\\\/wedge-flow-meter\\\/#primaryimage\",\"url\":\"https:\\\/\\\/instrava.com\\\/wp-content\\\/uploads\\\/2026\\\/01\\\/wedge-flow-meter.webp\",\"contentUrl\":\"https:\\\/\\\/instrava.com\\\/wp-content\\\/uploads\\\/2026\\\/01\\\/wedge-flow-meter.webp\",\"width\":750,\"height\":750,\"caption\":\"V-Cone flow meter supplier flanged differential pressure flowmeter\"},{\"@type\":\"BreadcrumbList\",\"@id\":\"https:\\\/\\\/instrava.com\\\/product\\\/wedge-flow-meter\\\/#breadcrumb\",\"itemListElement\":[{\"@type\":\"ListItem\",\"position\":1,\"name\":\"Home\",\"item\":\"https:\\\/\\\/instrava.com\\\/\"},{\"@type\":\"ListItem\",\"position\":2,\"name\":\"Products\",\"item\":\"https:\\\/\\\/instrava.com\\\/product\\\/\"},{\"@type\":\"ListItem\",\"position\":3,\"name\":\"Flowmeter\",\"item\":\"https:\\\/\\\/instrava.com\\\/category\\\/flowmeter\\\/\"},{\"@type\":\"ListItem\",\"position\":4,\"name\":\"Wedge Flow Meter\"}]},{\"@type\":\"WebSite\",\"@id\":\"https:\\\/\\\/instrava.com\\\/#website\",\"url\":\"https:\\\/\\\/instrava.com\\\/\",\"name\":\"instrava.com\",\"description\":\"\",\"publisher\":{\"@id\":\"https:\\\/\\\/instrava.com\\\/#organization\"},\"potentialAction\":[{\"@type\":\"SearchAction\",\"target\":{\"@type\":\"EntryPoint\",\"urlTemplate\":\"https:\\\/\\\/instrava.com\\\/?s={search_term_string}\"},\"query-input\":{\"@type\":\"PropertyValueSpecification\",\"valueRequired\":true,\"valueName\":\"search_term_string\"}}],\"inLanguage\":\"fr-FR\"},{\"@type\":\"Organization\",\"@id\":\"https:\\\/\\\/instrava.com\\\/#organization\",\"name\":\"instrava.com\",\"url\":\"https:\\\/\\\/instrava.com\\\/\",\"logo\":{\"@type\":\"ImageObject\",\"inLanguage\":\"fr-FR\",\"@id\":\"https:\\\/\\\/instrava.com\\\/#\\\/schema\\\/logo\\\/image\\\/\",\"url\":\"https:\\\/\\\/instrava.com\\\/wp-content\\\/uploads\\\/2024\\\/03\\\/in-strava-Instruments-and-meters.png\",\"contentUrl\":\"https:\\\/\\\/instrava.com\\\/wp-content\\\/uploads\\\/2024\\\/03\\\/in-strava-Instruments-and-meters.png\",\"width\":288,\"height\":59,\"caption\":\"instrava.com\"},\"image\":{\"@id\":\"https:\\\/\\\/instrava.com\\\/#\\\/schema\\\/logo\\\/image\\\/\"}}]}<\/script>\n<!-- \/ Yoast SEO plugin. -->","yoast_head_json":{"title":"D\u00e9bitm\u00e8tre \u00e0 coin - Mesure fiable du d\u00e9bit pour les fluides sales et \u00e0 haute viscosit\u00e9Instrava","description":"Le d\u00e9bitm\u00e8tre \u00e0 coin offre une mesure pr\u00e9cise de la pression diff\u00e9rentielle pour les applications \u00e0 haute viscosit\u00e9, les boues, les gaz et la vapeur, avec une faible perte de pression et une grande stabilit\u00e9.","robots":{"index":"index","follow":"follow","max-snippet":"max-snippet:-1","max-image-preview":"max-image-preview:large","max-video-preview":"max-video-preview:-1"},"canonical":"https:\/\/instrava.com\/fr\/produit\/debitmetre-a-coin\/","og_locale":"fr_FR","og_type":"article","og_title":"Wedge Flow Meter | Reliable Flow Measurement for High Viscosity & Dirty MediaInstrava","og_description":"Wedge flow meter offers accurate differential pressure flow measurement for high-viscosity, slurry, gas, and steam applications with low pressure loss and high stability.","og_url":"https:\/\/instrava.com\/fr\/produit\/debitmetre-a-coin\/","og_site_name":"Instrava","article_modified_time":"2026-03-25T09:05:22+00:00","og_image":[{"width":750,"height":750,"url":"https:\/\/instrava.com\/wp-content\/uploads\/2026\/01\/wedge-flow-meter.webp","type":"image\/webp"}],"twitter_card":"summary_large_image","twitter_misc":{"Dur\u00e9e de lecture estim\u00e9e":"1 minute"},"schema":{"@context":"https:\/\/schema.org","@graph":[{"@type":"WebPage","@id":"https:\/\/instrava.com\/product\/wedge-flow-meter\/","url":"https:\/\/instrava.com\/product\/wedge-flow-meter\/","name":"D\u00e9bitm\u00e8tre \u00e0 coin - Mesure fiable du d\u00e9bit pour les fluides sales et \u00e0 haute viscosit\u00e9Instrava","isPartOf":{"@id":"https:\/\/instrava.com\/#website"},"primaryImageOfPage":{"@id":"https:\/\/instrava.com\/product\/wedge-flow-meter\/#primaryimage"},"image":{"@id":"https:\/\/instrava.com\/product\/wedge-flow-meter\/#primaryimage"},"thumbnailUrl":"https:\/\/instrava.com\/wp-content\/uploads\/2026\/01\/wedge-flow-meter.webp","datePublished":"2026-01-22T03:19:09+00:00","dateModified":"2026-03-25T09:05:22+00:00","description":"Le d\u00e9bitm\u00e8tre \u00e0 coin offre une mesure pr\u00e9cise de la pression diff\u00e9rentielle pour les applications \u00e0 haute viscosit\u00e9, les boues, les gaz et la vapeur, avec une faible perte de pression et une grande stabilit\u00e9.","breadcrumb":{"@id":"https:\/\/instrava.com\/product\/wedge-flow-meter\/#breadcrumb"},"inLanguage":"fr-FR","potentialAction":[{"@type":"ReadAction","target":["https:\/\/instrava.com\/product\/wedge-flow-meter\/"]}]},{"@type":"ImageObject","inLanguage":"fr-FR","@id":"https:\/\/instrava.com\/product\/wedge-flow-meter\/#primaryimage","url":"https:\/\/instrava.com\/wp-content\/uploads\/2026\/01\/wedge-flow-meter.webp","contentUrl":"https:\/\/instrava.com\/wp-content\/uploads\/2026\/01\/wedge-flow-meter.webp","width":750,"height":750,"caption":"V-Cone flow meter supplier flanged differential pressure flowmeter"},{"@type":"BreadcrumbList","@id":"https:\/\/instrava.com\/product\/wedge-flow-meter\/#breadcrumb","itemListElement":[{"@type":"ListItem","position":1,"name":"Home","item":"https:\/\/instrava.com\/"},{"@type":"ListItem","position":2,"name":"Products","item":"https:\/\/instrava.com\/product\/"},{"@type":"ListItem","position":3,"name":"Flowmeter","item":"https:\/\/instrava.com\/category\/flowmeter\/"},{"@type":"ListItem","position":4,"name":"Wedge Flow Meter"}]},{"@type":"WebSite","@id":"https:\/\/instrava.com\/#website","url":"https:\/\/instrava.com\/","name":"instrava.com","description":"","publisher":{"@id":"https:\/\/instrava.com\/#organization"},"potentialAction":[{"@type":"SearchAction","target":{"@type":"EntryPoint","urlTemplate":"https:\/\/instrava.com\/?s={search_term_string}"},"query-input":{"@type":"PropertyValueSpecification","valueRequired":true,"valueName":"search_term_string"}}],"inLanguage":"fr-FR"},{"@type":"Organization","@id":"https:\/\/instrava.com\/#organization","name":"instrava.com","url":"https:\/\/instrava.com\/","logo":{"@type":"ImageObject","inLanguage":"fr-FR","@id":"https:\/\/instrava.com\/#\/schema\/logo\/image\/","url":"https:\/\/instrava.com\/wp-content\/uploads\/2024\/03\/in-strava-Instruments-and-meters.png","contentUrl":"https:\/\/instrava.com\/wp-content\/uploads\/2024\/03\/in-strava-Instruments-and-meters.png","width":288,"height":59,"caption":"instrava.com"},"image":{"@id":"https:\/\/instrava.com\/#\/schema\/logo\/image\/"}}]}},"_links":{"self":[{"href":"https:\/\/instrava.com\/fr\/wp-json\/wp\/v2\/product\/32124","targetHints":{"allow":["GET"]}}],"collection":[{"href":"https:\/\/instrava.com\/fr\/wp-json\/wp\/v2\/product"}],"about":[{"href":"https:\/\/instrava.com\/fr\/wp-json\/wp\/v2\/types\/product"}],"version-history":[{"count":0,"href":"https:\/\/instrava.com\/fr\/wp-json\/wp\/v2\/product\/32124\/revisions"}],"wp:featuredmedia":[{"embeddable":true,"href":"https:\/\/instrava.com\/fr\/wp-json\/wp\/v2\/media\/32118"}],"wp:attachment":[{"href":"https:\/\/instrava.com\/fr\/wp-json\/wp\/v2\/media?parent=32124"}],"wp:term":[{"taxonomy":"category","embeddable":true,"href":"https:\/\/instrava.com\/fr\/wp-json\/wp\/v2\/categories?post=32124"},{"taxonomy":"post_tag","embeddable":true,"href":"https:\/\/instrava.com\/fr\/wp-json\/wp\/v2\/tags?post=32124"}],"curies":[{"name":"wp","href":"https:\/\/api.w.org\/{rel}","templated":true}]}}