{"id":33227,"date":"2026-03-02T08:29:07","date_gmt":"2026-03-02T08:29:07","guid":{"rendered":"https:\/\/instrava.com\/?post_type=product&#038;p=33227"},"modified":"2026-03-25T09:13:35","modified_gmt":"2026-03-25T09:13:35","slug":"compteur-doxygene-dissous","status":"publish","type":"product","link":"https:\/\/instrava.com\/fr\/produit\/compteur-doxygene-dissous\/","title":{"rendered":"Mesureur d'oxyg\u00e8ne dissous"},"content":{"rendered":"","protected":false},"excerpt":{"rendered":"","protected":false},"featured_media":33226,"template":"","categories":[1061],"tags":[1272,841,1269,1273,1275,870,1274,1268,1270,1271],"class_list":["post-33227","product","type-product","status-publish","has-post-thumbnail","hentry","category-liquid-analysis","tag-aeration-tank-do-meter","tag-environmental-water-quality-sensor","tag-fluorescence-do-sensor","tag-industrial-do-measurement-device","tag-instrava-water-quality-instrument","tag-ip68-dissolved-oxygen-probe","tag-maintenance-free-do-sensor","tag-optical-dissolved-oxygen-meter","tag-portable-do-analyzer","tag-wastewater-dissolved-oxygen-monitoring"],"acf":[],"yoast_head":"<!-- This site is optimized with the Yoast SEO plugin v27.4 - https:\/\/yoast.com\/product\/yoast-seo-wordpress\/ -->\n<title>Dissolved Oxygen Meter - Instrava<\/title>\n<meta name=\"description\" content=\"Instrava optical dissolved oxygen meter uses fluorescence lifetime technology for fast, maintenance-free DO measurement.\" \/>\n<meta name=\"robots\" content=\"index, follow, max-snippet:-1, max-image-preview:large, max-video-preview:-1\" \/>\n<link rel=\"canonical\" href=\"https:\/\/instrava.com\/fr\/produit\/compteur-doxygene-dissous\/\" \/>\n<meta property=\"og:locale\" content=\"fr_FR\" \/>\n<meta property=\"og:type\" content=\"article\" \/>\n<meta property=\"og:title\" content=\"Dissolved Oxygen Meter - Instrava\" \/>\n<meta property=\"og:description\" content=\"Instrava optical dissolved oxygen meter uses fluorescence lifetime technology for fast, maintenance-free DO measurement.\" \/>\n<meta property=\"og:url\" content=\"https:\/\/instrava.com\/fr\/produit\/compteur-doxygene-dissous\/\" \/>\n<meta property=\"og:site_name\" content=\"Instrava\" \/>\n<meta property=\"article:modified_time\" content=\"2026-03-25T09:13:35+00:00\" \/>\n<meta property=\"og:image\" content=\"https:\/\/instrava.com\/wp-content\/uploads\/2026\/03\/dissolved-oxygen-meter.webp\" \/>\n\t<meta property=\"og:image:width\" content=\"750\" \/>\n\t<meta property=\"og:image:height\" content=\"750\" \/>\n\t<meta property=\"og:image:type\" content=\"image\/webp\" \/>\n<meta name=\"twitter:card\" content=\"summary_large_image\" \/>\n<meta name=\"twitter:label1\" content=\"Dur\u00e9e de lecture estim\u00e9e\" \/>\n\t<meta name=\"twitter:data1\" content=\"1 minute\" \/>\n<script type=\"application\/ld+json\" class=\"yoast-schema-graph\">{\"@context\":\"https:\\\/\\\/schema.org\",\"@graph\":[{\"@type\":\"WebPage\",\"@id\":\"https:\\\/\\\/instrava.com\\\/product\\\/dissolved-oxygen-meter\\\/\",\"url\":\"https:\\\/\\\/instrava.com\\\/product\\\/dissolved-oxygen-meter\\\/\",\"name\":\"Dissolved Oxygen Meter - Instrava\",\"isPartOf\":{\"@id\":\"https:\\\/\\\/instrava.com\\\/#website\"},\"primaryImageOfPage\":{\"@id\":\"https:\\\/\\\/instrava.com\\\/product\\\/dissolved-oxygen-meter\\\/#primaryimage\"},\"image\":{\"@id\":\"https:\\\/\\\/instrava.com\\\/product\\\/dissolved-oxygen-meter\\\/#primaryimage\"},\"thumbnailUrl\":\"https:\\\/\\\/instrava.com\\\/wp-content\\\/uploads\\\/2026\\\/03\\\/dissolved-oxygen-meter.webp\",\"datePublished\":\"2026-03-02T08:29:07+00:00\",\"dateModified\":\"2026-03-25T09:13:35+00:00\",\"description\":\"Instrava optical dissolved oxygen meter uses fluorescence lifetime technology for fast, maintenance-free DO measurement.\",\"breadcrumb\":{\"@id\":\"https:\\\/\\\/instrava.com\\\/product\\\/dissolved-oxygen-meter\\\/#breadcrumb\"},\"inLanguage\":\"fr-FR\",\"potentialAction\":[{\"@type\":\"ReadAction\",\"target\":[\"https:\\\/\\\/instrava.com\\\/product\\\/dissolved-oxygen-meter\\\/\"]}]},{\"@type\":\"ImageObject\",\"inLanguage\":\"fr-FR\",\"@id\":\"https:\\\/\\\/instrava.com\\\/product\\\/dissolved-oxygen-meter\\\/#primaryimage\",\"url\":\"https:\\\/\\\/instrava.com\\\/wp-content\\\/uploads\\\/2026\\\/03\\\/dissolved-oxygen-meter.webp\",\"contentUrl\":\"https:\\\/\\\/instrava.com\\\/wp-content\\\/uploads\\\/2026\\\/03\\\/dissolved-oxygen-meter.webp\",\"width\":750,\"height\":750,\"caption\":\"Dissolved oxygen meter with temperature display and oxygen measurement, ideal for water treatment applications.\"},{\"@type\":\"BreadcrumbList\",\"@id\":\"https:\\\/\\\/instrava.com\\\/product\\\/dissolved-oxygen-meter\\\/#breadcrumb\",\"itemListElement\":[{\"@type\":\"ListItem\",\"position\":1,\"name\":\"Home\",\"item\":\"https:\\\/\\\/instrava.com\\\/\"},{\"@type\":\"ListItem\",\"position\":2,\"name\":\"Products\",\"item\":\"https:\\\/\\\/instrava.com\\\/product\\\/\"},{\"@type\":\"ListItem\",\"position\":3,\"name\":\"Liquid Analysis\",\"item\":\"https:\\\/\\\/instrava.com\\\/category\\\/liquid-analysis\\\/\"},{\"@type\":\"ListItem\",\"position\":4,\"name\":\"Dissolved Oxygen Meter\"}]},{\"@type\":\"WebSite\",\"@id\":\"https:\\\/\\\/instrava.com\\\/#website\",\"url\":\"https:\\\/\\\/instrava.com\\\/\",\"name\":\"instrava.com\",\"description\":\"\",\"publisher\":{\"@id\":\"https:\\\/\\\/instrava.com\\\/#organization\"},\"potentialAction\":[{\"@type\":\"SearchAction\",\"target\":{\"@type\":\"EntryPoint\",\"urlTemplate\":\"https:\\\/\\\/instrava.com\\\/?s={search_term_string}\"},\"query-input\":{\"@type\":\"PropertyValueSpecification\",\"valueRequired\":true,\"valueName\":\"search_term_string\"}}],\"inLanguage\":\"fr-FR\"},{\"@type\":\"Organization\",\"@id\":\"https:\\\/\\\/instrava.com\\\/#organization\",\"name\":\"instrava.com\",\"url\":\"https:\\\/\\\/instrava.com\\\/\",\"logo\":{\"@type\":\"ImageObject\",\"inLanguage\":\"fr-FR\",\"@id\":\"https:\\\/\\\/instrava.com\\\/#\\\/schema\\\/logo\\\/image\\\/\",\"url\":\"https:\\\/\\\/instrava.com\\\/wp-content\\\/uploads\\\/2024\\\/03\\\/in-strava-Instruments-and-meters.png\",\"contentUrl\":\"https:\\\/\\\/instrava.com\\\/wp-content\\\/uploads\\\/2024\\\/03\\\/in-strava-Instruments-and-meters.png\",\"width\":288,\"height\":59,\"caption\":\"instrava.com\"},\"image\":{\"@id\":\"https:\\\/\\\/instrava.com\\\/#\\\/schema\\\/logo\\\/image\\\/\"}}]}<\/script>\n<!-- \/ Yoast SEO plugin. -->","yoast_head_json":{"title":"Mesureur d'oxyg\u00e8ne dissous - Instrava","description":"Le compteur optique d'oxyg\u00e8ne dissous Instrava utilise la technologie de la dur\u00e9e de vie de la fluorescence pour une mesure rapide et sans entretien de l'oxyg\u00e8ne dissous.","robots":{"index":"index","follow":"follow","max-snippet":"max-snippet:-1","max-image-preview":"max-image-preview:large","max-video-preview":"max-video-preview:-1"},"canonical":"https:\/\/instrava.com\/fr\/produit\/compteur-doxygene-dissous\/","og_locale":"fr_FR","og_type":"article","og_title":"Dissolved Oxygen Meter - Instrava","og_description":"Instrava optical dissolved oxygen meter uses fluorescence lifetime technology for fast, maintenance-free DO measurement.","og_url":"https:\/\/instrava.com\/fr\/produit\/compteur-doxygene-dissous\/","og_site_name":"Instrava","article_modified_time":"2026-03-25T09:13:35+00:00","og_image":[{"width":750,"height":750,"url":"https:\/\/instrava.com\/wp-content\/uploads\/2026\/03\/dissolved-oxygen-meter.webp","type":"image\/webp"}],"twitter_card":"summary_large_image","twitter_misc":{"Dur\u00e9e de lecture estim\u00e9e":"1 minute"},"schema":{"@context":"https:\/\/schema.org","@graph":[{"@type":"WebPage","@id":"https:\/\/instrava.com\/product\/dissolved-oxygen-meter\/","url":"https:\/\/instrava.com\/product\/dissolved-oxygen-meter\/","name":"Mesureur d'oxyg\u00e8ne dissous - Instrava","isPartOf":{"@id":"https:\/\/instrava.com\/#website"},"primaryImageOfPage":{"@id":"https:\/\/instrava.com\/product\/dissolved-oxygen-meter\/#primaryimage"},"image":{"@id":"https:\/\/instrava.com\/product\/dissolved-oxygen-meter\/#primaryimage"},"thumbnailUrl":"https:\/\/instrava.com\/wp-content\/uploads\/2026\/03\/dissolved-oxygen-meter.webp","datePublished":"2026-03-02T08:29:07+00:00","dateModified":"2026-03-25T09:13:35+00:00","description":"Le compteur optique d'oxyg\u00e8ne dissous Instrava utilise la technologie de la dur\u00e9e de vie de la fluorescence pour une mesure rapide et sans entretien de l'oxyg\u00e8ne dissous.","breadcrumb":{"@id":"https:\/\/instrava.com\/product\/dissolved-oxygen-meter\/#breadcrumb"},"inLanguage":"fr-FR","potentialAction":[{"@type":"ReadAction","target":["https:\/\/instrava.com\/product\/dissolved-oxygen-meter\/"]}]},{"@type":"ImageObject","inLanguage":"fr-FR","@id":"https:\/\/instrava.com\/product\/dissolved-oxygen-meter\/#primaryimage","url":"https:\/\/instrava.com\/wp-content\/uploads\/2026\/03\/dissolved-oxygen-meter.webp","contentUrl":"https:\/\/instrava.com\/wp-content\/uploads\/2026\/03\/dissolved-oxygen-meter.webp","width":750,"height":750,"caption":"Dissolved oxygen meter with temperature display and oxygen measurement, ideal for water treatment applications."},{"@type":"BreadcrumbList","@id":"https:\/\/instrava.com\/product\/dissolved-oxygen-meter\/#breadcrumb","itemListElement":[{"@type":"ListItem","position":1,"name":"Home","item":"https:\/\/instrava.com\/"},{"@type":"ListItem","position":2,"name":"Products","item":"https:\/\/instrava.com\/product\/"},{"@type":"ListItem","position":3,"name":"Liquid Analysis","item":"https:\/\/instrava.com\/category\/liquid-analysis\/"},{"@type":"ListItem","position":4,"name":"Dissolved Oxygen Meter"}]},{"@type":"WebSite","@id":"https:\/\/instrava.com\/#website","url":"https:\/\/instrava.com\/","name":"instrava.com","description":"","publisher":{"@id":"https:\/\/instrava.com\/#organization"},"potentialAction":[{"@type":"SearchAction","target":{"@type":"EntryPoint","urlTemplate":"https:\/\/instrava.com\/?s={search_term_string}"},"query-input":{"@type":"PropertyValueSpecification","valueRequired":true,"valueName":"search_term_string"}}],"inLanguage":"fr-FR"},{"@type":"Organization","@id":"https:\/\/instrava.com\/#organization","name":"instrava.com","url":"https:\/\/instrava.com\/","logo":{"@type":"ImageObject","inLanguage":"fr-FR","@id":"https:\/\/instrava.com\/#\/schema\/logo\/image\/","url":"https:\/\/instrava.com\/wp-content\/uploads\/2024\/03\/in-strava-Instruments-and-meters.png","contentUrl":"https:\/\/instrava.com\/wp-content\/uploads\/2024\/03\/in-strava-Instruments-and-meters.png","width":288,"height":59,"caption":"instrava.com"},"image":{"@id":"https:\/\/instrava.com\/#\/schema\/logo\/image\/"}}]}},"_links":{"self":[{"href":"https:\/\/instrava.com\/fr\/wp-json\/wp\/v2\/product\/33227","targetHints":{"allow":["GET"]}}],"collection":[{"href":"https:\/\/instrava.com\/fr\/wp-json\/wp\/v2\/product"}],"about":[{"href":"https:\/\/instrava.com\/fr\/wp-json\/wp\/v2\/types\/product"}],"version-history":[{"count":0,"href":"https:\/\/instrava.com\/fr\/wp-json\/wp\/v2\/product\/33227\/revisions"}],"wp:featuredmedia":[{"embeddable":true,"href":"https:\/\/instrava.com\/fr\/wp-json\/wp\/v2\/media\/33226"}],"wp:attachment":[{"href":"https:\/\/instrava.com\/fr\/wp-json\/wp\/v2\/media?parent=33227"}],"wp:term":[{"taxonomy":"category","embeddable":true,"href":"https:\/\/instrava.com\/fr\/wp-json\/wp\/v2\/categories?post=33227"},{"taxonomy":"post_tag","embeddable":true,"href":"https:\/\/instrava.com\/fr\/wp-json\/wp\/v2\/tags?post=33227"}],"curies":[{"name":"wp","href":"https:\/\/api.w.org\/{rel}","templated":true}]}}