{"id":33313,"date":"2026-03-07T06:33:20","date_gmt":"2026-03-07T06:33:20","guid":{"rendered":"https:\/\/instrava.com\/?post_type=product&#038;p=33313"},"modified":"2026-03-25T09:15:52","modified_gmt":"2026-03-25T09:15:52","slug":"compteur-multiparametrique-de-la-qualite-de-leau","status":"publish","type":"product","link":"https:\/\/instrava.com\/fr\/produit\/compteur-multiparametrique-de-la-qualite-de-leau\/","title":{"rendered":"Mesureur multiparam\u00e9trique de la qualit\u00e9 de l'eau"},"content":{"rendered":"","protected":false},"excerpt":{"rendered":"","protected":false},"featured_media":33314,"template":"","categories":[1061],"tags":[1369,1245,1249,1373,1240,1376,1368,1372,1248,1374,1370,1371,1255,1375],"class_list":["post-33313","product","type-product","status-publish","has-post-thumbnail","hentry","category-liquid-analysis","tag-ammonia-nitrogen-analyzer","tag-cod-analyzer","tag-environmental-monitoring-equipment","tag-environmental-water-testing","tag-industrial-wastewater-testing","tag-instrava-water-analyzer","tag-multiparameter-water-quality-meter","tag-municipal-sewage-monitoring","tag-portable-water-quality-analyzer","tag-spectrophotometric-water-analyzer","tag-total-nitrogen-analyzer","tag-total-phosphorus-analyzer","tag-water-quality-analyzer","tag-water-testing-instrument"],"acf":[],"yoast_head":"<!-- This site is optimized with the Yoast SEO plugin v27.5 - https:\/\/yoast.com\/product\/yoast-seo-wordpress\/ -->\n<title>Multiparameter Water Quality Meter - Instrava<\/title>\n<meta name=\"description\" content=\"Instrava multiparameter water quality meter enables rapid detection of COD, ammonia nitrogen, total phosphorus, total nitrogen and dozens of water quality indicators.\" \/>\n<meta name=\"robots\" content=\"index, follow, max-snippet:-1, max-image-preview:large, max-video-preview:-1\" \/>\n<link rel=\"canonical\" href=\"https:\/\/instrava.com\/fr\/produit\/compteur-multiparametrique-de-la-qualite-de-leau\/\" \/>\n<meta property=\"og:locale\" content=\"fr_FR\" \/>\n<meta property=\"og:type\" content=\"article\" \/>\n<meta property=\"og:title\" content=\"Multiparameter Water Quality Meter - Instrava\" \/>\n<meta property=\"og:description\" content=\"Instrava multiparameter water quality meter enables rapid detection of COD, ammonia nitrogen, total phosphorus, total nitrogen and dozens of water quality indicators.\" \/>\n<meta property=\"og:url\" content=\"https:\/\/instrava.com\/fr\/produit\/compteur-multiparametrique-de-la-qualite-de-leau\/\" \/>\n<meta property=\"og:site_name\" content=\"Instrava\" \/>\n<meta property=\"article:modified_time\" content=\"2026-03-25T09:15:52+00:00\" \/>\n<meta property=\"og:image\" content=\"https:\/\/instrava.com\/wp-content\/uploads\/2026\/03\/water-quality-test-meter.webp\" \/>\n\t<meta property=\"og:image:width\" content=\"750\" \/>\n\t<meta property=\"og:image:height\" content=\"750\" \/>\n\t<meta property=\"og:image:type\" content=\"image\/webp\" \/>\n<meta name=\"twitter:card\" content=\"summary_large_image\" \/>\n<meta name=\"twitter:label1\" content=\"Dur\u00e9e de lecture estim\u00e9e\" \/>\n\t<meta name=\"twitter:data1\" content=\"1 minute\" \/>\n<script type=\"application\/ld+json\" class=\"yoast-schema-graph\">{\"@context\":\"https:\\\/\\\/schema.org\",\"@graph\":[{\"@type\":\"WebPage\",\"@id\":\"https:\\\/\\\/instrava.com\\\/product\\\/multiparameter-water-quality-meter\\\/\",\"url\":\"https:\\\/\\\/instrava.com\\\/product\\\/multiparameter-water-quality-meter\\\/\",\"name\":\"Multiparameter Water Quality Meter - Instrava\",\"isPartOf\":{\"@id\":\"https:\\\/\\\/instrava.com\\\/#website\"},\"primaryImageOfPage\":{\"@id\":\"https:\\\/\\\/instrava.com\\\/product\\\/multiparameter-water-quality-meter\\\/#primaryimage\"},\"image\":{\"@id\":\"https:\\\/\\\/instrava.com\\\/product\\\/multiparameter-water-quality-meter\\\/#primaryimage\"},\"thumbnailUrl\":\"https:\\\/\\\/instrava.com\\\/wp-content\\\/uploads\\\/2026\\\/03\\\/water-quality-test-meter.webp\",\"datePublished\":\"2026-03-07T06:33:20+00:00\",\"dateModified\":\"2026-03-25T09:15:52+00:00\",\"description\":\"Instrava multiparameter water quality meter enables rapid detection of COD, ammonia nitrogen, total phosphorus, total nitrogen and dozens of water quality indicators.\",\"breadcrumb\":{\"@id\":\"https:\\\/\\\/instrava.com\\\/product\\\/multiparameter-water-quality-meter\\\/#breadcrumb\"},\"inLanguage\":\"fr-FR\",\"potentialAction\":[{\"@type\":\"ReadAction\",\"target\":[\"https:\\\/\\\/instrava.com\\\/product\\\/multiparameter-water-quality-meter\\\/\"]}]},{\"@type\":\"ImageObject\",\"inLanguage\":\"fr-FR\",\"@id\":\"https:\\\/\\\/instrava.com\\\/product\\\/multiparameter-water-quality-meter\\\/#primaryimage\",\"url\":\"https:\\\/\\\/instrava.com\\\/wp-content\\\/uploads\\\/2026\\\/03\\\/water-quality-test-meter.webp\",\"contentUrl\":\"https:\\\/\\\/instrava.com\\\/wp-content\\\/uploads\\\/2026\\\/03\\\/water-quality-test-meter.webp\",\"width\":750,\"height\":750,\"caption\":\"Benchtop water quality testing meter with touchscreen display and sample chamber for laboratory water analysis.\"},{\"@type\":\"BreadcrumbList\",\"@id\":\"https:\\\/\\\/instrava.com\\\/product\\\/multiparameter-water-quality-meter\\\/#breadcrumb\",\"itemListElement\":[{\"@type\":\"ListItem\",\"position\":1,\"name\":\"Home\",\"item\":\"https:\\\/\\\/instrava.com\\\/\"},{\"@type\":\"ListItem\",\"position\":2,\"name\":\"Products\",\"item\":\"https:\\\/\\\/instrava.com\\\/product\\\/\"},{\"@type\":\"ListItem\",\"position\":3,\"name\":\"Liquid Analysis\",\"item\":\"https:\\\/\\\/instrava.com\\\/category\\\/liquid-analysis\\\/\"},{\"@type\":\"ListItem\",\"position\":4,\"name\":\"Multiparameter Water Quality Meter\"}]},{\"@type\":\"WebSite\",\"@id\":\"https:\\\/\\\/instrava.com\\\/#website\",\"url\":\"https:\\\/\\\/instrava.com\\\/\",\"name\":\"instrava.com\",\"description\":\"\",\"publisher\":{\"@id\":\"https:\\\/\\\/instrava.com\\\/#organization\"},\"potentialAction\":[{\"@type\":\"SearchAction\",\"target\":{\"@type\":\"EntryPoint\",\"urlTemplate\":\"https:\\\/\\\/instrava.com\\\/?s={search_term_string}\"},\"query-input\":{\"@type\":\"PropertyValueSpecification\",\"valueRequired\":true,\"valueName\":\"search_term_string\"}}],\"inLanguage\":\"fr-FR\"},{\"@type\":\"Organization\",\"@id\":\"https:\\\/\\\/instrava.com\\\/#organization\",\"name\":\"instrava.com\",\"url\":\"https:\\\/\\\/instrava.com\\\/\",\"logo\":{\"@type\":\"ImageObject\",\"inLanguage\":\"fr-FR\",\"@id\":\"https:\\\/\\\/instrava.com\\\/#\\\/schema\\\/logo\\\/image\\\/\",\"url\":\"https:\\\/\\\/instrava.com\\\/wp-content\\\/uploads\\\/2024\\\/03\\\/in-strava-Instruments-and-meters.png\",\"contentUrl\":\"https:\\\/\\\/instrava.com\\\/wp-content\\\/uploads\\\/2024\\\/03\\\/in-strava-Instruments-and-meters.png\",\"width\":288,\"height\":59,\"caption\":\"instrava.com\"},\"image\":{\"@id\":\"https:\\\/\\\/instrava.com\\\/#\\\/schema\\\/logo\\\/image\\\/\"}}]}<\/script>\n<!-- \/ Yoast SEO plugin. -->","yoast_head_json":{"title":"Mesureur multiparam\u00e9trique de la qualit\u00e9 de l'eau - Instrava","description":"L'appareil de mesure de la qualit\u00e9 de l'eau multiparam\u00e8tres Instrava permet de d\u00e9tecter rapidement la DCO, l'azote ammoniacal, le phosphore total, l'azote total et des dizaines d'indicateurs de la qualit\u00e9 de l'eau.","robots":{"index":"index","follow":"follow","max-snippet":"max-snippet:-1","max-image-preview":"max-image-preview:large","max-video-preview":"max-video-preview:-1"},"canonical":"https:\/\/instrava.com\/fr\/produit\/compteur-multiparametrique-de-la-qualite-de-leau\/","og_locale":"fr_FR","og_type":"article","og_title":"Multiparameter Water Quality Meter - Instrava","og_description":"Instrava multiparameter water quality meter enables rapid detection of COD, ammonia nitrogen, total phosphorus, total nitrogen and dozens of water quality indicators.","og_url":"https:\/\/instrava.com\/fr\/produit\/compteur-multiparametrique-de-la-qualite-de-leau\/","og_site_name":"Instrava","article_modified_time":"2026-03-25T09:15:52+00:00","og_image":[{"width":750,"height":750,"url":"https:\/\/instrava.com\/wp-content\/uploads\/2026\/03\/water-quality-test-meter.webp","type":"image\/webp"}],"twitter_card":"summary_large_image","twitter_misc":{"Dur\u00e9e de lecture estim\u00e9e":"1 minute"},"schema":{"@context":"https:\/\/schema.org","@graph":[{"@type":"WebPage","@id":"https:\/\/instrava.com\/product\/multiparameter-water-quality-meter\/","url":"https:\/\/instrava.com\/product\/multiparameter-water-quality-meter\/","name":"Mesureur multiparam\u00e9trique de la qualit\u00e9 de l'eau - Instrava","isPartOf":{"@id":"https:\/\/instrava.com\/#website"},"primaryImageOfPage":{"@id":"https:\/\/instrava.com\/product\/multiparameter-water-quality-meter\/#primaryimage"},"image":{"@id":"https:\/\/instrava.com\/product\/multiparameter-water-quality-meter\/#primaryimage"},"thumbnailUrl":"https:\/\/instrava.com\/wp-content\/uploads\/2026\/03\/water-quality-test-meter.webp","datePublished":"2026-03-07T06:33:20+00:00","dateModified":"2026-03-25T09:15:52+00:00","description":"L'appareil de mesure de la qualit\u00e9 de l'eau multiparam\u00e8tres Instrava permet de d\u00e9tecter rapidement la DCO, l'azote ammoniacal, le phosphore total, l'azote total et des dizaines d'indicateurs de la qualit\u00e9 de l'eau.","breadcrumb":{"@id":"https:\/\/instrava.com\/product\/multiparameter-water-quality-meter\/#breadcrumb"},"inLanguage":"fr-FR","potentialAction":[{"@type":"ReadAction","target":["https:\/\/instrava.com\/product\/multiparameter-water-quality-meter\/"]}]},{"@type":"ImageObject","inLanguage":"fr-FR","@id":"https:\/\/instrava.com\/product\/multiparameter-water-quality-meter\/#primaryimage","url":"https:\/\/instrava.com\/wp-content\/uploads\/2026\/03\/water-quality-test-meter.webp","contentUrl":"https:\/\/instrava.com\/wp-content\/uploads\/2026\/03\/water-quality-test-meter.webp","width":750,"height":750,"caption":"Benchtop water quality testing meter with touchscreen display and sample chamber for laboratory water analysis."},{"@type":"BreadcrumbList","@id":"https:\/\/instrava.com\/product\/multiparameter-water-quality-meter\/#breadcrumb","itemListElement":[{"@type":"ListItem","position":1,"name":"Home","item":"https:\/\/instrava.com\/"},{"@type":"ListItem","position":2,"name":"Products","item":"https:\/\/instrava.com\/product\/"},{"@type":"ListItem","position":3,"name":"Liquid Analysis","item":"https:\/\/instrava.com\/category\/liquid-analysis\/"},{"@type":"ListItem","position":4,"name":"Multiparameter Water Quality Meter"}]},{"@type":"WebSite","@id":"https:\/\/instrava.com\/#website","url":"https:\/\/instrava.com\/","name":"instrava.com","description":"","publisher":{"@id":"https:\/\/instrava.com\/#organization"},"potentialAction":[{"@type":"SearchAction","target":{"@type":"EntryPoint","urlTemplate":"https:\/\/instrava.com\/?s={search_term_string}"},"query-input":{"@type":"PropertyValueSpecification","valueRequired":true,"valueName":"search_term_string"}}],"inLanguage":"fr-FR"},{"@type":"Organization","@id":"https:\/\/instrava.com\/#organization","name":"instrava.com","url":"https:\/\/instrava.com\/","logo":{"@type":"ImageObject","inLanguage":"fr-FR","@id":"https:\/\/instrava.com\/#\/schema\/logo\/image\/","url":"https:\/\/instrava.com\/wp-content\/uploads\/2024\/03\/in-strava-Instruments-and-meters.png","contentUrl":"https:\/\/instrava.com\/wp-content\/uploads\/2024\/03\/in-strava-Instruments-and-meters.png","width":288,"height":59,"caption":"instrava.com"},"image":{"@id":"https:\/\/instrava.com\/#\/schema\/logo\/image\/"}}]}},"_links":{"self":[{"href":"https:\/\/instrava.com\/fr\/wp-json\/wp\/v2\/product\/33313","targetHints":{"allow":["GET"]}}],"collection":[{"href":"https:\/\/instrava.com\/fr\/wp-json\/wp\/v2\/product"}],"about":[{"href":"https:\/\/instrava.com\/fr\/wp-json\/wp\/v2\/types\/product"}],"version-history":[{"count":0,"href":"https:\/\/instrava.com\/fr\/wp-json\/wp\/v2\/product\/33313\/revisions"}],"wp:featuredmedia":[{"embeddable":true,"href":"https:\/\/instrava.com\/fr\/wp-json\/wp\/v2\/media\/33314"}],"wp:attachment":[{"href":"https:\/\/instrava.com\/fr\/wp-json\/wp\/v2\/media?parent=33313"}],"wp:term":[{"taxonomy":"category","embeddable":true,"href":"https:\/\/instrava.com\/fr\/wp-json\/wp\/v2\/categories?post=33313"},{"taxonomy":"post_tag","embeddable":true,"href":"https:\/\/instrava.com\/fr\/wp-json\/wp\/v2\/tags?post=33313"}],"curies":[{"name":"wp","href":"https:\/\/api.w.org\/{rel}","templated":true}]}}