{"id":33322,"date":"2026-03-07T07:13:57","date_gmt":"2026-03-07T07:13:57","guid":{"rendered":"https:\/\/instrava.com\/?post_type=product&#038;p=33322"},"modified":"2026-03-25T09:15:57","modified_gmt":"2026-03-25T09:15:57","slug":"appareil-de-mesure-de-la-qualite-de-leau-portable-instruments-dessai-multiparametres","status":"publish","type":"product","link":"https:\/\/instrava.com\/fr\/produit\/appareil-de-mesure-de-la-qualite-de-leau-portable-instruments-dessai-multiparametres\/","title":{"rendered":"Mesureur portable de la qualit\u00e9 de l'eau - Instruments d'essai multiparam\u00e8tres"},"content":{"rendered":"","protected":false},"excerpt":{"rendered":"","protected":false},"featured_media":33320,"template":"","categories":[1061],"tags":[1369,1383,1378,1381,1382,1380,1387,1377,1386,1248,1335,1384,1379,1371,1385],"class_list":["post-33322","product","type-product","status-publish","has-post-thumbnail","hentry","category-liquid-analysis","tag-ammonia-nitrogen-analyzer","tag-aquaculture-water-quality-tester","tag-cod-water-analyzer","tag-environmental-water-monitoring-instrument","tag-field-water-testing-device","tag-industrial-wastewater-testing-equipment","tag-instrava-water-quality-meter","tag-multiparameter-water-tester","tag-portable-environmental-analyzer","tag-portable-water-quality-analyzer","tag-portable-water-quality-meter","tag-river-monitoring-equipment","tag-total-nitrogen-water-tester","tag-total-phosphorus-analyzer","tag-water-quality-spectrophotometer"],"acf":[],"yoast_head":"<!-- This site is optimized with the Yoast SEO plugin v27.5 - https:\/\/yoast.com\/product\/yoast-seo-wordpress\/ -->\n<title>Portable Water Quality Meter-Multi-parameter Testing Instruments - Instrava<\/title>\n<meta name=\"description\" content=\"Instrava Portable Water Quality Meter enables rapid on-site detection of COD, ammonia nitrogen, total phosphorus, total nitrogen, turbidity, dissolved oxygen, conductivity and pH.\" \/>\n<meta name=\"robots\" content=\"index, follow, max-snippet:-1, max-image-preview:large, max-video-preview:-1\" \/>\n<link rel=\"canonical\" href=\"https:\/\/instrava.com\/fr\/produit\/appareil-de-mesure-de-la-qualite-de-leau-portable-instruments-dessai-multiparametres\/\" \/>\n<meta property=\"og:locale\" content=\"fr_FR\" \/>\n<meta property=\"og:type\" content=\"article\" \/>\n<meta property=\"og:title\" content=\"Portable Water Quality Meter-Multi-parameter Testing Instruments - Instrava\" \/>\n<meta property=\"og:description\" content=\"Instrava Portable Water Quality Meter enables rapid on-site detection of COD, ammonia nitrogen, total phosphorus, total nitrogen, turbidity, dissolved oxygen, conductivity and pH.\" \/>\n<meta property=\"og:url\" content=\"https:\/\/instrava.com\/fr\/produit\/appareil-de-mesure-de-la-qualite-de-leau-portable-instruments-dessai-multiparametres\/\" \/>\n<meta property=\"og:site_name\" content=\"Instrava\" \/>\n<meta property=\"article:modified_time\" content=\"2026-03-25T09:15:57+00:00\" \/>\n<meta property=\"og:image\" content=\"https:\/\/instrava.com\/wp-content\/uploads\/2026\/03\/multiparameter-water-quality-meter.webp\" \/>\n\t<meta property=\"og:image:width\" content=\"750\" \/>\n\t<meta property=\"og:image:height\" content=\"750\" \/>\n\t<meta property=\"og:image:type\" content=\"image\/webp\" \/>\n<meta name=\"twitter:card\" content=\"summary_large_image\" \/>\n<meta name=\"twitter:label1\" content=\"Dur\u00e9e de lecture estim\u00e9e\" \/>\n\t<meta name=\"twitter:data1\" content=\"1 minute\" \/>\n<script type=\"application\/ld+json\" class=\"yoast-schema-graph\">{\"@context\":\"https:\\\/\\\/schema.org\",\"@graph\":[{\"@type\":\"WebPage\",\"@id\":\"https:\\\/\\\/instrava.com\\\/product\\\/portable-water-quality-meter-multi-parameter-testing-instruments\\\/\",\"url\":\"https:\\\/\\\/instrava.com\\\/product\\\/portable-water-quality-meter-multi-parameter-testing-instruments\\\/\",\"name\":\"Portable Water Quality Meter-Multi-parameter Testing Instruments - Instrava\",\"isPartOf\":{\"@id\":\"https:\\\/\\\/instrava.com\\\/#website\"},\"primaryImageOfPage\":{\"@id\":\"https:\\\/\\\/instrava.com\\\/product\\\/portable-water-quality-meter-multi-parameter-testing-instruments\\\/#primaryimage\"},\"image\":{\"@id\":\"https:\\\/\\\/instrava.com\\\/product\\\/portable-water-quality-meter-multi-parameter-testing-instruments\\\/#primaryimage\"},\"thumbnailUrl\":\"https:\\\/\\\/instrava.com\\\/wp-content\\\/uploads\\\/2026\\\/03\\\/multiparameter-water-quality-meter.webp\",\"datePublished\":\"2026-03-07T07:13:57+00:00\",\"dateModified\":\"2026-03-25T09:15:57+00:00\",\"description\":\"Instrava Portable Water Quality Meter enables rapid on-site detection of COD, ammonia nitrogen, total phosphorus, total nitrogen, turbidity, dissolved oxygen, conductivity and pH.\",\"breadcrumb\":{\"@id\":\"https:\\\/\\\/instrava.com\\\/product\\\/portable-water-quality-meter-multi-parameter-testing-instruments\\\/#breadcrumb\"},\"inLanguage\":\"fr-FR\",\"potentialAction\":[{\"@type\":\"ReadAction\",\"target\":[\"https:\\\/\\\/instrava.com\\\/product\\\/portable-water-quality-meter-multi-parameter-testing-instruments\\\/\"]}]},{\"@type\":\"ImageObject\",\"inLanguage\":\"fr-FR\",\"@id\":\"https:\\\/\\\/instrava.com\\\/product\\\/portable-water-quality-meter-multi-parameter-testing-instruments\\\/#primaryimage\",\"url\":\"https:\\\/\\\/instrava.com\\\/wp-content\\\/uploads\\\/2026\\\/03\\\/multiparameter-water-quality-meter.webp\",\"contentUrl\":\"https:\\\/\\\/instrava.com\\\/wp-content\\\/uploads\\\/2026\\\/03\\\/multiparameter-water-quality-meter.webp\",\"width\":750,\"height\":750,\"caption\":\"Portable multiparameter water quality analyzer with the protective case open, showing touchscreen interface and sample testing chamber.\"},{\"@type\":\"BreadcrumbList\",\"@id\":\"https:\\\/\\\/instrava.com\\\/product\\\/portable-water-quality-meter-multi-parameter-testing-instruments\\\/#breadcrumb\",\"itemListElement\":[{\"@type\":\"ListItem\",\"position\":1,\"name\":\"Home\",\"item\":\"https:\\\/\\\/instrava.com\\\/\"},{\"@type\":\"ListItem\",\"position\":2,\"name\":\"Products\",\"item\":\"https:\\\/\\\/instrava.com\\\/product\\\/\"},{\"@type\":\"ListItem\",\"position\":3,\"name\":\"Liquid Analysis\",\"item\":\"https:\\\/\\\/instrava.com\\\/category\\\/liquid-analysis\\\/\"},{\"@type\":\"ListItem\",\"position\":4,\"name\":\"Portable Water Quality Meter-Multi-parameter Testing Instruments\"}]},{\"@type\":\"WebSite\",\"@id\":\"https:\\\/\\\/instrava.com\\\/#website\",\"url\":\"https:\\\/\\\/instrava.com\\\/\",\"name\":\"instrava.com\",\"description\":\"\",\"publisher\":{\"@id\":\"https:\\\/\\\/instrava.com\\\/#organization\"},\"potentialAction\":[{\"@type\":\"SearchAction\",\"target\":{\"@type\":\"EntryPoint\",\"urlTemplate\":\"https:\\\/\\\/instrava.com\\\/?s={search_term_string}\"},\"query-input\":{\"@type\":\"PropertyValueSpecification\",\"valueRequired\":true,\"valueName\":\"search_term_string\"}}],\"inLanguage\":\"fr-FR\"},{\"@type\":\"Organization\",\"@id\":\"https:\\\/\\\/instrava.com\\\/#organization\",\"name\":\"instrava.com\",\"url\":\"https:\\\/\\\/instrava.com\\\/\",\"logo\":{\"@type\":\"ImageObject\",\"inLanguage\":\"fr-FR\",\"@id\":\"https:\\\/\\\/instrava.com\\\/#\\\/schema\\\/logo\\\/image\\\/\",\"url\":\"https:\\\/\\\/instrava.com\\\/wp-content\\\/uploads\\\/2024\\\/03\\\/in-strava-Instruments-and-meters.png\",\"contentUrl\":\"https:\\\/\\\/instrava.com\\\/wp-content\\\/uploads\\\/2024\\\/03\\\/in-strava-Instruments-and-meters.png\",\"width\":288,\"height\":59,\"caption\":\"instrava.com\"},\"image\":{\"@id\":\"https:\\\/\\\/instrava.com\\\/#\\\/schema\\\/logo\\\/image\\\/\"}}]}<\/script>\n<!-- \/ Yoast SEO plugin. -->","yoast_head_json":{"title":"Mesureur portable de la qualit\u00e9 de l'eau - Instruments de test multiparam\u00e8tres - Instrava","description":"L'Instrava Portable Water Quality Meter permet la d\u00e9tection rapide sur site de la DCO, de l'azote ammoniacal, du phosphore total, de l'azote total, de la turbidit\u00e9, de l'oxyg\u00e8ne dissous, de la conductivit\u00e9 et du pH.","robots":{"index":"index","follow":"follow","max-snippet":"max-snippet:-1","max-image-preview":"max-image-preview:large","max-video-preview":"max-video-preview:-1"},"canonical":"https:\/\/instrava.com\/fr\/produit\/appareil-de-mesure-de-la-qualite-de-leau-portable-instruments-dessai-multiparametres\/","og_locale":"fr_FR","og_type":"article","og_title":"Portable Water Quality Meter-Multi-parameter Testing Instruments - Instrava","og_description":"Instrava Portable Water Quality Meter enables rapid on-site detection of COD, ammonia nitrogen, total phosphorus, total nitrogen, turbidity, dissolved oxygen, conductivity and pH.","og_url":"https:\/\/instrava.com\/fr\/produit\/appareil-de-mesure-de-la-qualite-de-leau-portable-instruments-dessai-multiparametres\/","og_site_name":"Instrava","article_modified_time":"2026-03-25T09:15:57+00:00","og_image":[{"width":750,"height":750,"url":"https:\/\/instrava.com\/wp-content\/uploads\/2026\/03\/multiparameter-water-quality-meter.webp","type":"image\/webp"}],"twitter_card":"summary_large_image","twitter_misc":{"Dur\u00e9e de lecture estim\u00e9e":"1 minute"},"schema":{"@context":"https:\/\/schema.org","@graph":[{"@type":"WebPage","@id":"https:\/\/instrava.com\/product\/portable-water-quality-meter-multi-parameter-testing-instruments\/","url":"https:\/\/instrava.com\/product\/portable-water-quality-meter-multi-parameter-testing-instruments\/","name":"Mesureur portable de la qualit\u00e9 de l'eau - Instruments de test multiparam\u00e8tres - Instrava","isPartOf":{"@id":"https:\/\/instrava.com\/#website"},"primaryImageOfPage":{"@id":"https:\/\/instrava.com\/product\/portable-water-quality-meter-multi-parameter-testing-instruments\/#primaryimage"},"image":{"@id":"https:\/\/instrava.com\/product\/portable-water-quality-meter-multi-parameter-testing-instruments\/#primaryimage"},"thumbnailUrl":"https:\/\/instrava.com\/wp-content\/uploads\/2026\/03\/multiparameter-water-quality-meter.webp","datePublished":"2026-03-07T07:13:57+00:00","dateModified":"2026-03-25T09:15:57+00:00","description":"L'Instrava Portable Water Quality Meter permet la d\u00e9tection rapide sur site de la DCO, de l'azote ammoniacal, du phosphore total, de l'azote total, de la turbidit\u00e9, de l'oxyg\u00e8ne dissous, de la conductivit\u00e9 et du pH.","breadcrumb":{"@id":"https:\/\/instrava.com\/product\/portable-water-quality-meter-multi-parameter-testing-instruments\/#breadcrumb"},"inLanguage":"fr-FR","potentialAction":[{"@type":"ReadAction","target":["https:\/\/instrava.com\/product\/portable-water-quality-meter-multi-parameter-testing-instruments\/"]}]},{"@type":"ImageObject","inLanguage":"fr-FR","@id":"https:\/\/instrava.com\/product\/portable-water-quality-meter-multi-parameter-testing-instruments\/#primaryimage","url":"https:\/\/instrava.com\/wp-content\/uploads\/2026\/03\/multiparameter-water-quality-meter.webp","contentUrl":"https:\/\/instrava.com\/wp-content\/uploads\/2026\/03\/multiparameter-water-quality-meter.webp","width":750,"height":750,"caption":"Portable multiparameter water quality analyzer with the protective case open, showing touchscreen interface and sample testing chamber."},{"@type":"BreadcrumbList","@id":"https:\/\/instrava.com\/product\/portable-water-quality-meter-multi-parameter-testing-instruments\/#breadcrumb","itemListElement":[{"@type":"ListItem","position":1,"name":"Home","item":"https:\/\/instrava.com\/"},{"@type":"ListItem","position":2,"name":"Products","item":"https:\/\/instrava.com\/product\/"},{"@type":"ListItem","position":3,"name":"Liquid Analysis","item":"https:\/\/instrava.com\/category\/liquid-analysis\/"},{"@type":"ListItem","position":4,"name":"Portable Water Quality Meter-Multi-parameter Testing Instruments"}]},{"@type":"WebSite","@id":"https:\/\/instrava.com\/#website","url":"https:\/\/instrava.com\/","name":"instrava.com","description":"","publisher":{"@id":"https:\/\/instrava.com\/#organization"},"potentialAction":[{"@type":"SearchAction","target":{"@type":"EntryPoint","urlTemplate":"https:\/\/instrava.com\/?s={search_term_string}"},"query-input":{"@type":"PropertyValueSpecification","valueRequired":true,"valueName":"search_term_string"}}],"inLanguage":"fr-FR"},{"@type":"Organization","@id":"https:\/\/instrava.com\/#organization","name":"instrava.com","url":"https:\/\/instrava.com\/","logo":{"@type":"ImageObject","inLanguage":"fr-FR","@id":"https:\/\/instrava.com\/#\/schema\/logo\/image\/","url":"https:\/\/instrava.com\/wp-content\/uploads\/2024\/03\/in-strava-Instruments-and-meters.png","contentUrl":"https:\/\/instrava.com\/wp-content\/uploads\/2024\/03\/in-strava-Instruments-and-meters.png","width":288,"height":59,"caption":"instrava.com"},"image":{"@id":"https:\/\/instrava.com\/#\/schema\/logo\/image\/"}}]}},"_links":{"self":[{"href":"https:\/\/instrava.com\/fr\/wp-json\/wp\/v2\/product\/33322","targetHints":{"allow":["GET"]}}],"collection":[{"href":"https:\/\/instrava.com\/fr\/wp-json\/wp\/v2\/product"}],"about":[{"href":"https:\/\/instrava.com\/fr\/wp-json\/wp\/v2\/types\/product"}],"version-history":[{"count":0,"href":"https:\/\/instrava.com\/fr\/wp-json\/wp\/v2\/product\/33322\/revisions"}],"wp:featuredmedia":[{"embeddable":true,"href":"https:\/\/instrava.com\/fr\/wp-json\/wp\/v2\/media\/33320"}],"wp:attachment":[{"href":"https:\/\/instrava.com\/fr\/wp-json\/wp\/v2\/media?parent=33322"}],"wp:term":[{"taxonomy":"category","embeddable":true,"href":"https:\/\/instrava.com\/fr\/wp-json\/wp\/v2\/categories?post=33322"},{"taxonomy":"post_tag","embeddable":true,"href":"https:\/\/instrava.com\/fr\/wp-json\/wp\/v2\/tags?post=33322"}],"curies":[{"name":"wp","href":"https:\/\/api.w.org\/{rel}","templated":true}]}}