{"id":33329,"date":"2026-03-07T07:37:54","date_gmt":"2026-03-07T07:37:54","guid":{"rendered":"https:\/\/instrava.com\/?post_type=product&#038;p=33329"},"modified":"2026-03-25T09:16:03","modified_gmt":"2026-03-25T09:16:03","slug":"instruments-portables-multiparametres-de-mesure-de-la-qualite-de-leau","status":"publish","type":"product","link":"https:\/\/instrava.com\/fr\/produit\/instruments-portables-multiparametres-de-mesure-de-la-qualite-de-leau\/","title":{"rendered":"Instruments portables multiparam\u00e8tres pour la qualit\u00e9 de l'eau"},"content":{"rendered":"","protected":false},"excerpt":{"rendered":"","protected":false},"featured_media":33328,"template":"","categories":[1061],"tags":[1364,1245,1241,1393,1392,1240,1361,1388,1394,1302,1335,1390,1389,1391,1395],"class_list":["post-33329","product","type-product","status-publish","has-post-thumbnail","hentry","category-liquid-analysis","tag-ammonia-nitrogen-tester","tag-cod-analyzer","tag-environmental-monitoring-instrument","tag-field-water-quality-tester","tag-heavy-metals-water-testing","tag-industrial-wastewater-testing","tag-instrava-water-meter","tag-multi-parameter-water-analyzer","tag-on-site-water-testing","tag-portable-water-analyzer","tag-portable-water-quality-meter","tag-total-nitrogen-meter","tag-total-phosphorus-meter","tag-turbidity-tester","tag-water-quality-detection-instrument"],"acf":[],"yoast_head":"<!-- This site is optimized with the Yoast SEO plugin v27.4 - https:\/\/yoast.com\/product\/yoast-seo-wordpress\/ -->\n<title>Portable Multi-Parameter Water Quality Instruments - Instrava<\/title>\n<meta name=\"description\" content=\"Instrava portable multi-Parameter water quality instruments provides rapid, field-ready testing for COD, ammonia nitrogen, total phosphorus, total nitrogen, turbidity, suspended solids, color, heavy metals, and other pollutants.\" \/>\n<meta name=\"robots\" content=\"index, follow, max-snippet:-1, max-image-preview:large, max-video-preview:-1\" \/>\n<link rel=\"canonical\" href=\"https:\/\/instrava.com\/fr\/produit\/instruments-portables-multiparametres-de-mesure-de-la-qualite-de-leau\/\" \/>\n<meta property=\"og:locale\" content=\"fr_FR\" \/>\n<meta property=\"og:type\" content=\"article\" \/>\n<meta property=\"og:title\" content=\"Portable Multi-Parameter Water Quality Instruments - Instrava\" \/>\n<meta property=\"og:description\" content=\"Instrava portable multi-Parameter water quality instruments provides rapid, field-ready testing for COD, ammonia nitrogen, total phosphorus, total nitrogen, turbidity, suspended solids, color, heavy metals, and other pollutants.\" \/>\n<meta property=\"og:url\" content=\"https:\/\/instrava.com\/fr\/produit\/instruments-portables-multiparametres-de-mesure-de-la-qualite-de-leau\/\" \/>\n<meta property=\"og:site_name\" content=\"Instrava\" \/>\n<meta property=\"article:modified_time\" content=\"2026-03-25T09:16:03+00:00\" \/>\n<meta property=\"og:image\" content=\"https:\/\/instrava.com\/wp-content\/uploads\/2026\/03\/multi-parameter-water-quality-meter.webp\" \/>\n\t<meta property=\"og:image:width\" content=\"750\" \/>\n\t<meta property=\"og:image:height\" content=\"750\" \/>\n\t<meta property=\"og:image:type\" content=\"image\/webp\" \/>\n<meta name=\"twitter:card\" content=\"summary_large_image\" \/>\n<meta name=\"twitter:label1\" content=\"Dur\u00e9e de lecture estim\u00e9e\" \/>\n\t<meta name=\"twitter:data1\" content=\"1 minute\" \/>\n<script type=\"application\/ld+json\" class=\"yoast-schema-graph\">{\"@context\":\"https:\\\/\\\/schema.org\",\"@graph\":[{\"@type\":\"WebPage\",\"@id\":\"https:\\\/\\\/instrava.com\\\/product\\\/portable-multi-parameter-water-quality-instruments\\\/\",\"url\":\"https:\\\/\\\/instrava.com\\\/product\\\/portable-multi-parameter-water-quality-instruments\\\/\",\"name\":\"Portable Multi-Parameter Water Quality Instruments - Instrava\",\"isPartOf\":{\"@id\":\"https:\\\/\\\/instrava.com\\\/#website\"},\"primaryImageOfPage\":{\"@id\":\"https:\\\/\\\/instrava.com\\\/product\\\/portable-multi-parameter-water-quality-instruments\\\/#primaryimage\"},\"image\":{\"@id\":\"https:\\\/\\\/instrava.com\\\/product\\\/portable-multi-parameter-water-quality-instruments\\\/#primaryimage\"},\"thumbnailUrl\":\"https:\\\/\\\/instrava.com\\\/wp-content\\\/uploads\\\/2026\\\/03\\\/multi-parameter-water-quality-meter.webp\",\"datePublished\":\"2026-03-07T07:37:54+00:00\",\"dateModified\":\"2026-03-25T09:16:03+00:00\",\"description\":\"Instrava portable multi-Parameter water quality instruments provides rapid, field-ready testing for COD, ammonia nitrogen, total phosphorus, total nitrogen, turbidity, suspended solids, color, heavy metals, and other pollutants.\",\"breadcrumb\":{\"@id\":\"https:\\\/\\\/instrava.com\\\/product\\\/portable-multi-parameter-water-quality-instruments\\\/#breadcrumb\"},\"inLanguage\":\"fr-FR\",\"potentialAction\":[{\"@type\":\"ReadAction\",\"target\":[\"https:\\\/\\\/instrava.com\\\/product\\\/portable-multi-parameter-water-quality-instruments\\\/\"]}]},{\"@type\":\"ImageObject\",\"inLanguage\":\"fr-FR\",\"@id\":\"https:\\\/\\\/instrava.com\\\/product\\\/portable-multi-parameter-water-quality-instruments\\\/#primaryimage\",\"url\":\"https:\\\/\\\/instrava.com\\\/wp-content\\\/uploads\\\/2026\\\/03\\\/multi-parameter-water-quality-meter.webp\",\"contentUrl\":\"https:\\\/\\\/instrava.com\\\/wp-content\\\/uploads\\\/2026\\\/03\\\/multi-parameter-water-quality-meter.webp\",\"width\":750,\"height\":750,\"caption\":\"Portable multi-parameter water quality meter with the protective case open, showing reagent sample module and touchscreen display interface.\"},{\"@type\":\"BreadcrumbList\",\"@id\":\"https:\\\/\\\/instrava.com\\\/product\\\/portable-multi-parameter-water-quality-instruments\\\/#breadcrumb\",\"itemListElement\":[{\"@type\":\"ListItem\",\"position\":1,\"name\":\"Home\",\"item\":\"https:\\\/\\\/instrava.com\\\/\"},{\"@type\":\"ListItem\",\"position\":2,\"name\":\"Products\",\"item\":\"https:\\\/\\\/instrava.com\\\/product\\\/\"},{\"@type\":\"ListItem\",\"position\":3,\"name\":\"Liquid Analysis\",\"item\":\"https:\\\/\\\/instrava.com\\\/category\\\/liquid-analysis\\\/\"},{\"@type\":\"ListItem\",\"position\":4,\"name\":\"Portable Multi-Parameter Water Quality Instruments\"}]},{\"@type\":\"WebSite\",\"@id\":\"https:\\\/\\\/instrava.com\\\/#website\",\"url\":\"https:\\\/\\\/instrava.com\\\/\",\"name\":\"instrava.com\",\"description\":\"\",\"publisher\":{\"@id\":\"https:\\\/\\\/instrava.com\\\/#organization\"},\"potentialAction\":[{\"@type\":\"SearchAction\",\"target\":{\"@type\":\"EntryPoint\",\"urlTemplate\":\"https:\\\/\\\/instrava.com\\\/?s={search_term_string}\"},\"query-input\":{\"@type\":\"PropertyValueSpecification\",\"valueRequired\":true,\"valueName\":\"search_term_string\"}}],\"inLanguage\":\"fr-FR\"},{\"@type\":\"Organization\",\"@id\":\"https:\\\/\\\/instrava.com\\\/#organization\",\"name\":\"instrava.com\",\"url\":\"https:\\\/\\\/instrava.com\\\/\",\"logo\":{\"@type\":\"ImageObject\",\"inLanguage\":\"fr-FR\",\"@id\":\"https:\\\/\\\/instrava.com\\\/#\\\/schema\\\/logo\\\/image\\\/\",\"url\":\"https:\\\/\\\/instrava.com\\\/wp-content\\\/uploads\\\/2024\\\/03\\\/in-strava-Instruments-and-meters.png\",\"contentUrl\":\"https:\\\/\\\/instrava.com\\\/wp-content\\\/uploads\\\/2024\\\/03\\\/in-strava-Instruments-and-meters.png\",\"width\":288,\"height\":59,\"caption\":\"instrava.com\"},\"image\":{\"@id\":\"https:\\\/\\\/instrava.com\\\/#\\\/schema\\\/logo\\\/image\\\/\"}}]}<\/script>\n<!-- \/ Yoast SEO plugin. -->","yoast_head_json":{"title":"Instruments portables multiparam\u00e8tres pour la qualit\u00e9 de l'eau - Instrava","description":"Les instruments portables multiparam\u00e8tres Instrava pour la qualit\u00e9 de l'eau permettent d'effectuer rapidement des tests sur le terrain pour la DCO, l'azote ammoniacal, le phosphore total, l'azote total, la turbidit\u00e9, les solides en suspension, la couleur, les m\u00e9taux lourds et d'autres polluants.","robots":{"index":"index","follow":"follow","max-snippet":"max-snippet:-1","max-image-preview":"max-image-preview:large","max-video-preview":"max-video-preview:-1"},"canonical":"https:\/\/instrava.com\/fr\/produit\/instruments-portables-multiparametres-de-mesure-de-la-qualite-de-leau\/","og_locale":"fr_FR","og_type":"article","og_title":"Portable Multi-Parameter Water Quality Instruments - Instrava","og_description":"Instrava portable multi-Parameter water quality instruments provides rapid, field-ready testing for COD, ammonia nitrogen, total phosphorus, total nitrogen, turbidity, suspended solids, color, heavy metals, and other pollutants.","og_url":"https:\/\/instrava.com\/fr\/produit\/instruments-portables-multiparametres-de-mesure-de-la-qualite-de-leau\/","og_site_name":"Instrava","article_modified_time":"2026-03-25T09:16:03+00:00","og_image":[{"width":750,"height":750,"url":"https:\/\/instrava.com\/wp-content\/uploads\/2026\/03\/multi-parameter-water-quality-meter.webp","type":"image\/webp"}],"twitter_card":"summary_large_image","twitter_misc":{"Dur\u00e9e de lecture estim\u00e9e":"1 minute"},"schema":{"@context":"https:\/\/schema.org","@graph":[{"@type":"WebPage","@id":"https:\/\/instrava.com\/product\/portable-multi-parameter-water-quality-instruments\/","url":"https:\/\/instrava.com\/product\/portable-multi-parameter-water-quality-instruments\/","name":"Instruments portables multiparam\u00e8tres pour la qualit\u00e9 de l'eau - Instrava","isPartOf":{"@id":"https:\/\/instrava.com\/#website"},"primaryImageOfPage":{"@id":"https:\/\/instrava.com\/product\/portable-multi-parameter-water-quality-instruments\/#primaryimage"},"image":{"@id":"https:\/\/instrava.com\/product\/portable-multi-parameter-water-quality-instruments\/#primaryimage"},"thumbnailUrl":"https:\/\/instrava.com\/wp-content\/uploads\/2026\/03\/multi-parameter-water-quality-meter.webp","datePublished":"2026-03-07T07:37:54+00:00","dateModified":"2026-03-25T09:16:03+00:00","description":"Les instruments portables multiparam\u00e8tres Instrava pour la qualit\u00e9 de l'eau permettent d'effectuer rapidement des tests sur le terrain pour la DCO, l'azote ammoniacal, le phosphore total, l'azote total, la turbidit\u00e9, les solides en suspension, la couleur, les m\u00e9taux lourds et d'autres polluants.","breadcrumb":{"@id":"https:\/\/instrava.com\/product\/portable-multi-parameter-water-quality-instruments\/#breadcrumb"},"inLanguage":"fr-FR","potentialAction":[{"@type":"ReadAction","target":["https:\/\/instrava.com\/product\/portable-multi-parameter-water-quality-instruments\/"]}]},{"@type":"ImageObject","inLanguage":"fr-FR","@id":"https:\/\/instrava.com\/product\/portable-multi-parameter-water-quality-instruments\/#primaryimage","url":"https:\/\/instrava.com\/wp-content\/uploads\/2026\/03\/multi-parameter-water-quality-meter.webp","contentUrl":"https:\/\/instrava.com\/wp-content\/uploads\/2026\/03\/multi-parameter-water-quality-meter.webp","width":750,"height":750,"caption":"Portable multi-parameter water quality meter with the protective case open, showing reagent sample module and touchscreen display interface."},{"@type":"BreadcrumbList","@id":"https:\/\/instrava.com\/product\/portable-multi-parameter-water-quality-instruments\/#breadcrumb","itemListElement":[{"@type":"ListItem","position":1,"name":"Home","item":"https:\/\/instrava.com\/"},{"@type":"ListItem","position":2,"name":"Products","item":"https:\/\/instrava.com\/product\/"},{"@type":"ListItem","position":3,"name":"Liquid Analysis","item":"https:\/\/instrava.com\/category\/liquid-analysis\/"},{"@type":"ListItem","position":4,"name":"Portable Multi-Parameter Water Quality Instruments"}]},{"@type":"WebSite","@id":"https:\/\/instrava.com\/#website","url":"https:\/\/instrava.com\/","name":"instrava.com","description":"","publisher":{"@id":"https:\/\/instrava.com\/#organization"},"potentialAction":[{"@type":"SearchAction","target":{"@type":"EntryPoint","urlTemplate":"https:\/\/instrava.com\/?s={search_term_string}"},"query-input":{"@type":"PropertyValueSpecification","valueRequired":true,"valueName":"search_term_string"}}],"inLanguage":"fr-FR"},{"@type":"Organization","@id":"https:\/\/instrava.com\/#organization","name":"instrava.com","url":"https:\/\/instrava.com\/","logo":{"@type":"ImageObject","inLanguage":"fr-FR","@id":"https:\/\/instrava.com\/#\/schema\/logo\/image\/","url":"https:\/\/instrava.com\/wp-content\/uploads\/2024\/03\/in-strava-Instruments-and-meters.png","contentUrl":"https:\/\/instrava.com\/wp-content\/uploads\/2024\/03\/in-strava-Instruments-and-meters.png","width":288,"height":59,"caption":"instrava.com"},"image":{"@id":"https:\/\/instrava.com\/#\/schema\/logo\/image\/"}}]}},"_links":{"self":[{"href":"https:\/\/instrava.com\/fr\/wp-json\/wp\/v2\/product\/33329","targetHints":{"allow":["GET"]}}],"collection":[{"href":"https:\/\/instrava.com\/fr\/wp-json\/wp\/v2\/product"}],"about":[{"href":"https:\/\/instrava.com\/fr\/wp-json\/wp\/v2\/types\/product"}],"version-history":[{"count":0,"href":"https:\/\/instrava.com\/fr\/wp-json\/wp\/v2\/product\/33329\/revisions"}],"wp:featuredmedia":[{"embeddable":true,"href":"https:\/\/instrava.com\/fr\/wp-json\/wp\/v2\/media\/33328"}],"wp:attachment":[{"href":"https:\/\/instrava.com\/fr\/wp-json\/wp\/v2\/media?parent=33329"}],"wp:term":[{"taxonomy":"category","embeddable":true,"href":"https:\/\/instrava.com\/fr\/wp-json\/wp\/v2\/categories?post=33329"},{"taxonomy":"post_tag","embeddable":true,"href":"https:\/\/instrava.com\/fr\/wp-json\/wp\/v2\/tags?post=33329"}],"curies":[{"name":"wp","href":"https:\/\/api.w.org\/{rel}","templated":true}]}}