{"id":33452,"date":"2026-03-13T05:09:08","date_gmt":"2026-03-13T05:09:08","guid":{"rendered":"https:\/\/instrava.com\/?post_type=product&#038;p=33452"},"modified":"2026-03-25T09:17:38","modified_gmt":"2026-03-25T09:17:38","slug":"detecteur-multigaz-portatif","status":"publish","type":"product","link":"https:\/\/instrava.com\/fr\/produit\/detecteur-multigaz-portatif\/","title":{"rendered":"D\u00e9tecteur multigaz portatif"},"content":{"rendered":"","protected":false},"excerpt":{"rendered":"","protected":false},"featured_media":33451,"template":"","categories":[61,248],"tags":[1445,1424,1441,1447,1442,1425,1444,1443,410,1446,1408],"class_list":["post-33452","product","type-product","status-publish","has-post-thumbnail","hentry","category-gas-detectors","category-portable-gas-detector","tag-co2-gas-detector","tag-handheld-gas-detector","tag-handheld-multi-gas-detector","tag-industrial-gas-safety-detector","tag-industrial-handheld-gas-detector","tag-instrava-gas-detector","tag-lel-gas-detector","tag-multi-gas-detector-with-data-logging","tag-oxygen-gas-detector","tag-portable-gas-monitor","tag-portable-multi-gas-detector"],"acf":[],"yoast_head":"<!-- This site is optimized with the Yoast SEO plugin v27.5 - https:\/\/yoast.com\/product\/yoast-seo-wordpress\/ -->\n<title>Handheld Multi Gas Detector - Instrava<\/title>\n<meta name=\"description\" content=\"Instrava handheld multi gas detector provides fast detection of LEL, O\u2082 and CO\u2082 with advanced sensors, large data storage, USB export and automatic screen rotation.\" \/>\n<meta name=\"robots\" content=\"index, follow, max-snippet:-1, max-image-preview:large, max-video-preview:-1\" \/>\n<link rel=\"canonical\" href=\"https:\/\/instrava.com\/fr\/produit\/detecteur-multigaz-portatif\/\" \/>\n<meta property=\"og:locale\" content=\"fr_FR\" \/>\n<meta property=\"og:type\" content=\"article\" \/>\n<meta property=\"og:title\" content=\"Handheld Multi Gas Detector - Instrava\" \/>\n<meta property=\"og:description\" content=\"Instrava handheld multi gas detector provides fast detection of LEL, O\u2082 and CO\u2082 with advanced sensors, large data storage, USB export and automatic screen rotation.\" \/>\n<meta property=\"og:url\" content=\"https:\/\/instrava.com\/fr\/produit\/detecteur-multigaz-portatif\/\" \/>\n<meta property=\"og:site_name\" content=\"Instrava\" \/>\n<meta property=\"article:modified_time\" content=\"2026-03-25T09:17:38+00:00\" \/>\n<meta property=\"og:image\" content=\"https:\/\/instrava.com\/wp-content\/uploads\/2026\/03\/handheld-multi-gas-detector.webp\" \/>\n\t<meta property=\"og:image:width\" content=\"750\" \/>\n\t<meta property=\"og:image:height\" content=\"750\" \/>\n\t<meta property=\"og:image:type\" content=\"image\/webp\" \/>\n<meta name=\"twitter:card\" content=\"summary_large_image\" \/>\n<meta name=\"twitter:label1\" content=\"Dur\u00e9e de lecture estim\u00e9e\" \/>\n\t<meta name=\"twitter:data1\" content=\"1 minute\" \/>\n<script type=\"application\/ld+json\" class=\"yoast-schema-graph\">{\"@context\":\"https:\\\/\\\/schema.org\",\"@graph\":[{\"@type\":\"WebPage\",\"@id\":\"https:\\\/\\\/instrava.com\\\/product\\\/handheld-multi-gas-detector\\\/\",\"url\":\"https:\\\/\\\/instrava.com\\\/product\\\/handheld-multi-gas-detector\\\/\",\"name\":\"Handheld Multi Gas Detector - Instrava\",\"isPartOf\":{\"@id\":\"https:\\\/\\\/instrava.com\\\/#website\"},\"primaryImageOfPage\":{\"@id\":\"https:\\\/\\\/instrava.com\\\/product\\\/handheld-multi-gas-detector\\\/#primaryimage\"},\"image\":{\"@id\":\"https:\\\/\\\/instrava.com\\\/product\\\/handheld-multi-gas-detector\\\/#primaryimage\"},\"thumbnailUrl\":\"https:\\\/\\\/instrava.com\\\/wp-content\\\/uploads\\\/2026\\\/03\\\/handheld-multi-gas-detector.webp\",\"datePublished\":\"2026-03-13T05:09:08+00:00\",\"dateModified\":\"2026-03-25T09:17:38+00:00\",\"description\":\"Instrava handheld multi gas detector provides fast detection of LEL, O\u2082 and CO\u2082 with advanced sensors, large data storage, USB export and automatic screen rotation.\",\"breadcrumb\":{\"@id\":\"https:\\\/\\\/instrava.com\\\/product\\\/handheld-multi-gas-detector\\\/#breadcrumb\"},\"inLanguage\":\"fr-FR\",\"potentialAction\":[{\"@type\":\"ReadAction\",\"target\":[\"https:\\\/\\\/instrava.com\\\/product\\\/handheld-multi-gas-detector\\\/\"]}]},{\"@type\":\"ImageObject\",\"inLanguage\":\"fr-FR\",\"@id\":\"https:\\\/\\\/instrava.com\\\/product\\\/handheld-multi-gas-detector\\\/#primaryimage\",\"url\":\"https:\\\/\\\/instrava.com\\\/wp-content\\\/uploads\\\/2026\\\/03\\\/handheld-multi-gas-detector.webp\",\"contentUrl\":\"https:\\\/\\\/instrava.com\\\/wp-content\\\/uploads\\\/2026\\\/03\\\/handheld-multi-gas-detector.webp\",\"width\":750,\"height\":750,\"caption\":\"Instrava portable handheld multi gas detector front structure view.\"},{\"@type\":\"BreadcrumbList\",\"@id\":\"https:\\\/\\\/instrava.com\\\/product\\\/handheld-multi-gas-detector\\\/#breadcrumb\",\"itemListElement\":[{\"@type\":\"ListItem\",\"position\":1,\"name\":\"Home\",\"item\":\"https:\\\/\\\/instrava.com\\\/\"},{\"@type\":\"ListItem\",\"position\":2,\"name\":\"Products\",\"item\":\"https:\\\/\\\/instrava.com\\\/product\\\/\"},{\"@type\":\"ListItem\",\"position\":3,\"name\":\"Gas Detectors\",\"item\":\"https:\\\/\\\/instrava.com\\\/category\\\/gas-detectors\\\/\"},{\"@type\":\"ListItem\",\"position\":4,\"name\":\"Handheld Multi Gas Detector\"}]},{\"@type\":\"WebSite\",\"@id\":\"https:\\\/\\\/instrava.com\\\/#website\",\"url\":\"https:\\\/\\\/instrava.com\\\/\",\"name\":\"instrava.com\",\"description\":\"\",\"publisher\":{\"@id\":\"https:\\\/\\\/instrava.com\\\/#organization\"},\"potentialAction\":[{\"@type\":\"SearchAction\",\"target\":{\"@type\":\"EntryPoint\",\"urlTemplate\":\"https:\\\/\\\/instrava.com\\\/?s={search_term_string}\"},\"query-input\":{\"@type\":\"PropertyValueSpecification\",\"valueRequired\":true,\"valueName\":\"search_term_string\"}}],\"inLanguage\":\"fr-FR\"},{\"@type\":\"Organization\",\"@id\":\"https:\\\/\\\/instrava.com\\\/#organization\",\"name\":\"instrava.com\",\"url\":\"https:\\\/\\\/instrava.com\\\/\",\"logo\":{\"@type\":\"ImageObject\",\"inLanguage\":\"fr-FR\",\"@id\":\"https:\\\/\\\/instrava.com\\\/#\\\/schema\\\/logo\\\/image\\\/\",\"url\":\"https:\\\/\\\/instrava.com\\\/wp-content\\\/uploads\\\/2024\\\/03\\\/in-strava-Instruments-and-meters.png\",\"contentUrl\":\"https:\\\/\\\/instrava.com\\\/wp-content\\\/uploads\\\/2024\\\/03\\\/in-strava-Instruments-and-meters.png\",\"width\":288,\"height\":59,\"caption\":\"instrava.com\"},\"image\":{\"@id\":\"https:\\\/\\\/instrava.com\\\/#\\\/schema\\\/logo\\\/image\\\/\"}}]}<\/script>\n<!-- \/ Yoast SEO plugin. -->","yoast_head_json":{"title":"D\u00e9tecteur multigaz portatif - Instrava","description":"Le d\u00e9tecteur multigaz portable Instrava permet une d\u00e9tection rapide de la LIE, de l'O\u2082 et du CO\u2082 gr\u00e2ce \u00e0 des capteurs avanc\u00e9s, une grande capacit\u00e9 de stockage des donn\u00e9es, une exportation USB et une rotation automatique de l'\u00e9cran.","robots":{"index":"index","follow":"follow","max-snippet":"max-snippet:-1","max-image-preview":"max-image-preview:large","max-video-preview":"max-video-preview:-1"},"canonical":"https:\/\/instrava.com\/fr\/produit\/detecteur-multigaz-portatif\/","og_locale":"fr_FR","og_type":"article","og_title":"Handheld Multi Gas Detector - Instrava","og_description":"Instrava handheld multi gas detector provides fast detection of LEL, O\u2082 and CO\u2082 with advanced sensors, large data storage, USB export and automatic screen rotation.","og_url":"https:\/\/instrava.com\/fr\/produit\/detecteur-multigaz-portatif\/","og_site_name":"Instrava","article_modified_time":"2026-03-25T09:17:38+00:00","og_image":[{"width":750,"height":750,"url":"https:\/\/instrava.com\/wp-content\/uploads\/2026\/03\/handheld-multi-gas-detector.webp","type":"image\/webp"}],"twitter_card":"summary_large_image","twitter_misc":{"Dur\u00e9e de lecture estim\u00e9e":"1 minute"},"schema":{"@context":"https:\/\/schema.org","@graph":[{"@type":"WebPage","@id":"https:\/\/instrava.com\/product\/handheld-multi-gas-detector\/","url":"https:\/\/instrava.com\/product\/handheld-multi-gas-detector\/","name":"D\u00e9tecteur multigaz portatif - Instrava","isPartOf":{"@id":"https:\/\/instrava.com\/#website"},"primaryImageOfPage":{"@id":"https:\/\/instrava.com\/product\/handheld-multi-gas-detector\/#primaryimage"},"image":{"@id":"https:\/\/instrava.com\/product\/handheld-multi-gas-detector\/#primaryimage"},"thumbnailUrl":"https:\/\/instrava.com\/wp-content\/uploads\/2026\/03\/handheld-multi-gas-detector.webp","datePublished":"2026-03-13T05:09:08+00:00","dateModified":"2026-03-25T09:17:38+00:00","description":"Le d\u00e9tecteur multigaz portable Instrava permet une d\u00e9tection rapide de la LIE, de l'O\u2082 et du CO\u2082 gr\u00e2ce \u00e0 des capteurs avanc\u00e9s, une grande capacit\u00e9 de stockage des donn\u00e9es, une exportation USB et une rotation automatique de l'\u00e9cran.","breadcrumb":{"@id":"https:\/\/instrava.com\/product\/handheld-multi-gas-detector\/#breadcrumb"},"inLanguage":"fr-FR","potentialAction":[{"@type":"ReadAction","target":["https:\/\/instrava.com\/product\/handheld-multi-gas-detector\/"]}]},{"@type":"ImageObject","inLanguage":"fr-FR","@id":"https:\/\/instrava.com\/product\/handheld-multi-gas-detector\/#primaryimage","url":"https:\/\/instrava.com\/wp-content\/uploads\/2026\/03\/handheld-multi-gas-detector.webp","contentUrl":"https:\/\/instrava.com\/wp-content\/uploads\/2026\/03\/handheld-multi-gas-detector.webp","width":750,"height":750,"caption":"Instrava portable handheld multi gas detector front structure view."},{"@type":"BreadcrumbList","@id":"https:\/\/instrava.com\/product\/handheld-multi-gas-detector\/#breadcrumb","itemListElement":[{"@type":"ListItem","position":1,"name":"Home","item":"https:\/\/instrava.com\/"},{"@type":"ListItem","position":2,"name":"Products","item":"https:\/\/instrava.com\/product\/"},{"@type":"ListItem","position":3,"name":"Gas Detectors","item":"https:\/\/instrava.com\/category\/gas-detectors\/"},{"@type":"ListItem","position":4,"name":"Handheld Multi Gas Detector"}]},{"@type":"WebSite","@id":"https:\/\/instrava.com\/#website","url":"https:\/\/instrava.com\/","name":"instrava.com","description":"","publisher":{"@id":"https:\/\/instrava.com\/#organization"},"potentialAction":[{"@type":"SearchAction","target":{"@type":"EntryPoint","urlTemplate":"https:\/\/instrava.com\/?s={search_term_string}"},"query-input":{"@type":"PropertyValueSpecification","valueRequired":true,"valueName":"search_term_string"}}],"inLanguage":"fr-FR"},{"@type":"Organization","@id":"https:\/\/instrava.com\/#organization","name":"instrava.com","url":"https:\/\/instrava.com\/","logo":{"@type":"ImageObject","inLanguage":"fr-FR","@id":"https:\/\/instrava.com\/#\/schema\/logo\/image\/","url":"https:\/\/instrava.com\/wp-content\/uploads\/2024\/03\/in-strava-Instruments-and-meters.png","contentUrl":"https:\/\/instrava.com\/wp-content\/uploads\/2024\/03\/in-strava-Instruments-and-meters.png","width":288,"height":59,"caption":"instrava.com"},"image":{"@id":"https:\/\/instrava.com\/#\/schema\/logo\/image\/"}}]}},"_links":{"self":[{"href":"https:\/\/instrava.com\/fr\/wp-json\/wp\/v2\/product\/33452","targetHints":{"allow":["GET"]}}],"collection":[{"href":"https:\/\/instrava.com\/fr\/wp-json\/wp\/v2\/product"}],"about":[{"href":"https:\/\/instrava.com\/fr\/wp-json\/wp\/v2\/types\/product"}],"version-history":[{"count":0,"href":"https:\/\/instrava.com\/fr\/wp-json\/wp\/v2\/product\/33452\/revisions"}],"wp:featuredmedia":[{"embeddable":true,"href":"https:\/\/instrava.com\/fr\/wp-json\/wp\/v2\/media\/33451"}],"wp:attachment":[{"href":"https:\/\/instrava.com\/fr\/wp-json\/wp\/v2\/media?parent=33452"}],"wp:term":[{"taxonomy":"category","embeddable":true,"href":"https:\/\/instrava.com\/fr\/wp-json\/wp\/v2\/categories?post=33452"},{"taxonomy":"post_tag","embeddable":true,"href":"https:\/\/instrava.com\/fr\/wp-json\/wp\/v2\/tags?post=33452"}],"curies":[{"name":"wp","href":"https:\/\/api.w.org\/{rel}","templated":true}]}}