{"id":34145,"date":"2026-03-28T03:15:08","date_gmt":"2026-03-28T03:15:08","guid":{"rendered":"https:\/\/instrava.com\/?post_type=product&#038;p=34145"},"modified":"2026-03-28T03:15:08","modified_gmt":"2026-03-28T03:15:08","slug":"debitmetre-de-gaz-pour-la-mesure-du-biogaz-naturel","status":"publish","type":"product","link":"https:\/\/instrava.com\/fr\/produit\/debitmetre-de-gaz-pour-la-mesure-du-biogaz-naturel\/","title":{"rendered":"D\u00e9bitm\u00e8tre de gaz pour la mesure du biogaz et du gaz naturel"},"content":{"rendered":"","protected":false},"excerpt":{"rendered":"","protected":false},"featured_media":34141,"template":"","categories":[59,127],"tags":[1906,630,1907,1904,1902],"class_list":["post-34145","product","type-product","status-publish","has-post-thumbnail","hentry","category-flowmeter","category-velocity_type_volumetric_flow_meter","tag-biogas-flow-meter","tag-gas-flow-meter","tag-methane-gas-measurement","tag-natural-gas-flow-meter","tag-ultrasonic-gas-flow-meter"],"acf":[],"yoast_head":"<!-- This site is optimized with the Yoast SEO plugin v27.4 - https:\/\/yoast.com\/product\/yoast-seo-wordpress\/ -->\n<title>Gas Flow Meter for Biogas &amp; Natural Gas Measurement - Instrava<\/title>\n<meta name=\"description\" content=\"High accuracy gas flow meter with methane concentration measurement for biogas plants and natural gas systems. Corrosion resistant, low maintenance, OEM supported.\" \/>\n<meta name=\"robots\" content=\"index, follow, max-snippet:-1, max-image-preview:large, max-video-preview:-1\" \/>\n<link rel=\"canonical\" href=\"https:\/\/instrava.com\/fr\/produit\/debitmetre-de-gaz-pour-la-mesure-du-biogaz-naturel\/\" \/>\n<meta property=\"og:locale\" content=\"fr_FR\" \/>\n<meta property=\"og:type\" content=\"article\" \/>\n<meta property=\"og:title\" content=\"Gas Flow Meter for Biogas &amp; Natural Gas Measurement - Instrava\" \/>\n<meta property=\"og:description\" content=\"High accuracy gas flow meter with methane concentration measurement for biogas plants and natural gas systems. Corrosion resistant, low maintenance, OEM supported.\" \/>\n<meta property=\"og:url\" content=\"https:\/\/instrava.com\/fr\/produit\/debitmetre-de-gaz-pour-la-mesure-du-biogaz-naturel\/\" \/>\n<meta property=\"og:site_name\" content=\"Instrava\" \/>\n<meta property=\"og:image\" content=\"https:\/\/instrava.com\/wp-content\/uploads\/2026\/03\/gas-flow-meter.webp\" \/>\n\t<meta property=\"og:image:width\" content=\"750\" \/>\n\t<meta property=\"og:image:height\" content=\"750\" \/>\n\t<meta property=\"og:image:type\" content=\"image\/webp\" \/>\n<meta name=\"twitter:card\" content=\"summary_large_image\" \/>\n<meta name=\"twitter:label1\" content=\"Dur\u00e9e de lecture estim\u00e9e\" \/>\n\t<meta name=\"twitter:data1\" content=\"1 minute\" \/>\n<script type=\"application\/ld+json\" class=\"yoast-schema-graph\">{\"@context\":\"https:\\\/\\\/schema.org\",\"@graph\":[{\"@type\":\"WebPage\",\"@id\":\"https:\\\/\\\/instrava.com\\\/product\\\/gas-flow-meter-for-biogas-natural-gas-measurement\\\/\",\"url\":\"https:\\\/\\\/instrava.com\\\/product\\\/gas-flow-meter-for-biogas-natural-gas-measurement\\\/\",\"name\":\"Gas Flow Meter for Biogas & Natural Gas Measurement - Instrava\",\"isPartOf\":{\"@id\":\"https:\\\/\\\/instrava.com\\\/#website\"},\"primaryImageOfPage\":{\"@id\":\"https:\\\/\\\/instrava.com\\\/product\\\/gas-flow-meter-for-biogas-natural-gas-measurement\\\/#primaryimage\"},\"image\":{\"@id\":\"https:\\\/\\\/instrava.com\\\/product\\\/gas-flow-meter-for-biogas-natural-gas-measurement\\\/#primaryimage\"},\"thumbnailUrl\":\"https:\\\/\\\/instrava.com\\\/wp-content\\\/uploads\\\/2026\\\/03\\\/gas-flow-meter.webp\",\"datePublished\":\"2026-03-28T03:15:08+00:00\",\"description\":\"High accuracy gas flow meter with methane concentration measurement for biogas plants and natural gas systems. Corrosion resistant, low maintenance, OEM supported.\",\"breadcrumb\":{\"@id\":\"https:\\\/\\\/instrava.com\\\/product\\\/gas-flow-meter-for-biogas-natural-gas-measurement\\\/#breadcrumb\"},\"inLanguage\":\"fr-FR\",\"potentialAction\":[{\"@type\":\"ReadAction\",\"target\":[\"https:\\\/\\\/instrava.com\\\/product\\\/gas-flow-meter-for-biogas-natural-gas-measurement\\\/\"]}]},{\"@type\":\"ImageObject\",\"inLanguage\":\"fr-FR\",\"@id\":\"https:\\\/\\\/instrava.com\\\/product\\\/gas-flow-meter-for-biogas-natural-gas-measurement\\\/#primaryimage\",\"url\":\"https:\\\/\\\/instrava.com\\\/wp-content\\\/uploads\\\/2026\\\/03\\\/gas-flow-meter.webp\",\"contentUrl\":\"https:\\\/\\\/instrava.com\\\/wp-content\\\/uploads\\\/2026\\\/03\\\/gas-flow-meter.webp\",\"width\":750,\"height\":750,\"caption\":\"Industrial gas flow meter for continuous online measurement in pipelines.\"},{\"@type\":\"BreadcrumbList\",\"@id\":\"https:\\\/\\\/instrava.com\\\/product\\\/gas-flow-meter-for-biogas-natural-gas-measurement\\\/#breadcrumb\",\"itemListElement\":[{\"@type\":\"ListItem\",\"position\":1,\"name\":\"Home\",\"item\":\"https:\\\/\\\/instrava.com\\\/\"},{\"@type\":\"ListItem\",\"position\":2,\"name\":\"Products\",\"item\":\"https:\\\/\\\/instrava.com\\\/product\\\/\"},{\"@type\":\"ListItem\",\"position\":3,\"name\":\"Flowmeter\",\"item\":\"https:\\\/\\\/instrava.com\\\/category\\\/flowmeter\\\/\"},{\"@type\":\"ListItem\",\"position\":4,\"name\":\"Gas Flow Meter for Biogas &#038; Natural Gas Measurement\"}]},{\"@type\":\"WebSite\",\"@id\":\"https:\\\/\\\/instrava.com\\\/#website\",\"url\":\"https:\\\/\\\/instrava.com\\\/\",\"name\":\"instrava.com\",\"description\":\"\",\"publisher\":{\"@id\":\"https:\\\/\\\/instrava.com\\\/#organization\"},\"potentialAction\":[{\"@type\":\"SearchAction\",\"target\":{\"@type\":\"EntryPoint\",\"urlTemplate\":\"https:\\\/\\\/instrava.com\\\/?s={search_term_string}\"},\"query-input\":{\"@type\":\"PropertyValueSpecification\",\"valueRequired\":true,\"valueName\":\"search_term_string\"}}],\"inLanguage\":\"fr-FR\"},{\"@type\":\"Organization\",\"@id\":\"https:\\\/\\\/instrava.com\\\/#organization\",\"name\":\"instrava.com\",\"url\":\"https:\\\/\\\/instrava.com\\\/\",\"logo\":{\"@type\":\"ImageObject\",\"inLanguage\":\"fr-FR\",\"@id\":\"https:\\\/\\\/instrava.com\\\/#\\\/schema\\\/logo\\\/image\\\/\",\"url\":\"https:\\\/\\\/instrava.com\\\/wp-content\\\/uploads\\\/2024\\\/03\\\/in-strava-Instruments-and-meters.png\",\"contentUrl\":\"https:\\\/\\\/instrava.com\\\/wp-content\\\/uploads\\\/2024\\\/03\\\/in-strava-Instruments-and-meters.png\",\"width\":288,\"height\":59,\"caption\":\"instrava.com\"},\"image\":{\"@id\":\"https:\\\/\\\/instrava.com\\\/#\\\/schema\\\/logo\\\/image\\\/\"}}]}<\/script>\n<!-- \/ Yoast SEO plugin. -->","yoast_head_json":{"title":"D\u00e9bitm\u00e8tre de gaz pour la mesure du biogaz et du gaz naturel - Instrava","description":"D\u00e9bitm\u00e8tre de gaz de haute pr\u00e9cision avec mesure de la concentration de m\u00e9thane pour les installations de biogaz et les syst\u00e8mes de gaz naturel. R\u00e9sistant \u00e0 la corrosion, peu d'entretien, prise en charge par les OEM.","robots":{"index":"index","follow":"follow","max-snippet":"max-snippet:-1","max-image-preview":"max-image-preview:large","max-video-preview":"max-video-preview:-1"},"canonical":"https:\/\/instrava.com\/fr\/produit\/debitmetre-de-gaz-pour-la-mesure-du-biogaz-naturel\/","og_locale":"fr_FR","og_type":"article","og_title":"Gas Flow Meter for Biogas & Natural Gas Measurement - Instrava","og_description":"High accuracy gas flow meter with methane concentration measurement for biogas plants and natural gas systems. Corrosion resistant, low maintenance, OEM supported.","og_url":"https:\/\/instrava.com\/fr\/produit\/debitmetre-de-gaz-pour-la-mesure-du-biogaz-naturel\/","og_site_name":"Instrava","og_image":[{"width":750,"height":750,"url":"https:\/\/instrava.com\/wp-content\/uploads\/2026\/03\/gas-flow-meter.webp","type":"image\/webp"}],"twitter_card":"summary_large_image","twitter_misc":{"Dur\u00e9e de lecture estim\u00e9e":"1 minute"},"schema":{"@context":"https:\/\/schema.org","@graph":[{"@type":"WebPage","@id":"https:\/\/instrava.com\/product\/gas-flow-meter-for-biogas-natural-gas-measurement\/","url":"https:\/\/instrava.com\/product\/gas-flow-meter-for-biogas-natural-gas-measurement\/","name":"D\u00e9bitm\u00e8tre de gaz pour la mesure du biogaz et du gaz naturel - Instrava","isPartOf":{"@id":"https:\/\/instrava.com\/#website"},"primaryImageOfPage":{"@id":"https:\/\/instrava.com\/product\/gas-flow-meter-for-biogas-natural-gas-measurement\/#primaryimage"},"image":{"@id":"https:\/\/instrava.com\/product\/gas-flow-meter-for-biogas-natural-gas-measurement\/#primaryimage"},"thumbnailUrl":"https:\/\/instrava.com\/wp-content\/uploads\/2026\/03\/gas-flow-meter.webp","datePublished":"2026-03-28T03:15:08+00:00","description":"D\u00e9bitm\u00e8tre de gaz de haute pr\u00e9cision avec mesure de la concentration de m\u00e9thane pour les installations de biogaz et les syst\u00e8mes de gaz naturel. R\u00e9sistant \u00e0 la corrosion, peu d'entretien, prise en charge par les OEM.","breadcrumb":{"@id":"https:\/\/instrava.com\/product\/gas-flow-meter-for-biogas-natural-gas-measurement\/#breadcrumb"},"inLanguage":"fr-FR","potentialAction":[{"@type":"ReadAction","target":["https:\/\/instrava.com\/product\/gas-flow-meter-for-biogas-natural-gas-measurement\/"]}]},{"@type":"ImageObject","inLanguage":"fr-FR","@id":"https:\/\/instrava.com\/product\/gas-flow-meter-for-biogas-natural-gas-measurement\/#primaryimage","url":"https:\/\/instrava.com\/wp-content\/uploads\/2026\/03\/gas-flow-meter.webp","contentUrl":"https:\/\/instrava.com\/wp-content\/uploads\/2026\/03\/gas-flow-meter.webp","width":750,"height":750,"caption":"Industrial gas flow meter for continuous online measurement in pipelines."},{"@type":"BreadcrumbList","@id":"https:\/\/instrava.com\/product\/gas-flow-meter-for-biogas-natural-gas-measurement\/#breadcrumb","itemListElement":[{"@type":"ListItem","position":1,"name":"Home","item":"https:\/\/instrava.com\/"},{"@type":"ListItem","position":2,"name":"Products","item":"https:\/\/instrava.com\/product\/"},{"@type":"ListItem","position":3,"name":"Flowmeter","item":"https:\/\/instrava.com\/category\/flowmeter\/"},{"@type":"ListItem","position":4,"name":"Gas Flow Meter for Biogas &#038; Natural Gas Measurement"}]},{"@type":"WebSite","@id":"https:\/\/instrava.com\/#website","url":"https:\/\/instrava.com\/","name":"instrava.com","description":"","publisher":{"@id":"https:\/\/instrava.com\/#organization"},"potentialAction":[{"@type":"SearchAction","target":{"@type":"EntryPoint","urlTemplate":"https:\/\/instrava.com\/?s={search_term_string}"},"query-input":{"@type":"PropertyValueSpecification","valueRequired":true,"valueName":"search_term_string"}}],"inLanguage":"fr-FR"},{"@type":"Organization","@id":"https:\/\/instrava.com\/#organization","name":"instrava.com","url":"https:\/\/instrava.com\/","logo":{"@type":"ImageObject","inLanguage":"fr-FR","@id":"https:\/\/instrava.com\/#\/schema\/logo\/image\/","url":"https:\/\/instrava.com\/wp-content\/uploads\/2024\/03\/in-strava-Instruments-and-meters.png","contentUrl":"https:\/\/instrava.com\/wp-content\/uploads\/2024\/03\/in-strava-Instruments-and-meters.png","width":288,"height":59,"caption":"instrava.com"},"image":{"@id":"https:\/\/instrava.com\/#\/schema\/logo\/image\/"}}]}},"_links":{"self":[{"href":"https:\/\/instrava.com\/fr\/wp-json\/wp\/v2\/product\/34145","targetHints":{"allow":["GET"]}}],"collection":[{"href":"https:\/\/instrava.com\/fr\/wp-json\/wp\/v2\/product"}],"about":[{"href":"https:\/\/instrava.com\/fr\/wp-json\/wp\/v2\/types\/product"}],"version-history":[{"count":0,"href":"https:\/\/instrava.com\/fr\/wp-json\/wp\/v2\/product\/34145\/revisions"}],"wp:featuredmedia":[{"embeddable":true,"href":"https:\/\/instrava.com\/fr\/wp-json\/wp\/v2\/media\/34141"}],"wp:attachment":[{"href":"https:\/\/instrava.com\/fr\/wp-json\/wp\/v2\/media?parent=34145"}],"wp:term":[{"taxonomy":"category","embeddable":true,"href":"https:\/\/instrava.com\/fr\/wp-json\/wp\/v2\/categories?post=34145"},{"taxonomy":"post_tag","embeddable":true,"href":"https:\/\/instrava.com\/fr\/wp-json\/wp\/v2\/tags?post=34145"}],"curies":[{"name":"wp","href":"https:\/\/api.w.org\/{rel}","templated":true}]}}